{"id":952,"date":"2013-01-21T23:59:45","date_gmt":"2013-01-21T20:59:45","guid":{"rendered":"https:\/\/catlin.ee\/projects\/torupilli-jussi-trio\/"},"modified":"2023-10-14T04:39:05","modified_gmt":"2023-10-14T01:39:05","slug":"torupilli-jussi-trio","status":"publish","type":"page","link":"https:\/\/catlin.ee\/en\/projects\/torupilli-jussi-trio\/","title":{"rendered":"Torupilli Jussi Trio"},"content":{"rendered":"<div class=\"wpb-content-wrapper\"><p>[vc_row][vc_column][vc_column_text]<strong>C\u00e4tlin M\u00e4gi<\/strong> \u2013 Estonian bagpipe, Jew\u2019s harp, vocals, whistle<\/p>\n<p><strong>Karoliina Kreintaal<\/strong> \u2013 fiddle, talharpa, vocals<\/p>\n<p><strong>Marko M\u00e4gi<\/strong> \u2013 soprano and tenor saxophone[\/vc_column_text][\/vc_column][\/vc_row][vc_row][vc_column width=&#8221;1\/2&#8243;][vc_video link=&#8221;https:\/\/www.youtube.com\/watch?v=153Q3hpYz9c&#8221;][\/vc_column][vc_column width=&#8221;1\/2&#8243;][vc_video link=&#8221;https:\/\/www.youtube.com\/watch?v=ztuqRVqx1ds&#8221;][\/vc_column][\/vc_row][vc_row][vc_column][vc_column_text]Most Estonians have probably never heard of Torupilli Juss (Bagpipe Juss) aka Juhan Maaker according to his passport. Despite that, this gentleman from Hiiumaa who lived in the beginning of the 20th century played an extremely important role in Estonian traditional music. He was such an important person that a contemporary band decided to name itself after him \u2013 Torupilli Jussi Trio.<\/p>\n<p>Estonian traditional music band Torupilli Jussi Trio plays mainly traditional bagpipe tunes and\u00a0saxophone adds a modern sound to the bagpipe and fiddle while the underlying soundscape remains primeval and bagpipe-centred.\u00a0The group plays energetic and unique dance songs from the repertoires of the bagpipe king Juss from Hiiumaa and his contemporaries. The emphasis is on authenticity and bringing the crazy atmosphere that Juss used to create at his concerts back to life.<\/p>\n<p><a href=\"https:\/\/drive.google.com\/drive\/folders\/1f5_busyLAO6dXbeNe3vdf2QRedMXhfYm?usp=sharing\" target=\"_blank\" rel=\"noopener noreferrer\">T O R U P I L L I \u00a0 J U S S I \u00a0 T R I O \u00a0 \u00a0P H O T O S (to download)<\/a><\/p>\n<p><a href=\"https:\/\/drive.google.com\/file\/d\/10X_zDXr2bwv_aimCGmayGrhzkx_JhIVM\/view?usp=share_link\">T O R U P I L L I \u00a0 J U S S I \u00a0 T R I O \u00a0 R I D E R (to download)<\/a>[\/vc_column_text][\/vc_column][\/vc_row][vc_row][vc_column][vc_video link=&#8221;https:\/\/www.youtube.com\/watch?v=nnYuCPXIAqQ&#8221;][\/vc_column][\/vc_row]<\/p>\n<\/div>","protected":false},"excerpt":{"rendered":"<p>[vc_row][vc_column][vc_column_text]C\u00e4tlin M\u00e4gi \u2013 Estonian bagpipe, Jew\u2019s harp, vocals, whistle Karoliina Kreintaal \u2013 fiddle, talharpa, vocals Marko M\u00e4gi \u2013 soprano and&#8230;<\/p>\n","protected":false},"author":2,"featured_media":2604,"parent":838,"menu_order":3,"comment_status":"open","ping_status":"closed","template":"","meta":{"_exactmetrics_skip_tracking":false,"_exactmetrics_sitenote_active":false,"_exactmetrics_sitenote_note":"","_exactmetrics_sitenote_category":0,"jetpack_post_was_ever_published":false,"footnotes":""},"class_list":["post-952","page","type-page","status-publish","has-post-thumbnail","hentry"],"yoast_head":"<!-- This site is optimized with the Yoast SEO plugin v27.3 - https:\/\/yoast.com\/product\/yoast-seo-wordpress\/ -->\n<title>Torupilli Jussi Trio - C\u00e4tlin M\u00e4gi<\/title>\n<meta name=\"description\" content=\"Torupilli Jussi Trio\" \/>\n<meta name=\"robots\" content=\"index, follow, max-snippet:-1, max-image-preview:large, max-video-preview:-1\" \/>\n<link rel=\"canonical\" href=\"https:\/\/catlin.ee\/en\/projects\/torupilli-jussi-trio\/\" \/>\n<meta property=\"og:locale\" content=\"en_US\" \/>\n<meta property=\"og:type\" content=\"article\" \/>\n<meta property=\"og:title\" content=\"Torupilli Jussi Trio - C\u00e4tlin M\u00e4gi\" \/>\n<meta property=\"og:description\" content=\"Torupilli Jussi Trio\" \/>\n<meta property=\"og:url\" content=\"https:\/\/catlin.ee\/en\/projects\/torupilli-jussi-trio\/\" \/>\n<meta property=\"og:site_name\" content=\"C\u00e4tlin M\u00e4gi\" \/>\n<meta property=\"article:modified_time\" content=\"2023-10-14T01:39:05+00:00\" \/>\n<meta property=\"og:image\" content=\"https:\/\/catlin.ee\/wp-content\/uploads\/2023\/10\/Torupilli-Jussi-Trio.jpg\" \/>\n\t<meta property=\"og:image:width\" content=\"1\" \/>\n\t<meta property=\"og:image:height\" content=\"1\" \/>\n\t<meta property=\"og:image:type\" content=\"image\/jpeg\" \/>\n<meta name=\"twitter:card\" content=\"summary_large_image\" \/>\n<meta name=\"twitter:label1\" content=\"Est. reading time\" \/>\n\t<meta name=\"twitter:data1\" content=\"2 minutes\" \/>\n<script type=\"application\/ld+json\" class=\"yoast-schema-graph\">{\"@context\":\"https:\\\/\\\/schema.org\",\"@graph\":[{\"@type\":\"WebPage\",\"@id\":\"https:\\\/\\\/catlin.ee\\\/en\\\/projects\\\/torupilli-jussi-trio\\\/\",\"url\":\"https:\\\/\\\/catlin.ee\\\/en\\\/projects\\\/torupilli-jussi-trio\\\/\",\"name\":\"Torupilli Jussi Trio - C\u00e4tlin M\u00e4gi\",\"isPartOf\":{\"@id\":\"https:\\\/\\\/catlin.ee\\\/#website\"},\"primaryImageOfPage\":{\"@id\":\"https:\\\/\\\/catlin.ee\\\/en\\\/projects\\\/torupilli-jussi-trio\\\/#primaryimage\"},\"image\":{\"@id\":\"https:\\\/\\\/catlin.ee\\\/en\\\/projects\\\/torupilli-jussi-trio\\\/#primaryimage\"},\"thumbnailUrl\":\"https:\\\/\\\/catlin.ee\\\/wp-content\\\/uploads\\\/2023\\\/10\\\/Torupilli-Jussi-Trio.jpg\",\"datePublished\":\"2013-01-21T20:59:45+00:00\",\"dateModified\":\"2023-10-14T01:39:05+00:00\",\"description\":\"Torupilli Jussi Trio\",\"breadcrumb\":{\"@id\":\"https:\\\/\\\/catlin.ee\\\/en\\\/projects\\\/torupilli-jussi-trio\\\/#breadcrumb\"},\"inLanguage\":\"en-US\",\"potentialAction\":[{\"@type\":\"ReadAction\",\"target\":[\"https:\\\/\\\/catlin.ee\\\/en\\\/projects\\\/torupilli-jussi-trio\\\/\"]}]},{\"@type\":\"ImageObject\",\"inLanguage\":\"en-US\",\"@id\":\"https:\\\/\\\/catlin.ee\\\/en\\\/projects\\\/torupilli-jussi-trio\\\/#primaryimage\",\"url\":\"https:\\\/\\\/catlin.ee\\\/wp-content\\\/uploads\\\/2023\\\/10\\\/Torupilli-Jussi-Trio.jpg\",\"contentUrl\":\"https:\\\/\\\/catlin.ee\\\/wp-content\\\/uploads\\\/2023\\\/10\\\/Torupilli-Jussi-Trio.jpg\"},{\"@type\":\"BreadcrumbList\",\"@id\":\"https:\\\/\\\/catlin.ee\\\/en\\\/projects\\\/torupilli-jussi-trio\\\/#breadcrumb\",\"itemListElement\":[{\"@type\":\"ListItem\",\"position\":1,\"name\":\"Home\",\"item\":\"https:\\\/\\\/catlin.ee\\\/\"},{\"@type\":\"ListItem\",\"position\":2,\"name\":\"Projects\",\"item\":\"https:\\\/\\\/catlin.ee\\\/en\\\/projects\\\/\"},{\"@type\":\"ListItem\",\"position\":3,\"name\":\"Torupilli Jussi Trio\"}]},{\"@type\":\"WebSite\",\"@id\":\"https:\\\/\\\/catlin.ee\\\/#website\",\"url\":\"https:\\\/\\\/catlin.ee\\\/\",\"name\":\"C\u00e4tlin M\u00e4gi\",\"description\":\"C\u00e4tlin M\u00e4gi on \u00fcks simapaistvamaid eeskujusid eesti p\u00e4rimusmuusika maastikul\",\"alternateName\":\"CM\",\"potentialAction\":[{\"@type\":\"SearchAction\",\"target\":{\"@type\":\"EntryPoint\",\"urlTemplate\":\"https:\\\/\\\/catlin.ee\\\/?s={search_term_string}\"},\"query-input\":{\"@type\":\"PropertyValueSpecification\",\"valueRequired\":true,\"valueName\":\"search_term_string\"}}],\"inLanguage\":\"en-US\"}]}<\/script>\n<!-- \/ Yoast SEO plugin. -->","yoast_head_json":{"title":"Torupilli Jussi Trio - C\u00e4tlin M\u00e4gi","description":"Torupilli Jussi Trio","robots":{"index":"index","follow":"follow","max-snippet":"max-snippet:-1","max-image-preview":"max-image-preview:large","max-video-preview":"max-video-preview:-1"},"canonical":"https:\/\/catlin.ee\/en\/projects\/torupilli-jussi-trio\/","og_locale":"en_US","og_type":"article","og_title":"Torupilli Jussi Trio - C\u00e4tlin M\u00e4gi","og_description":"Torupilli Jussi Trio","og_url":"https:\/\/catlin.ee\/en\/projects\/torupilli-jussi-trio\/","og_site_name":"C\u00e4tlin M\u00e4gi","article_modified_time":"2023-10-14T01:39:05+00:00","og_image":[{"url":"https:\/\/catlin.ee\/wp-content\/uploads\/2023\/10\/Torupilli-Jussi-Trio.jpg","width":1,"height":1,"type":"image\/jpeg"}],"twitter_card":"summary_large_image","twitter_misc":{"Est. reading time":"2 minutes"},"schema":{"@context":"https:\/\/schema.org","@graph":[{"@type":"WebPage","@id":"https:\/\/catlin.ee\/en\/projects\/torupilli-jussi-trio\/","url":"https:\/\/catlin.ee\/en\/projects\/torupilli-jussi-trio\/","name":"Torupilli Jussi Trio - C\u00e4tlin M\u00e4gi","isPartOf":{"@id":"https:\/\/catlin.ee\/#website"},"primaryImageOfPage":{"@id":"https:\/\/catlin.ee\/en\/projects\/torupilli-jussi-trio\/#primaryimage"},"image":{"@id":"https:\/\/catlin.ee\/en\/projects\/torupilli-jussi-trio\/#primaryimage"},"thumbnailUrl":"https:\/\/catlin.ee\/wp-content\/uploads\/2023\/10\/Torupilli-Jussi-Trio.jpg","datePublished":"2013-01-21T20:59:45+00:00","dateModified":"2023-10-14T01:39:05+00:00","description":"Torupilli Jussi Trio","breadcrumb":{"@id":"https:\/\/catlin.ee\/en\/projects\/torupilli-jussi-trio\/#breadcrumb"},"inLanguage":"en-US","potentialAction":[{"@type":"ReadAction","target":["https:\/\/catlin.ee\/en\/projects\/torupilli-jussi-trio\/"]}]},{"@type":"ImageObject","inLanguage":"en-US","@id":"https:\/\/catlin.ee\/en\/projects\/torupilli-jussi-trio\/#primaryimage","url":"https:\/\/catlin.ee\/wp-content\/uploads\/2023\/10\/Torupilli-Jussi-Trio.jpg","contentUrl":"https:\/\/catlin.ee\/wp-content\/uploads\/2023\/10\/Torupilli-Jussi-Trio.jpg"},{"@type":"BreadcrumbList","@id":"https:\/\/catlin.ee\/en\/projects\/torupilli-jussi-trio\/#breadcrumb","itemListElement":[{"@type":"ListItem","position":1,"name":"Home","item":"https:\/\/catlin.ee\/"},{"@type":"ListItem","position":2,"name":"Projects","item":"https:\/\/catlin.ee\/en\/projects\/"},{"@type":"ListItem","position":3,"name":"Torupilli Jussi Trio"}]},{"@type":"WebSite","@id":"https:\/\/catlin.ee\/#website","url":"https:\/\/catlin.ee\/","name":"C\u00e4tlin M\u00e4gi","description":"C\u00e4tlin M\u00e4gi on \u00fcks simapaistvamaid eeskujusid eesti p\u00e4rimusmuusika maastikul","alternateName":"CM","potentialAction":[{"@type":"SearchAction","target":{"@type":"EntryPoint","urlTemplate":"https:\/\/catlin.ee\/?s={search_term_string}"},"query-input":{"@type":"PropertyValueSpecification","valueRequired":true,"valueName":"search_term_string"}}],"inLanguage":"en-US"}]}},"jetpack_sharing_enabled":true,"jetpack_shortlink":"https:\/\/wp.me\/P5m405-fm","_links":{"self":[{"href":"https:\/\/catlin.ee\/en\/wp-json\/wp\/v2\/pages\/952","targetHints":{"allow":["GET"]}}],"collection":[{"href":"https:\/\/catlin.ee\/en\/wp-json\/wp\/v2\/pages"}],"about":[{"href":"https:\/\/catlin.ee\/en\/wp-json\/wp\/v2\/types\/page"}],"author":[{"embeddable":true,"href":"https:\/\/catlin.ee\/en\/wp-json\/wp\/v2\/users\/2"}],"replies":[{"embeddable":true,"href":"https:\/\/catlin.ee\/en\/wp-json\/wp\/v2\/comments?post=952"}],"version-history":[{"count":16,"href":"https:\/\/catlin.ee\/en\/wp-json\/wp\/v2\/pages\/952\/revisions"}],"predecessor-version":[{"id":2601,"href":"https:\/\/catlin.ee\/en\/wp-json\/wp\/v2\/pages\/952\/revisions\/2601"}],"up":[{"embeddable":true,"href":"https:\/\/catlin.ee\/en\/wp-json\/wp\/v2\/pages\/838"}],"wp:featuredmedia":[{"embeddable":true,"href":"https:\/\/catlin.ee\/en\/wp-json\/wp\/v2\/media\/2604"}],"wp:attachment":[{"href":"https:\/\/catlin.ee\/en\/wp-json\/wp\/v2\/media?parent=952"}],"curies":[{"name":"wp","href":"https:\/\/api.w.org\/{rel}","templated":true}]}}