{"id":838,"date":"2017-03-08T14:38:00","date_gmt":"2017-03-08T11:38:00","guid":{"rendered":"https:\/\/catlin.ee\/?page_id=838\/"},"modified":"2020-01-04T08:36:33","modified_gmt":"2020-01-04T05:36:33","slug":"projects","status":"publish","type":"page","link":"https:\/\/catlin.ee\/en\/projects\/","title":{"rendered":"Projects"},"content":{"rendered":"<div class=\"wpb-content-wrapper\"><p>[vc_row][vc_column width=&#8221;1\/3&#8243;][vc_column_text]<\/p>\n<div id=\"attachment_1466\" style=\"width: 1410px\" class=\"wp-caption alignleft\"><a href=\"https:\/\/catlin.ee\/en\/projects\/jews-harp\/\"><img loading=\"lazy\" decoding=\"async\" aria-describedby=\"caption-attachment-1466\" class=\"size-full wp-image-1466\" src=\"https:\/\/catlin.ee\/wp-content\/uploads\/2020\/01\/3.jpg\" alt=\"Solo Jew's Harp\" width=\"1400\" height=\"1400\" srcset=\"https:\/\/catlin.ee\/wp-content\/uploads\/2020\/01\/3.jpg 1400w, https:\/\/catlin.ee\/wp-content\/uploads\/2020\/01\/3-300x300.jpg 300w, https:\/\/catlin.ee\/wp-content\/uploads\/2020\/01\/3-1024x1024.jpg 1024w, https:\/\/catlin.ee\/wp-content\/uploads\/2020\/01\/3-150x150.jpg 150w, https:\/\/catlin.ee\/wp-content\/uploads\/2020\/01\/3-768x768.jpg 768w, https:\/\/catlin.ee\/wp-content\/uploads\/2020\/01\/3-110x110.jpg 110w, https:\/\/catlin.ee\/wp-content\/uploads\/2020\/01\/3-1100x1100.jpg 1100w, https:\/\/catlin.ee\/wp-content\/uploads\/2020\/01\/3-468x468.jpg 468w, https:\/\/catlin.ee\/wp-content\/uploads\/2020\/01\/3-502x502.jpg 502w\" sizes=\"auto, (max-width: 1400px) 100vw, 1400px\" \/><\/a><p id=\"caption-attachment-1466\" class=\"wp-caption-text\">Solo Jew&#8217;s Harp<\/p><\/div>\n<p>[\/vc_column_text][\/vc_column][vc_column width=&#8221;1\/3&#8243;][vc_column_text]<\/p>\n<div id=\"attachment_1464\" style=\"width: 1410px\" class=\"wp-caption alignleft\"><a href=\"https:\/\/catlin.ee\/en\/solo-bagpipe\/\"><img loading=\"lazy\" decoding=\"async\" aria-describedby=\"caption-attachment-1464\" class=\"size-full wp-image-1464\" src=\"https:\/\/catlin.ee\/wp-content\/uploads\/2020\/01\/2.jpg\" alt=\"Solo Bagpipe\" width=\"1400\" height=\"1400\" srcset=\"https:\/\/catlin.ee\/wp-content\/uploads\/2020\/01\/2.jpg 1400w, https:\/\/catlin.ee\/wp-content\/uploads\/2020\/01\/2-300x300.jpg 300w, https:\/\/catlin.ee\/wp-content\/uploads\/2020\/01\/2-1024x1024.jpg 1024w, https:\/\/catlin.ee\/wp-content\/uploads\/2020\/01\/2-150x150.jpg 150w, https:\/\/catlin.ee\/wp-content\/uploads\/2020\/01\/2-768x768.jpg 768w, https:\/\/catlin.ee\/wp-content\/uploads\/2020\/01\/2-110x110.jpg 110w, https:\/\/catlin.ee\/wp-content\/uploads\/2020\/01\/2-1100x1100.jpg 1100w, https:\/\/catlin.ee\/wp-content\/uploads\/2020\/01\/2-468x468.jpg 468w, https:\/\/catlin.ee\/wp-content\/uploads\/2020\/01\/2-502x502.jpg 502w\" sizes=\"auto, (max-width: 1400px) 100vw, 1400px\" \/><\/a><p id=\"caption-attachment-1464\" class=\"wp-caption-text\">Solo Bagpipe<\/p><\/div>\n<p>[\/vc_column_text][\/vc_column][vc_column width=&#8221;1\/3&#8243;][vc_column_text]<\/p>\n<div id=\"attachment_1445\" style=\"width: 1410px\" class=\"wp-caption alignleft\"><a href=\"https:\/\/catlin.ee\/en\/projects\/torupilli-jussi-trio\/\"><img loading=\"lazy\" decoding=\"async\" aria-describedby=\"caption-attachment-1445\" class=\"size-full wp-image-1445\" src=\"https:\/\/catlin.ee\/wp-content\/uploads\/2013\/12\/2.jpg\" alt=\"Torupilli Jussi Trio\" width=\"1400\" height=\"1400\" \/><\/a><p id=\"caption-attachment-1445\" class=\"wp-caption-text\">Torupilli Jussi Trio<\/p><\/div>\n<p>[\/vc_column_text][\/vc_column][\/vc_row][vc_row][vc_column width=&#8221;1\/2&#8243;][vc_column_text]<\/p>\n<div id=\"attachment_1472\" style=\"width: 1410px\" class=\"wp-caption alignleft\"><a href=\"https:\/\/catlin.ee\/en\/projects\/rotoro\/\"><img loading=\"lazy\" decoding=\"async\" aria-describedby=\"caption-attachment-1472\" class=\"size-full wp-image-1472\" src=\"https:\/\/catlin.ee\/wp-content\/uploads\/2013\/12\/Torupilli-Jussi-Trio-3.jpg\" alt=\"RO:TORO\" width=\"1400\" height=\"1400\" srcset=\"https:\/\/catlin.ee\/wp-content\/uploads\/2013\/12\/Torupilli-Jussi-Trio-3.jpg 1400w, https:\/\/catlin.ee\/wp-content\/uploads\/2013\/12\/Torupilli-Jussi-Trio-3-150x150.jpg 150w, https:\/\/catlin.ee\/wp-content\/uploads\/2013\/12\/Torupilli-Jussi-Trio-3-300x300.jpg 300w, https:\/\/catlin.ee\/wp-content\/uploads\/2013\/12\/Torupilli-Jussi-Trio-3-768x768.jpg 768w, https:\/\/catlin.ee\/wp-content\/uploads\/2013\/12\/Torupilli-Jussi-Trio-3-1024x1024.jpg 1024w, https:\/\/catlin.ee\/wp-content\/uploads\/2013\/12\/Torupilli-Jussi-Trio-3-110x110.jpg 110w, https:\/\/catlin.ee\/wp-content\/uploads\/2013\/12\/Torupilli-Jussi-Trio-3-1100x1100.jpg 1100w, https:\/\/catlin.ee\/wp-content\/uploads\/2013\/12\/Torupilli-Jussi-Trio-3-468x468.jpg 468w, https:\/\/catlin.ee\/wp-content\/uploads\/2013\/12\/Torupilli-Jussi-Trio-3-502x502.jpg 502w\" sizes=\"auto, (max-width: 1400px) 100vw, 1400px\" \/><\/a><p id=\"caption-attachment-1472\" class=\"wp-caption-text\">RO:TORO<\/p><\/div>\n<p>[\/vc_column_text][\/vc_column][vc_column width=&#8221;1\/2&#8243;][vc_column_text]<\/p>\n<div id=\"attachment_1454\" style=\"width: 1410px\" class=\"wp-caption alignleft\"><a href=\"https:\/\/catlin.ee\/en\/projects\/jews-harp-workshop\/\"><img loading=\"lazy\" decoding=\"async\" aria-describedby=\"caption-attachment-1454\" class=\"size-full wp-image-1454\" src=\"https:\/\/catlin.ee\/wp-content\/uploads\/2020\/01\/4.png\" alt=\"Jew's Harp workshop\" width=\"1400\" height=\"1400\" srcset=\"https:\/\/catlin.ee\/wp-content\/uploads\/2020\/01\/4.png 1400w, https:\/\/catlin.ee\/wp-content\/uploads\/2020\/01\/4-300x300.png 300w, https:\/\/catlin.ee\/wp-content\/uploads\/2020\/01\/4-1024x1024.png 1024w, https:\/\/catlin.ee\/wp-content\/uploads\/2020\/01\/4-150x150.png 150w, https:\/\/catlin.ee\/wp-content\/uploads\/2020\/01\/4-768x768.png 768w, https:\/\/catlin.ee\/wp-content\/uploads\/2020\/01\/4-110x110.png 110w, https:\/\/catlin.ee\/wp-content\/uploads\/2020\/01\/4-1100x1100.png 1100w, https:\/\/catlin.ee\/wp-content\/uploads\/2020\/01\/4-468x468.png 468w, https:\/\/catlin.ee\/wp-content\/uploads\/2020\/01\/4-502x502.png 502w\" sizes=\"auto, (max-width: 1400px) 100vw, 1400px\" \/><\/a><p id=\"caption-attachment-1454\" class=\"wp-caption-text\">Jew&#8217;s Harp workshop<\/p><\/div>\n<p>[\/vc_column_text][\/vc_column][\/vc_row]<\/p>\n<\/div>","protected":false},"excerpt":{"rendered":"<p>[vc_row][vc_column width=&#8221;1\/3&#8243;][vc_column_text] [\/vc_column_text][\/vc_column][vc_column width=&#8221;1\/3&#8243;][vc_column_text] [\/vc_column_text][\/vc_column][vc_column width=&#8221;1\/3&#8243;][vc_column_text] [\/vc_column_text][\/vc_column][\/vc_row][vc_row][vc_column width=&#8221;1\/2&#8243;][vc_column_text] [\/vc_column_text][\/vc_column][vc_column width=&#8221;1\/2&#8243;][vc_column_text] [\/vc_column_text][\/vc_column][\/vc_row]<\/p>\n","protected":false},"author":1,"featured_media":0,"parent":0,"menu_order":0,"comment_status":"open","ping_status":"closed","template":"","meta":{"_exactmetrics_skip_tracking":false,"_exactmetrics_sitenote_active":false,"_exactmetrics_sitenote_note":"","_exactmetrics_sitenote_category":0,"jetpack_post_was_ever_published":false,"footnotes":""},"class_list":["post-838","page","type-page","status-publish","hentry"],"yoast_head":"<!-- This site is optimized with the Yoast SEO plugin v27.3 - https:\/\/yoast.com\/product\/yoast-seo-wordpress\/ -->\n<title>Projects - C\u00e4tlin M\u00e4gi<\/title>\n<meta name=\"description\" content=\"Projects\" \/>\n<meta name=\"robots\" content=\"index, follow, max-snippet:-1, max-image-preview:large, max-video-preview:-1\" \/>\n<link rel=\"canonical\" href=\"https:\/\/catlin.ee\/en\/projects\/\" \/>\n<meta property=\"og:locale\" content=\"en_US\" \/>\n<meta property=\"og:type\" content=\"article\" \/>\n<meta property=\"og:title\" content=\"Projects - C\u00e4tlin M\u00e4gi\" \/>\n<meta property=\"og:description\" content=\"Projects\" \/>\n<meta property=\"og:url\" content=\"https:\/\/catlin.ee\/en\/projects\/\" \/>\n<meta property=\"og:site_name\" content=\"C\u00e4tlin M\u00e4gi\" \/>\n<meta property=\"article:modified_time\" content=\"2020-01-04T05:36:33+00:00\" \/>\n<meta property=\"og:image\" content=\"https:\/\/catlin.ee\/wp-content\/uploads\/2020\/01\/3.jpg\" \/>\n<meta name=\"twitter:card\" content=\"summary_large_image\" \/>\n<meta name=\"twitter:label1\" content=\"Est. reading time\" \/>\n\t<meta name=\"twitter:data1\" content=\"1 minute\" \/>\n<script type=\"application\/ld+json\" class=\"yoast-schema-graph\">{\"@context\":\"https:\\\/\\\/schema.org\",\"@graph\":[{\"@type\":\"WebPage\",\"@id\":\"https:\\\/\\\/catlin.ee\\\/en\\\/projects\\\/\",\"url\":\"https:\\\/\\\/catlin.ee\\\/en\\\/projects\\\/\",\"name\":\"Projects - C\u00e4tlin M\u00e4gi\",\"isPartOf\":{\"@id\":\"https:\\\/\\\/catlin.ee\\\/#website\"},\"primaryImageOfPage\":{\"@id\":\"https:\\\/\\\/catlin.ee\\\/en\\\/projects\\\/#primaryimage\"},\"image\":{\"@id\":\"https:\\\/\\\/catlin.ee\\\/en\\\/projects\\\/#primaryimage\"},\"thumbnailUrl\":\"https:\\\/\\\/catlin.ee\\\/wp-content\\\/uploads\\\/2020\\\/01\\\/3.jpg\",\"datePublished\":\"2017-03-08T11:38:00+00:00\",\"dateModified\":\"2020-01-04T05:36:33+00:00\",\"description\":\"Projects\",\"breadcrumb\":{\"@id\":\"https:\\\/\\\/catlin.ee\\\/en\\\/projects\\\/#breadcrumb\"},\"inLanguage\":\"en-US\",\"potentialAction\":[{\"@type\":\"ReadAction\",\"target\":[\"https:\\\/\\\/catlin.ee\\\/en\\\/projects\\\/\"]}]},{\"@type\":\"ImageObject\",\"inLanguage\":\"en-US\",\"@id\":\"https:\\\/\\\/catlin.ee\\\/en\\\/projects\\\/#primaryimage\",\"url\":\"https:\\\/\\\/catlin.ee\\\/wp-content\\\/uploads\\\/2020\\\/01\\\/3.jpg\",\"contentUrl\":\"https:\\\/\\\/catlin.ee\\\/wp-content\\\/uploads\\\/2020\\\/01\\\/3.jpg\"},{\"@type\":\"BreadcrumbList\",\"@id\":\"https:\\\/\\\/catlin.ee\\\/en\\\/projects\\\/#breadcrumb\",\"itemListElement\":[{\"@type\":\"ListItem\",\"position\":1,\"name\":\"Home\",\"item\":\"https:\\\/\\\/catlin.ee\\\/\"},{\"@type\":\"ListItem\",\"position\":2,\"name\":\"Projects\"}]},{\"@type\":\"WebSite\",\"@id\":\"https:\\\/\\\/catlin.ee\\\/#website\",\"url\":\"https:\\\/\\\/catlin.ee\\\/\",\"name\":\"C\u00e4tlin M\u00e4gi\",\"description\":\"C\u00e4tlin M\u00e4gi on \u00fcks simapaistvamaid eeskujusid eesti p\u00e4rimusmuusika maastikul\",\"alternateName\":\"CM\",\"potentialAction\":[{\"@type\":\"SearchAction\",\"target\":{\"@type\":\"EntryPoint\",\"urlTemplate\":\"https:\\\/\\\/catlin.ee\\\/?s={search_term_string}\"},\"query-input\":{\"@type\":\"PropertyValueSpecification\",\"valueRequired\":true,\"valueName\":\"search_term_string\"}}],\"inLanguage\":\"en-US\"}]}<\/script>\n<!-- \/ Yoast SEO plugin. -->","yoast_head_json":{"title":"Projects - C\u00e4tlin M\u00e4gi","description":"Projects","robots":{"index":"index","follow":"follow","max-snippet":"max-snippet:-1","max-image-preview":"max-image-preview:large","max-video-preview":"max-video-preview:-1"},"canonical":"https:\/\/catlin.ee\/en\/projects\/","og_locale":"en_US","og_type":"article","og_title":"Projects - C\u00e4tlin M\u00e4gi","og_description":"Projects","og_url":"https:\/\/catlin.ee\/en\/projects\/","og_site_name":"C\u00e4tlin M\u00e4gi","article_modified_time":"2020-01-04T05:36:33+00:00","og_image":[{"url":"https:\/\/catlin.ee\/wp-content\/uploads\/2020\/01\/3.jpg","type":"","width":"","height":""}],"twitter_card":"summary_large_image","twitter_misc":{"Est. reading time":"1 minute"},"schema":{"@context":"https:\/\/schema.org","@graph":[{"@type":"WebPage","@id":"https:\/\/catlin.ee\/en\/projects\/","url":"https:\/\/catlin.ee\/en\/projects\/","name":"Projects - C\u00e4tlin M\u00e4gi","isPartOf":{"@id":"https:\/\/catlin.ee\/#website"},"primaryImageOfPage":{"@id":"https:\/\/catlin.ee\/en\/projects\/#primaryimage"},"image":{"@id":"https:\/\/catlin.ee\/en\/projects\/#primaryimage"},"thumbnailUrl":"https:\/\/catlin.ee\/wp-content\/uploads\/2020\/01\/3.jpg","datePublished":"2017-03-08T11:38:00+00:00","dateModified":"2020-01-04T05:36:33+00:00","description":"Projects","breadcrumb":{"@id":"https:\/\/catlin.ee\/en\/projects\/#breadcrumb"},"inLanguage":"en-US","potentialAction":[{"@type":"ReadAction","target":["https:\/\/catlin.ee\/en\/projects\/"]}]},{"@type":"ImageObject","inLanguage":"en-US","@id":"https:\/\/catlin.ee\/en\/projects\/#primaryimage","url":"https:\/\/catlin.ee\/wp-content\/uploads\/2020\/01\/3.jpg","contentUrl":"https:\/\/catlin.ee\/wp-content\/uploads\/2020\/01\/3.jpg"},{"@type":"BreadcrumbList","@id":"https:\/\/catlin.ee\/en\/projects\/#breadcrumb","itemListElement":[{"@type":"ListItem","position":1,"name":"Home","item":"https:\/\/catlin.ee\/"},{"@type":"ListItem","position":2,"name":"Projects"}]},{"@type":"WebSite","@id":"https:\/\/catlin.ee\/#website","url":"https:\/\/catlin.ee\/","name":"C\u00e4tlin M\u00e4gi","description":"C\u00e4tlin M\u00e4gi on \u00fcks simapaistvamaid eeskujusid eesti p\u00e4rimusmuusika maastikul","alternateName":"CM","potentialAction":[{"@type":"SearchAction","target":{"@type":"EntryPoint","urlTemplate":"https:\/\/catlin.ee\/?s={search_term_string}"},"query-input":{"@type":"PropertyValueSpecification","valueRequired":true,"valueName":"search_term_string"}}],"inLanguage":"en-US"}]}},"jetpack_sharing_enabled":true,"jetpack_shortlink":"https:\/\/wp.me\/P5m405-dw","_links":{"self":[{"href":"https:\/\/catlin.ee\/en\/wp-json\/wp\/v2\/pages\/838","targetHints":{"allow":["GET"]}}],"collection":[{"href":"https:\/\/catlin.ee\/en\/wp-json\/wp\/v2\/pages"}],"about":[{"href":"https:\/\/catlin.ee\/en\/wp-json\/wp\/v2\/types\/page"}],"author":[{"embeddable":true,"href":"https:\/\/catlin.ee\/en\/wp-json\/wp\/v2\/users\/1"}],"replies":[{"embeddable":true,"href":"https:\/\/catlin.ee\/en\/wp-json\/wp\/v2\/comments?post=838"}],"version-history":[{"count":9,"href":"https:\/\/catlin.ee\/en\/wp-json\/wp\/v2\/pages\/838\/revisions"}],"predecessor-version":[{"id":1497,"href":"https:\/\/catlin.ee\/en\/wp-json\/wp\/v2\/pages\/838\/revisions\/1497"}],"wp:attachment":[{"href":"https:\/\/catlin.ee\/en\/wp-json\/wp\/v2\/media?parent=838"}],"curies":[{"name":"wp","href":"https:\/\/api.w.org\/{rel}","templated":true}]}}