{"id":822,"date":"2017-03-08T10:29:13","date_gmt":"2017-03-08T07:29:13","guid":{"rendered":"https:\/\/catlin.ee\/?page_id=822\/"},"modified":"2017-03-08T10:38:09","modified_gmt":"2017-03-08T07:38:09","slug":"aparaat","status":"publish","type":"page","link":"https:\/\/catlin.ee\/en\/aparaat\/","title":{"rendered":"Aparaat"},"content":{"rendered":"<div class=\"wpb-content-wrapper\"><p><i>Estonian roots \/\u00a0electric-trad<\/i><\/p>\n<p><b>C\u00e4tlin M\u00e4gi<\/b>\u00a0&#8211; <em>vocals, Estonian bagpipe, Jew&#8217;s harp, alto flute, whistles<\/em><\/p>\n<p><b>Tiit Kikas<\/b>\u00a0&#8211;<em> electric violin, acoustic violin, laser harp, Maschine<\/em><\/p>\n<p>The musical union of C\u00e4tlin M\u00e4gi and Tiit Kikas combines the musical legacy hardened by thousands of years with the universe of electronic sounds created by high-tech gadgets. C\u00e4tlin who plays archaic Estonian wind instruments and Kikas who composes with samplers in his own universe navigate the past and can predict the future. Their synergy gives birth to the time machine called <b><i>Aparaat<\/i><\/b> \u2013 a timeless music and lighting show which lets the audience wander around in time through rhythm and sound.<\/p>\n<p><a href=\"https:\/\/www.facebook.com\/aparaat1\/\">https:\/\/www.facebook.com\/aparaat1\/<\/a><\/p>\n<p>[\/vc_column_text][\/vc_column][\/vc_row][vc_row][vc_column width=&#8221;1\/2&#8243;][vc_video link=&#8221;https:\/\/www.youtube.com\/watch?v=oltAG6kh38k&#8221;][\/vc_column][vc_column width=&#8221;1\/2&#8243;][vc_video link=&#8221;https:\/\/www.youtube.com\/watch?v=iBgJsR5tses&#8221;][\/vc_column][\/vc_row][vc_row][vc_column width=&#8221;1\/2&#8243;][vc_video link=&#8221;https:\/\/www.youtube.com\/watch?v=yRkWrgxR-V8&#8243; css=&#8221;.vc_custom_1488956728233{background-color: #1e73be !important;border-radius: 3px !important;}&#8221;][\/vc_column][vc_column width=&#8221;1\/2&#8243;][vc_video link=&#8221;https:\/\/www.youtube.com\/watch?v=2o-Wtzrd_ys&#8221;][\/vc_column][\/vc_row][vc_row][vc_column width=&#8221;1\/2&#8243;][vc_video link=&#8221;https:\/\/www.youtube.com\/watch?v=EcVQR7ELmlg&#8221;][\/vc_column][vc_column width=&#8221;1\/2&#8243;][\/vc_column][\/vc_row][vc_row][vc_column width=&#8221;1\/2&#8243;][vc_video link=&#8221;https:\/\/soundcloud.com\/aparaat-electrictrad&#8221;][\/vc_column][vc_column width=&#8221;1\/2&#8243;][\/vc_column][\/vc_row][vc_row][vc_column][vc_column_text]<\/p>\n\n\t\t<style type=\"text\/css\">\n\t\t\t#gallery-1 {\n\t\t\t\tmargin: auto;\n\t\t\t}\n\t\t\t#gallery-1 .gallery-item {\n\t\t\t\tfloat: left;\n\t\t\t\tmargin-top: 10px;\n\t\t\t\ttext-align: center;\n\t\t\t\twidth: 33%;\n\t\t\t}\n\t\t\t#gallery-1 img {\n\t\t\t\tborder: 2px solid #cfcfcf;\n\t\t\t}\n\t\t\t#gallery-1 .gallery-caption {\n\t\t\t\tmargin-left: 0;\n\t\t\t}\n\t\t\t\/* see gallery_shortcode() in wp-includes\/media.php *\/\n\t\t<\/style>\n\t\t<div id='gallery-1' class='gallery galleryid-822 gallery-columns-3 gallery-size-thumbnail'><dl class='gallery-item'>\n\t\t\t<dt class='gallery-icon landscape'>\n\t\t\t\t<a href='https:\/\/catlin.ee\/en\/aparaat-tiit-kikas-catlin-magi\/pt_cmtkloikuspidu_01\/'><img loading=\"lazy\" decoding=\"async\" width=\"150\" height=\"150\" src=\"https:\/\/catlin.ee\/wp-content\/uploads\/2013\/12\/PT_CMTK@L\u00f5ikuspidu_01-150x150.jpg\" class=\"attachment-thumbnail size-thumbnail\" alt=\"\" title=\"\" \/><\/a>\n\t\t\t<\/dt><\/dl><dl class='gallery-item'>\n\t\t\t<dt class='gallery-icon portrait'>\n\t\t\t\t<a href='https:\/\/catlin.ee\/en\/aparaat-tiit-kikas-catlin-magi\/pt_cmtkloikuspidu_07\/'><img loading=\"lazy\" decoding=\"async\" width=\"150\" height=\"150\" src=\"https:\/\/catlin.ee\/wp-content\/uploads\/2013\/12\/PT_CMTK@L\u00f5ikuspidu_07-150x150.jpg\" class=\"attachment-thumbnail size-thumbnail\" alt=\"\" title=\"\" \/><\/a>\n\t\t\t<\/dt><\/dl><dl class='gallery-item'>\n\t\t\t<dt class='gallery-icon portrait'>\n\t\t\t\t<a href='https:\/\/catlin.ee\/en\/aparaat-tiit-kikas-catlin-magi\/pt_cmtkloikuspidu_05\/'><img loading=\"lazy\" decoding=\"async\" width=\"150\" height=\"150\" src=\"https:\/\/catlin.ee\/wp-content\/uploads\/2013\/12\/PT_CMTK@L\u00f5ikuspidu_05-150x150.jpg\" class=\"attachment-thumbnail size-thumbnail\" alt=\"\" title=\"\" \/><\/a>\n\t\t\t<\/dt><\/dl><br style=\"clear: both\" \/><dl class='gallery-item'>\n\t\t\t<dt class='gallery-icon landscape'>\n\t\t\t\t<a href='https:\/\/catlin.ee\/en\/aparaat-tiit-kikas-catlin-magi\/pt_cmtkloikuspidu_06\/'><img loading=\"lazy\" decoding=\"async\" width=\"150\" height=\"150\" src=\"https:\/\/catlin.ee\/wp-content\/uploads\/2013\/12\/PT_CMTK@L\u00f5ikuspidu_06-150x150.jpg\" class=\"attachment-thumbnail size-thumbnail\" alt=\"\" title=\"\" \/><\/a>\n\t\t\t<\/dt><\/dl><dl class='gallery-item'>\n\t\t\t<dt class='gallery-icon landscape'>\n\t\t\t\t<a href='https:\/\/catlin.ee\/en\/aparaat-tiit-kikas-catlin-magi\/pt_cmtkloikuspidu_02\/'><img loading=\"lazy\" decoding=\"async\" width=\"150\" height=\"150\" src=\"https:\/\/catlin.ee\/wp-content\/uploads\/2013\/12\/PT_CMTK@L\u00f5ikuspidu_02-150x150.jpg\" class=\"attachment-thumbnail size-thumbnail\" alt=\"\" title=\"\" \/><\/a>\n\t\t\t<\/dt><\/dl><dl class='gallery-item'>\n\t\t\t<dt class='gallery-icon portrait'>\n\t\t\t\t<a href='https:\/\/catlin.ee\/en\/aparaat-tiit-kikas-catlin-magi\/pt_cmtkloikuspidu_08\/'><img loading=\"lazy\" decoding=\"async\" width=\"150\" height=\"150\" src=\"https:\/\/catlin.ee\/wp-content\/uploads\/2013\/12\/PT_CMTK@L\u00f5ikuspidu_08-150x150.jpg\" class=\"attachment-thumbnail size-thumbnail\" alt=\"\" title=\"\" \/><\/a>\n\t\t\t<\/dt><\/dl><br style=\"clear: both\" \/>\n\t\t<\/div>\n\n<p>[\/vc_column_text][\/vc_column][\/vc_row]<\/p>\n<\/div>","protected":false},"excerpt":{"rendered":"<p>Estonian roots \/\u00a0electric-trad C\u00e4tlin M\u00e4gi\u00a0&#8211; vocals, Estonian bagpipe, Jew&#8217;s harp, alto flute, whistles Tiit Kikas\u00a0&#8211; electric violin, acoustic violin, laser&#8230;<\/p>\n","protected":false},"author":2,"featured_media":0,"parent":0,"menu_order":2,"comment_status":"open","ping_status":"closed","template":"","meta":{"_exactmetrics_skip_tracking":false,"_exactmetrics_sitenote_active":false,"_exactmetrics_sitenote_note":"","_exactmetrics_sitenote_category":0,"jetpack_post_was_ever_published":false,"footnotes":""},"class_list":["post-822","page","type-page","status-publish","hentry"],"yoast_head":"<!-- This site is optimized with the Yoast SEO plugin v27.5 - https:\/\/yoast.com\/product\/yoast-seo-wordpress\/ -->\n<title>Aparaat - C\u00e4tlin M\u00e4gi<\/title>\n<meta name=\"description\" content=\"Aparaat\" \/>\n<meta name=\"robots\" content=\"index, follow, max-snippet:-1, max-image-preview:large, max-video-preview:-1\" \/>\n<link rel=\"canonical\" href=\"https:\/\/catlin.ee\/en\/aparaat\/\" \/>\n<meta property=\"og:locale\" content=\"en_US\" \/>\n<meta property=\"og:type\" content=\"article\" \/>\n<meta property=\"og:title\" content=\"Aparaat - C\u00e4tlin M\u00e4gi\" \/>\n<meta property=\"og:description\" content=\"Aparaat\" \/>\n<meta property=\"og:url\" content=\"https:\/\/catlin.ee\/en\/aparaat\/\" \/>\n<meta property=\"og:site_name\" content=\"C\u00e4tlin M\u00e4gi\" \/>\n<meta property=\"article:modified_time\" content=\"2017-03-08T07:38:09+00:00\" \/>\n<meta property=\"og:image\" content=\"https:\/\/catlin.ee\/wp-content\/uploads\/2017\/01\/MG_4953.jpg\" \/>\n\t<meta property=\"og:image:width\" content=\"3000\" \/>\n\t<meta property=\"og:image:height\" content=\"2000\" \/>\n\t<meta property=\"og:image:type\" content=\"image\/jpeg\" \/>\n<meta name=\"twitter:card\" content=\"summary_large_image\" \/>\n<meta name=\"twitter:label1\" content=\"Est. reading time\" \/>\n\t<meta name=\"twitter:data1\" content=\"1 minute\" \/>\n<script type=\"application\/ld+json\" class=\"yoast-schema-graph\">{\"@context\":\"https:\\\/\\\/schema.org\",\"@graph\":[{\"@type\":\"WebPage\",\"@id\":\"https:\\\/\\\/catlin.ee\\\/en\\\/aparaat\\\/\",\"url\":\"https:\\\/\\\/catlin.ee\\\/en\\\/aparaat\\\/\",\"name\":\"Aparaat - C\u00e4tlin M\u00e4gi\",\"isPartOf\":{\"@id\":\"https:\\\/\\\/catlin.ee\\\/#website\"},\"datePublished\":\"2017-03-08T07:29:13+00:00\",\"dateModified\":\"2017-03-08T07:38:09+00:00\",\"description\":\"Aparaat\",\"breadcrumb\":{\"@id\":\"https:\\\/\\\/catlin.ee\\\/en\\\/aparaat\\\/#breadcrumb\"},\"inLanguage\":\"en-US\",\"potentialAction\":[{\"@type\":\"ReadAction\",\"target\":[\"https:\\\/\\\/catlin.ee\\\/en\\\/aparaat\\\/\"]}]},{\"@type\":\"BreadcrumbList\",\"@id\":\"https:\\\/\\\/catlin.ee\\\/en\\\/aparaat\\\/#breadcrumb\",\"itemListElement\":[{\"@type\":\"ListItem\",\"position\":1,\"name\":\"Home\",\"item\":\"https:\\\/\\\/catlin.ee\\\/\"},{\"@type\":\"ListItem\",\"position\":2,\"name\":\"Aparaat\"}]},{\"@type\":\"WebSite\",\"@id\":\"https:\\\/\\\/catlin.ee\\\/#website\",\"url\":\"https:\\\/\\\/catlin.ee\\\/\",\"name\":\"C\u00e4tlin M\u00e4gi\",\"description\":\"C\u00e4tlin M\u00e4gi on \u00fcks simapaistvamaid eeskujusid eesti p\u00e4rimusmuusika maastikul\",\"alternateName\":\"CM\",\"potentialAction\":[{\"@type\":\"SearchAction\",\"target\":{\"@type\":\"EntryPoint\",\"urlTemplate\":\"https:\\\/\\\/catlin.ee\\\/?s={search_term_string}\"},\"query-input\":{\"@type\":\"PropertyValueSpecification\",\"valueRequired\":true,\"valueName\":\"search_term_string\"}}],\"inLanguage\":\"en-US\"}]}<\/script>\n<!-- \/ Yoast SEO plugin. -->","yoast_head_json":{"title":"Aparaat - C\u00e4tlin M\u00e4gi","description":"Aparaat","robots":{"index":"index","follow":"follow","max-snippet":"max-snippet:-1","max-image-preview":"max-image-preview:large","max-video-preview":"max-video-preview:-1"},"canonical":"https:\/\/catlin.ee\/en\/aparaat\/","og_locale":"en_US","og_type":"article","og_title":"Aparaat - C\u00e4tlin M\u00e4gi","og_description":"Aparaat","og_url":"https:\/\/catlin.ee\/en\/aparaat\/","og_site_name":"C\u00e4tlin M\u00e4gi","article_modified_time":"2017-03-08T07:38:09+00:00","og_image":[{"width":3000,"height":2000,"url":"https:\/\/catlin.ee\/wp-content\/uploads\/2017\/01\/MG_4953.jpg","type":"image\/jpeg"}],"twitter_card":"summary_large_image","twitter_misc":{"Est. reading time":"1 minute"},"schema":{"@context":"https:\/\/schema.org","@graph":[{"@type":"WebPage","@id":"https:\/\/catlin.ee\/en\/aparaat\/","url":"https:\/\/catlin.ee\/en\/aparaat\/","name":"Aparaat - C\u00e4tlin M\u00e4gi","isPartOf":{"@id":"https:\/\/catlin.ee\/#website"},"datePublished":"2017-03-08T07:29:13+00:00","dateModified":"2017-03-08T07:38:09+00:00","description":"Aparaat","breadcrumb":{"@id":"https:\/\/catlin.ee\/en\/aparaat\/#breadcrumb"},"inLanguage":"en-US","potentialAction":[{"@type":"ReadAction","target":["https:\/\/catlin.ee\/en\/aparaat\/"]}]},{"@type":"BreadcrumbList","@id":"https:\/\/catlin.ee\/en\/aparaat\/#breadcrumb","itemListElement":[{"@type":"ListItem","position":1,"name":"Home","item":"https:\/\/catlin.ee\/"},{"@type":"ListItem","position":2,"name":"Aparaat"}]},{"@type":"WebSite","@id":"https:\/\/catlin.ee\/#website","url":"https:\/\/catlin.ee\/","name":"C\u00e4tlin M\u00e4gi","description":"C\u00e4tlin M\u00e4gi on \u00fcks simapaistvamaid eeskujusid eesti p\u00e4rimusmuusika maastikul","alternateName":"CM","potentialAction":[{"@type":"SearchAction","target":{"@type":"EntryPoint","urlTemplate":"https:\/\/catlin.ee\/?s={search_term_string}"},"query-input":{"@type":"PropertyValueSpecification","valueRequired":true,"valueName":"search_term_string"}}],"inLanguage":"en-US"}]}},"jetpack_sharing_enabled":true,"jetpack_shortlink":"https:\/\/wp.me\/P5m405-dg","_links":{"self":[{"href":"https:\/\/catlin.ee\/en\/wp-json\/wp\/v2\/pages\/822","targetHints":{"allow":["GET"]}}],"collection":[{"href":"https:\/\/catlin.ee\/en\/wp-json\/wp\/v2\/pages"}],"about":[{"href":"https:\/\/catlin.ee\/en\/wp-json\/wp\/v2\/types\/page"}],"author":[{"embeddable":true,"href":"https:\/\/catlin.ee\/en\/wp-json\/wp\/v2\/users\/2"}],"replies":[{"embeddable":true,"href":"https:\/\/catlin.ee\/en\/wp-json\/wp\/v2\/comments?post=822"}],"version-history":[{"count":6,"href":"https:\/\/catlin.ee\/en\/wp-json\/wp\/v2\/pages\/822\/revisions"}],"predecessor-version":[{"id":830,"href":"https:\/\/catlin.ee\/en\/wp-json\/wp\/v2\/pages\/822\/revisions\/830"}],"wp:attachment":[{"href":"https:\/\/catlin.ee\/en\/wp-json\/wp\/v2\/media?parent=822"}],"curies":[{"name":"wp","href":"https:\/\/api.w.org\/{rel}","templated":true}]}}