{"id":623,"date":"2016-11-15T23:41:47","date_gmt":"2016-11-15T20:41:47","guid":{"rendered":"https:\/\/catlin.ee\/en\/?page_id=623"},"modified":"2016-11-15T23:41:47","modified_gmt":"2016-11-15T20:41:47","slug":"calendar","status":"publish","type":"page","link":"https:\/\/catlin.ee\/en\/calendar\/","title":{"rendered":"Calendar"},"content":{"rendered":"<p>Calendar comes here<\/p>\n","protected":false},"excerpt":{"rendered":"<p>Calendar comes here<\/p>\n","protected":false},"author":1,"featured_media":0,"parent":0,"menu_order":0,"comment_status":"closed","ping_status":"closed","template":"","meta":{"_exactmetrics_skip_tracking":false,"_exactmetrics_sitenote_active":false,"_exactmetrics_sitenote_note":"","_exactmetrics_sitenote_category":0,"jetpack_post_was_ever_published":false,"footnotes":""},"class_list":["post-623","page","type-page","status-publish","hentry"],"yoast_head":"<!-- This site is optimized with the Yoast SEO plugin v27.5 - https:\/\/yoast.com\/product\/yoast-seo-wordpress\/ -->\n<title>Calendar - C\u00e4tlin M\u00e4gi<\/title>\n<meta name=\"description\" content=\"Calendar\" \/>\n<meta name=\"robots\" content=\"index, follow, max-snippet:-1, max-image-preview:large, max-video-preview:-1\" \/>\n<link rel=\"canonical\" href=\"https:\/\/catlin.ee\/en\/calendar\/\" \/>\n<meta property=\"og:locale\" content=\"en_US\" \/>\n<meta property=\"og:type\" content=\"article\" \/>\n<meta property=\"og:title\" content=\"Calendar - C\u00e4tlin M\u00e4gi\" \/>\n<meta property=\"og:description\" content=\"Calendar\" \/>\n<meta property=\"og:url\" content=\"https:\/\/catlin.ee\/en\/calendar\/\" \/>\n<meta property=\"og:site_name\" content=\"C\u00e4tlin M\u00e4gi\" \/>\n<meta property=\"og:image\" content=\"https:\/\/catlin.ee\/wp-content\/uploads\/2017\/01\/MG_4953.jpg\" \/>\n\t<meta property=\"og:image:width\" content=\"3000\" \/>\n\t<meta property=\"og:image:height\" content=\"2000\" \/>\n\t<meta property=\"og:image:type\" content=\"image\/jpeg\" \/>\n<meta name=\"twitter:card\" content=\"summary_large_image\" \/>\n<script type=\"application\/ld+json\" class=\"yoast-schema-graph\">{\"@context\":\"https:\\\/\\\/schema.org\",\"@graph\":[{\"@type\":\"WebPage\",\"@id\":\"https:\\\/\\\/catlin.ee\\\/en\\\/calendar\\\/\",\"url\":\"https:\\\/\\\/catlin.ee\\\/en\\\/calendar\\\/\",\"name\":\"Calendar - C\u00e4tlin M\u00e4gi\",\"isPartOf\":{\"@id\":\"https:\\\/\\\/catlin.ee\\\/#website\"},\"datePublished\":\"2016-11-15T20:41:47+00:00\",\"description\":\"Calendar\",\"breadcrumb\":{\"@id\":\"https:\\\/\\\/catlin.ee\\\/en\\\/calendar\\\/#breadcrumb\"},\"inLanguage\":\"en-US\",\"potentialAction\":[{\"@type\":\"ReadAction\",\"target\":[\"https:\\\/\\\/catlin.ee\\\/en\\\/calendar\\\/\"]}]},{\"@type\":\"BreadcrumbList\",\"@id\":\"https:\\\/\\\/catlin.ee\\\/en\\\/calendar\\\/#breadcrumb\",\"itemListElement\":[{\"@type\":\"ListItem\",\"position\":1,\"name\":\"Home\",\"item\":\"https:\\\/\\\/catlin.ee\\\/\"},{\"@type\":\"ListItem\",\"position\":2,\"name\":\"Calendar\"}]},{\"@type\":\"WebSite\",\"@id\":\"https:\\\/\\\/catlin.ee\\\/#website\",\"url\":\"https:\\\/\\\/catlin.ee\\\/\",\"name\":\"C\u00e4tlin M\u00e4gi\",\"description\":\"C\u00e4tlin M\u00e4gi on \u00fcks simapaistvamaid eeskujusid eesti p\u00e4rimusmuusika maastikul\",\"alternateName\":\"CM\",\"potentialAction\":[{\"@type\":\"SearchAction\",\"target\":{\"@type\":\"EntryPoint\",\"urlTemplate\":\"https:\\\/\\\/catlin.ee\\\/?s={search_term_string}\"},\"query-input\":{\"@type\":\"PropertyValueSpecification\",\"valueRequired\":true,\"valueName\":\"search_term_string\"}}],\"inLanguage\":\"en-US\"}]}<\/script>\n<!-- \/ Yoast SEO plugin. -->","yoast_head_json":{"title":"Calendar - C\u00e4tlin M\u00e4gi","description":"Calendar","robots":{"index":"index","follow":"follow","max-snippet":"max-snippet:-1","max-image-preview":"max-image-preview:large","max-video-preview":"max-video-preview:-1"},"canonical":"https:\/\/catlin.ee\/en\/calendar\/","og_locale":"en_US","og_type":"article","og_title":"Calendar - C\u00e4tlin M\u00e4gi","og_description":"Calendar","og_url":"https:\/\/catlin.ee\/en\/calendar\/","og_site_name":"C\u00e4tlin M\u00e4gi","og_image":[{"width":3000,"height":2000,"url":"https:\/\/catlin.ee\/wp-content\/uploads\/2017\/01\/MG_4953.jpg","type":"image\/jpeg"}],"twitter_card":"summary_large_image","schema":{"@context":"https:\/\/schema.org","@graph":[{"@type":"WebPage","@id":"https:\/\/catlin.ee\/en\/calendar\/","url":"https:\/\/catlin.ee\/en\/calendar\/","name":"Calendar - C\u00e4tlin M\u00e4gi","isPartOf":{"@id":"https:\/\/catlin.ee\/#website"},"datePublished":"2016-11-15T20:41:47+00:00","description":"Calendar","breadcrumb":{"@id":"https:\/\/catlin.ee\/en\/calendar\/#breadcrumb"},"inLanguage":"en-US","potentialAction":[{"@type":"ReadAction","target":["https:\/\/catlin.ee\/en\/calendar\/"]}]},{"@type":"BreadcrumbList","@id":"https:\/\/catlin.ee\/en\/calendar\/#breadcrumb","itemListElement":[{"@type":"ListItem","position":1,"name":"Home","item":"https:\/\/catlin.ee\/"},{"@type":"ListItem","position":2,"name":"Calendar"}]},{"@type":"WebSite","@id":"https:\/\/catlin.ee\/#website","url":"https:\/\/catlin.ee\/","name":"C\u00e4tlin M\u00e4gi","description":"C\u00e4tlin M\u00e4gi on \u00fcks simapaistvamaid eeskujusid eesti p\u00e4rimusmuusika maastikul","alternateName":"CM","potentialAction":[{"@type":"SearchAction","target":{"@type":"EntryPoint","urlTemplate":"https:\/\/catlin.ee\/?s={search_term_string}"},"query-input":{"@type":"PropertyValueSpecification","valueRequired":true,"valueName":"search_term_string"}}],"inLanguage":"en-US"}]}},"jetpack_sharing_enabled":true,"jetpack_shortlink":"https:\/\/wp.me\/P5m405-a3","_links":{"self":[{"href":"https:\/\/catlin.ee\/en\/wp-json\/wp\/v2\/pages\/623","targetHints":{"allow":["GET"]}}],"collection":[{"href":"https:\/\/catlin.ee\/en\/wp-json\/wp\/v2\/pages"}],"about":[{"href":"https:\/\/catlin.ee\/en\/wp-json\/wp\/v2\/types\/page"}],"author":[{"embeddable":true,"href":"https:\/\/catlin.ee\/en\/wp-json\/wp\/v2\/users\/1"}],"replies":[{"embeddable":true,"href":"https:\/\/catlin.ee\/en\/wp-json\/wp\/v2\/comments?post=623"}],"version-history":[{"count":1,"href":"https:\/\/catlin.ee\/en\/wp-json\/wp\/v2\/pages\/623\/revisions"}],"predecessor-version":[{"id":624,"href":"https:\/\/catlin.ee\/en\/wp-json\/wp\/v2\/pages\/623\/revisions\/624"}],"wp:attachment":[{"href":"https:\/\/catlin.ee\/en\/wp-json\/wp\/v2\/media?parent=623"}],"curies":[{"name":"wp","href":"https:\/\/api.w.org\/{rel}","templated":true}]}}