{"id":2716,"date":"2024-02-28T08:48:31","date_gmt":"2024-02-28T05:48:31","guid":{"rendered":"https:\/\/catlin.ee\/catlin-magi-estpipes-videod\/"},"modified":"2024-03-16T10:45:43","modified_gmt":"2024-03-16T07:45:43","slug":"catlin-magi-estpipes-videod","status":"publish","type":"page","link":"https:\/\/catlin.ee\/en\/catlin-magi-estpipes-videod\/","title":{"rendered":"C\u00e4tlin M\u00e4gi &#038; EstPipes video"},"content":{"rendered":"<div class=\"wpb-content-wrapper\"><p>[vc_row][vc_column][vc_video link=&#8221;https:\/\/www.youtube.com\/watch?v=pVmcqtuNhb8&#8243;][\/vc_column][\/vc_row][vc_row][vc_column][vc_video link=&#8221;https:\/\/www.youtube.com\/watch?v=6LaUwW_5mqI&#8221;][\/vc_column][\/vc_row][vc_row][vc_column][vc_column_text]https:\/\/www.youtube.com\/watch?v=jyzpnNXp6ow<\/p>\n<p>[\/vc_column_text][\/vc_column][\/vc_row][vc_row][vc_column][vc_column_text]C\u00e4tlin m\u00e4gi &amp; EstPipes debut album &#8220;Torupilli kuninganna kroonimine&#8221; studio session.<\/p>\n<p>Video by Maritta Anton.<\/p>\n<p>Viljandi Academy of Culture&#8217;s music house studio.[\/vc_column_text][\/vc_column][\/vc_row][vc_row][vc_column][vc_separator border_width=&#8221;3&#8243;][vc_video link=&#8221;https:\/\/www.youtube.com\/watch?v=86jYOfQg6SE&#8221;][vc_video link=&#8221;https:\/\/www.youtube.com\/watch?v=ONvh4cyiHHw&#8221;][vc_separator border_width=&#8221;3&#8243;][\/vc_column][\/vc_row][vc_row][vc_column width=&#8221;1\/2&#8243;][vc_video link=&#8221;https:\/\/www.youtube.com\/watch?v=IcEvuegt5mY&#8221;][\/vc_column][vc_column width=&#8221;1\/2&#8243;][vc_video link=&#8221;https:\/\/www.youtube.com\/watch?v=2W3WztzaryQ&#8221;][\/vc_column][\/vc_row][vc_row][vc_column width=&#8221;1\/2&#8243;][vc_video link=&#8221;https:\/\/www.youtube.com\/watch?v=jbV2qvcQNjA&#8221;][\/vc_column][vc_column width=&#8221;1\/2&#8243;][vc_video link=&#8221;https:\/\/www.youtube.com\/watch?v=CO47EIqsSSU&#8221;][\/vc_column][\/vc_row][vc_row][vc_column width=&#8221;1\/2&#8243;][vc_video link=&#8221;https:\/\/www.youtube.com\/watch?v=Zh1DRb057Mw&#8221;][\/vc_column][vc_column width=&#8221;1\/2&#8243;][vc_video link=&#8221;https:\/\/www.youtube.com\/watch?v=Zj1qRSFQ9dA&#8221;][\/vc_column][\/vc_row][vc_row][vc_column width=&#8221;1\/2&#8243;][vc_video link=&#8221;https:\/\/www.youtube.com\/watch?v=x5aL-_pKVU0&#8243;][\/vc_column][vc_column width=&#8221;1\/2&#8243;][vc_video link=&#8221;https:\/\/www.youtube.com\/watch?v=7tUojpyn_kE&#8221;][\/vc_column][\/vc_row][vc_row][vc_column width=&#8221;1\/2&#8243;][vc_video link=&#8221;https:\/\/www.youtube.com\/watch?v=AWinWldE_B4&#8243;][\/vc_column][vc_column width=&#8221;1\/2&#8243;][vc_video link=&#8221;https:\/\/www.youtube.com\/watch?v=V_q5rDaMoME&#8221;][\/vc_column][\/vc_row][vc_row][vc_column width=&#8221;1\/2&#8243;][vc_video link=&#8221;https:\/\/www.youtube.com\/watch?v=FoEquhDcJA4&#8243;][\/vc_column][vc_column width=&#8221;1\/2&#8243;][vc_video link=&#8221;https:\/\/www.youtube.com\/watch?v=hwcAIkz9vi8&#8243;][\/vc_column][\/vc_row][vc_row][vc_column width=&#8221;1\/2&#8243;][vc_video link=&#8221;https:\/\/www.youtube.com\/watch?v=Yau5uyTTxbQ&#8221;][\/vc_column][vc_column width=&#8221;1\/2&#8243;][vc_video link=&#8221;https:\/\/www.youtube.com\/watch?v=IS4gKlktvfw&#8221;][\/vc_column][\/vc_row][vc_row][vc_column][vc_video link=&#8221;https:\/\/www.youtube.com\/watch?v=6LaUwW_5mqI&#8221;][\/vc_column][\/vc_row][vc_row][vc_column][vc_video link=&#8221;https:\/\/www.youtube.com\/watch?v=6LaUwW_5mqI&#8221;][\/vc_column][\/vc_row]<\/p>\n<\/div>","protected":false},"excerpt":{"rendered":"<p>[vc_row][vc_column][vc_video link=&#8221;https:\/\/www.youtube.com\/watch?v=pVmcqtuNhb8&#8243;][\/vc_column][\/vc_row][vc_row][vc_column][vc_video link=&#8221;https:\/\/www.youtube.com\/watch?v=6LaUwW_5mqI&#8221;][\/vc_column][\/vc_row][vc_row][vc_column][vc_column_text]https:\/\/www.youtube.com\/watch?v=jyzpnNXp6ow [\/vc_column_text][\/vc_column][\/vc_row][vc_row][vc_column][vc_column_text]C\u00e4tlin m\u00e4gi &amp; EstPipes debut album &#8220;Torupilli kuninganna kroonimine&#8221; studio session. Video by Maritta Anton. Viljandi Academy&#8230;<\/p>\n","protected":false},"author":2,"featured_media":0,"parent":0,"menu_order":0,"comment_status":"closed","ping_status":"closed","template":"","meta":{"_exactmetrics_skip_tracking":false,"_exactmetrics_sitenote_active":false,"_exactmetrics_sitenote_note":"","_exactmetrics_sitenote_category":0,"jetpack_post_was_ever_published":false,"footnotes":""},"class_list":["post-2716","page","type-page","status-publish","hentry"],"yoast_head":"<!-- This site is optimized with the Yoast SEO plugin v27.3 - https:\/\/yoast.com\/product\/yoast-seo-wordpress\/ -->\n<title>C\u00e4tlin M\u00e4gi &amp; EstPipes video - C\u00e4tlin M\u00e4gi<\/title>\n<meta name=\"description\" content=\"C\u00e4tlin M\u00e4gi &amp; EstPipes video\" \/>\n<meta name=\"robots\" content=\"index, follow, max-snippet:-1, max-image-preview:large, max-video-preview:-1\" \/>\n<link rel=\"canonical\" href=\"https:\/\/catlin.ee\/en\/catlin-magi-estpipes-videod\/\" \/>\n<meta property=\"og:locale\" content=\"en_US\" \/>\n<meta property=\"og:type\" content=\"article\" \/>\n<meta property=\"og:title\" content=\"C\u00e4tlin M\u00e4gi &amp; EstPipes video - C\u00e4tlin M\u00e4gi\" \/>\n<meta property=\"og:description\" content=\"C\u00e4tlin M\u00e4gi &amp; EstPipes video\" \/>\n<meta property=\"og:url\" content=\"https:\/\/catlin.ee\/en\/catlin-magi-estpipes-videod\/\" \/>\n<meta property=\"og:site_name\" content=\"C\u00e4tlin M\u00e4gi\" \/>\n<meta property=\"article:modified_time\" content=\"2024-03-16T07:45:43+00:00\" \/>\n<meta property=\"og:image\" content=\"https:\/\/catlin.ee\/wp-content\/uploads\/2017\/01\/MG_4953.jpg\" \/>\n\t<meta property=\"og:image:width\" content=\"3000\" \/>\n\t<meta property=\"og:image:height\" content=\"2000\" \/>\n\t<meta property=\"og:image:type\" content=\"image\/jpeg\" \/>\n<meta name=\"twitter:card\" content=\"summary_large_image\" \/>\n<meta name=\"twitter:label1\" content=\"Est. reading time\" \/>\n\t<meta name=\"twitter:data1\" content=\"1 minute\" \/>\n<script type=\"application\/ld+json\" class=\"yoast-schema-graph\">{\"@context\":\"https:\\\/\\\/schema.org\",\"@graph\":[{\"@type\":\"WebPage\",\"@id\":\"https:\\\/\\\/catlin.ee\\\/en\\\/catlin-magi-estpipes-videod\\\/\",\"url\":\"https:\\\/\\\/catlin.ee\\\/en\\\/catlin-magi-estpipes-videod\\\/\",\"name\":\"C\u00e4tlin M\u00e4gi & EstPipes video - C\u00e4tlin M\u00e4gi\",\"isPartOf\":{\"@id\":\"https:\\\/\\\/catlin.ee\\\/#website\"},\"datePublished\":\"2024-02-28T05:48:31+00:00\",\"dateModified\":\"2024-03-16T07:45:43+00:00\",\"description\":\"C\u00e4tlin M\u00e4gi & EstPipes video\",\"breadcrumb\":{\"@id\":\"https:\\\/\\\/catlin.ee\\\/en\\\/catlin-magi-estpipes-videod\\\/#breadcrumb\"},\"inLanguage\":\"en-US\",\"potentialAction\":[{\"@type\":\"ReadAction\",\"target\":[\"https:\\\/\\\/catlin.ee\\\/en\\\/catlin-magi-estpipes-videod\\\/\"]}]},{\"@type\":\"BreadcrumbList\",\"@id\":\"https:\\\/\\\/catlin.ee\\\/en\\\/catlin-magi-estpipes-videod\\\/#breadcrumb\",\"itemListElement\":[{\"@type\":\"ListItem\",\"position\":1,\"name\":\"Home\",\"item\":\"https:\\\/\\\/catlin.ee\\\/\"},{\"@type\":\"ListItem\",\"position\":2,\"name\":\"C\u00e4tlin M\u00e4gi &#038; EstPipes video\"}]},{\"@type\":\"WebSite\",\"@id\":\"https:\\\/\\\/catlin.ee\\\/#website\",\"url\":\"https:\\\/\\\/catlin.ee\\\/\",\"name\":\"C\u00e4tlin M\u00e4gi\",\"description\":\"C\u00e4tlin M\u00e4gi on \u00fcks simapaistvamaid eeskujusid eesti p\u00e4rimusmuusika maastikul\",\"alternateName\":\"CM\",\"potentialAction\":[{\"@type\":\"SearchAction\",\"target\":{\"@type\":\"EntryPoint\",\"urlTemplate\":\"https:\\\/\\\/catlin.ee\\\/?s={search_term_string}\"},\"query-input\":{\"@type\":\"PropertyValueSpecification\",\"valueRequired\":true,\"valueName\":\"search_term_string\"}}],\"inLanguage\":\"en-US\"}]}<\/script>\n<!-- \/ Yoast SEO plugin. -->","yoast_head_json":{"title":"C\u00e4tlin M\u00e4gi & EstPipes video - C\u00e4tlin M\u00e4gi","description":"C\u00e4tlin M\u00e4gi & EstPipes video","robots":{"index":"index","follow":"follow","max-snippet":"max-snippet:-1","max-image-preview":"max-image-preview:large","max-video-preview":"max-video-preview:-1"},"canonical":"https:\/\/catlin.ee\/en\/catlin-magi-estpipes-videod\/","og_locale":"en_US","og_type":"article","og_title":"C\u00e4tlin M\u00e4gi & EstPipes video - C\u00e4tlin M\u00e4gi","og_description":"C\u00e4tlin M\u00e4gi & EstPipes video","og_url":"https:\/\/catlin.ee\/en\/catlin-magi-estpipes-videod\/","og_site_name":"C\u00e4tlin M\u00e4gi","article_modified_time":"2024-03-16T07:45:43+00:00","og_image":[{"width":3000,"height":2000,"url":"https:\/\/catlin.ee\/wp-content\/uploads\/2017\/01\/MG_4953.jpg","type":"image\/jpeg"}],"twitter_card":"summary_large_image","twitter_misc":{"Est. reading time":"1 minute"},"schema":{"@context":"https:\/\/schema.org","@graph":[{"@type":"WebPage","@id":"https:\/\/catlin.ee\/en\/catlin-magi-estpipes-videod\/","url":"https:\/\/catlin.ee\/en\/catlin-magi-estpipes-videod\/","name":"C\u00e4tlin M\u00e4gi & EstPipes video - C\u00e4tlin M\u00e4gi","isPartOf":{"@id":"https:\/\/catlin.ee\/#website"},"datePublished":"2024-02-28T05:48:31+00:00","dateModified":"2024-03-16T07:45:43+00:00","description":"C\u00e4tlin M\u00e4gi & EstPipes video","breadcrumb":{"@id":"https:\/\/catlin.ee\/en\/catlin-magi-estpipes-videod\/#breadcrumb"},"inLanguage":"en-US","potentialAction":[{"@type":"ReadAction","target":["https:\/\/catlin.ee\/en\/catlin-magi-estpipes-videod\/"]}]},{"@type":"BreadcrumbList","@id":"https:\/\/catlin.ee\/en\/catlin-magi-estpipes-videod\/#breadcrumb","itemListElement":[{"@type":"ListItem","position":1,"name":"Home","item":"https:\/\/catlin.ee\/"},{"@type":"ListItem","position":2,"name":"C\u00e4tlin M\u00e4gi &#038; EstPipes video"}]},{"@type":"WebSite","@id":"https:\/\/catlin.ee\/#website","url":"https:\/\/catlin.ee\/","name":"C\u00e4tlin M\u00e4gi","description":"C\u00e4tlin M\u00e4gi on \u00fcks simapaistvamaid eeskujusid eesti p\u00e4rimusmuusika maastikul","alternateName":"CM","potentialAction":[{"@type":"SearchAction","target":{"@type":"EntryPoint","urlTemplate":"https:\/\/catlin.ee\/?s={search_term_string}"},"query-input":{"@type":"PropertyValueSpecification","valueRequired":true,"valueName":"search_term_string"}}],"inLanguage":"en-US"}]}},"jetpack_sharing_enabled":true,"jetpack_shortlink":"https:\/\/wp.me\/P5m405-HO","_links":{"self":[{"href":"https:\/\/catlin.ee\/en\/wp-json\/wp\/v2\/pages\/2716","targetHints":{"allow":["GET"]}}],"collection":[{"href":"https:\/\/catlin.ee\/en\/wp-json\/wp\/v2\/pages"}],"about":[{"href":"https:\/\/catlin.ee\/en\/wp-json\/wp\/v2\/types\/page"}],"author":[{"embeddable":true,"href":"https:\/\/catlin.ee\/en\/wp-json\/wp\/v2\/users\/2"}],"replies":[{"embeddable":true,"href":"https:\/\/catlin.ee\/en\/wp-json\/wp\/v2\/comments?post=2716"}],"version-history":[{"count":5,"href":"https:\/\/catlin.ee\/en\/wp-json\/wp\/v2\/pages\/2716\/revisions"}],"predecessor-version":[{"id":2768,"href":"https:\/\/catlin.ee\/en\/wp-json\/wp\/v2\/pages\/2716\/revisions\/2768"}],"wp:attachment":[{"href":"https:\/\/catlin.ee\/en\/wp-json\/wp\/v2\/media?parent=2716"}],"curies":[{"name":"wp","href":"https:\/\/api.w.org\/{rel}","templated":true}]}}