{"id":2714,"date":"2024-02-28T09:17:45","date_gmt":"2024-02-28T06:17:45","guid":{"rendered":"https:\/\/catlin.ee\/catlin-magi-estpipes-bio\/"},"modified":"2024-02-28T09:58:44","modified_gmt":"2024-02-28T06:58:44","slug":"catlin-magi-estpipes-bio","status":"publish","type":"page","link":"https:\/\/catlin.ee\/en\/catlin-magi-estpipes-bio\/","title":{"rendered":"C\u00e4tlin M\u00e4gi &#038; EstPipes Bio"},"content":{"rendered":"<div class=\"wpb-content-wrapper\"><p>[vc_row][vc_column width=&#8221;1\/2&#8243;][vc_column_text]<a href=\"https:\/\/catlin.ee\/wp-content\/uploads\/2024\/02\/Maritta-Anton-06195-scaled.jpg\"><img loading=\"lazy\" decoding=\"async\" class=\"alignnone size-medium wp-image-2680\" src=\"https:\/\/catlin.ee\/wp-content\/uploads\/2024\/02\/Maritta-Anton-06195-300x200.jpg\" alt=\"\" width=\"300\" height=\"200\" srcset=\"https:\/\/catlin.ee\/wp-content\/uploads\/2024\/02\/Maritta-Anton-06195-300x200.jpg 300w, https:\/\/catlin.ee\/wp-content\/uploads\/2024\/02\/Maritta-Anton-06195-1024x683.jpg 1024w, https:\/\/catlin.ee\/wp-content\/uploads\/2024\/02\/Maritta-Anton-06195-768x512.jpg 768w, https:\/\/catlin.ee\/wp-content\/uploads\/2024\/02\/Maritta-Anton-06195-1536x1025.jpg 1536w, https:\/\/catlin.ee\/wp-content\/uploads\/2024\/02\/Maritta-Anton-06195-2048x1366.jpg 2048w, https:\/\/catlin.ee\/wp-content\/uploads\/2024\/02\/Maritta-Anton-06195-1100x734.jpg 1100w\" sizes=\"auto, (max-width: 300px) 100vw, 300px\" \/><\/a>[\/vc_column_text][\/vc_column][vc_column width=&#8221;1\/2&#8243;][vc_column_text]C\u00e4tlin M\u00e4gi &amp; EstPipes is a unique ensemble consisting of seven female pipers who skillfully play Eesti torupill (Estonian Bagpipes), creating an atmosphere that resonates with contemporary audiences.<\/p>\n<p>In addition to featuring traditional bagpipe tunes in their repertoire, there is also the sound of a woman&#8217;s voice performing traditional songs, and the Jew&#8217;s Harps and whistles are also played.[\/vc_column_text][\/vc_column][\/vc_row][vc_row][vc_column][vc_column_text]C\u00e4tlin M\u00e4gi, a talented and highly respected traditional musician, a leading exponent of the Estonian bagpipe tradition, collaborates with her students to create music, elevating traditional bagpipe sounds to new heights.<\/p>\n<p>If you want to listen to famous Estonian bagpipers like Jakob Kilstr\u00f6m, T\u00f5nu Eslon, and Jakob Ratsov from Kuusalu; Andres Metsniit from Muhumaa; Jaan Piht from Saaremaa, and of course, the virtuosos from Hiiumaa, Juhan and Aleksander Maaker, then it must be acknowledged that you are a hundred years too late. These bagpipe giants are no longer able to perform concerts themselves, but their music lives on through C\u00e4tlin M\u00e4gi and her bagpipe students from the University of Tartu&#8217;s Viljandi Culture Academy.<\/p>\n<p>C\u00e4tlin M\u00e4gi &amp; EstPipes came together in 2022 in Viljandi Cultural Academy and for today, they have had concerts in Estonia. Additionally, the ensemble has recorded an album set to be released in the fall of 2024.[\/vc_column_text][\/vc_column][\/vc_row][vc_row][vc_column][vc_column_text]C\u00e4tlin M\u00e4gi &#8211; Estonian Bagpipe, jew&#8217;s harp, whistle, voice<\/p>\n<p>Helery K\u00f5rvemaa &#8211; Estonian Bagpipe, jew&#8217;s harp, whistle, voice<\/p>\n<p>Kadri Allikm\u00e4e &#8211; Estonian Bagpipe, jew&#8217;s harp, whistle, voice<\/p>\n<p>Karolin \u00dcbner &#8211; Estonian Bagpipe, jew&#8217;s harp, whistle, voice<\/p>\n<p>Kerli Kisl\u00f5i &#8211; Estonian Bagpipe, jew&#8217;s harp, whistle, voice<\/p>\n<p>Merili Kask &#8211; Estonian Bagpipe, jew&#8217;s harp, whistle, voice<\/p>\n<p>Susanna Viktoria M\u00f5tsmees &#8211; Estonian Bagpipe, whistle, voice[\/vc_column_text][\/vc_column][\/vc_row][vc_row][vc_column][vc_separator border_width=&#8221;3&#8243;][\/vc_column][\/vc_row][vc_row][vc_column][vc_column_text]<a href=\"https:\/\/drive.google.com\/drive\/folders\/1JQmybmaVhoLcu6aoW3SS5pHJ6QrW7qEQ?ths=true\" target=\"_blank\" rel=\"noopener\">P h o t o s \/ r i d e r<\/a><\/p>\n<p>Contact: catlincatlin@gmail.com[\/vc_column_text][\/vc_column][\/vc_row]<\/p>\n<\/div>","protected":false},"excerpt":{"rendered":"<p>[vc_row][vc_column width=&#8221;1\/2&#8243;][vc_column_text][\/vc_column_text][\/vc_column][vc_column width=&#8221;1\/2&#8243;][vc_column_text]C\u00e4tlin M\u00e4gi &amp; EstPipes is a unique ensemble consisting of seven female pipers who skillfully play Eesti torupill&#8230;<\/p>\n","protected":false},"author":2,"featured_media":0,"parent":0,"menu_order":0,"comment_status":"closed","ping_status":"closed","template":"","meta":{"_exactmetrics_skip_tracking":false,"_exactmetrics_sitenote_active":false,"_exactmetrics_sitenote_note":"","_exactmetrics_sitenote_category":0,"jetpack_post_was_ever_published":false,"footnotes":""},"class_list":["post-2714","page","type-page","status-publish","hentry"],"yoast_head":"<!-- This site is optimized with the Yoast SEO plugin v27.3 - https:\/\/yoast.com\/product\/yoast-seo-wordpress\/ -->\n<title>C\u00e4tlin M\u00e4gi &amp; EstPipes Bio - C\u00e4tlin M\u00e4gi<\/title>\n<meta name=\"description\" content=\"C\u00e4tlin M\u00e4gi &amp; EstPipes Bio\" \/>\n<meta name=\"robots\" content=\"index, follow, max-snippet:-1, max-image-preview:large, max-video-preview:-1\" \/>\n<link rel=\"canonical\" href=\"https:\/\/catlin.ee\/en\/catlin-magi-estpipes-bio\/\" \/>\n<meta property=\"og:locale\" content=\"en_US\" \/>\n<meta property=\"og:type\" content=\"article\" \/>\n<meta property=\"og:title\" content=\"C\u00e4tlin M\u00e4gi &amp; EstPipes Bio - C\u00e4tlin M\u00e4gi\" \/>\n<meta property=\"og:description\" content=\"C\u00e4tlin M\u00e4gi &amp; EstPipes Bio\" \/>\n<meta property=\"og:url\" content=\"https:\/\/catlin.ee\/en\/catlin-magi-estpipes-bio\/\" \/>\n<meta property=\"og:site_name\" content=\"C\u00e4tlin M\u00e4gi\" \/>\n<meta property=\"article:modified_time\" content=\"2024-02-28T06:58:44+00:00\" \/>\n<meta property=\"og:image\" content=\"https:\/\/catlin.ee\/wp-content\/uploads\/2024\/02\/Maritta-Anton-06195-300x200.jpg\" \/>\n<meta name=\"twitter:card\" content=\"summary_large_image\" \/>\n<meta name=\"twitter:label1\" content=\"Est. reading time\" \/>\n\t<meta name=\"twitter:data1\" content=\"2 minutes\" \/>\n<script type=\"application\/ld+json\" class=\"yoast-schema-graph\">{\"@context\":\"https:\\\/\\\/schema.org\",\"@graph\":[{\"@type\":\"WebPage\",\"@id\":\"https:\\\/\\\/catlin.ee\\\/en\\\/catlin-magi-estpipes-bio\\\/\",\"url\":\"https:\\\/\\\/catlin.ee\\\/en\\\/catlin-magi-estpipes-bio\\\/\",\"name\":\"C\u00e4tlin M\u00e4gi & EstPipes Bio - C\u00e4tlin M\u00e4gi\",\"isPartOf\":{\"@id\":\"https:\\\/\\\/catlin.ee\\\/#website\"},\"primaryImageOfPage\":{\"@id\":\"https:\\\/\\\/catlin.ee\\\/en\\\/catlin-magi-estpipes-bio\\\/#primaryimage\"},\"image\":{\"@id\":\"https:\\\/\\\/catlin.ee\\\/en\\\/catlin-magi-estpipes-bio\\\/#primaryimage\"},\"thumbnailUrl\":\"https:\\\/\\\/catlin.ee\\\/wp-content\\\/uploads\\\/2024\\\/02\\\/Maritta-Anton-06195-300x200.jpg\",\"datePublished\":\"2024-02-28T06:17:45+00:00\",\"dateModified\":\"2024-02-28T06:58:44+00:00\",\"description\":\"C\u00e4tlin M\u00e4gi & EstPipes Bio\",\"breadcrumb\":{\"@id\":\"https:\\\/\\\/catlin.ee\\\/en\\\/catlin-magi-estpipes-bio\\\/#breadcrumb\"},\"inLanguage\":\"en-US\",\"potentialAction\":[{\"@type\":\"ReadAction\",\"target\":[\"https:\\\/\\\/catlin.ee\\\/en\\\/catlin-magi-estpipes-bio\\\/\"]}]},{\"@type\":\"ImageObject\",\"inLanguage\":\"en-US\",\"@id\":\"https:\\\/\\\/catlin.ee\\\/en\\\/catlin-magi-estpipes-bio\\\/#primaryimage\",\"url\":\"https:\\\/\\\/catlin.ee\\\/wp-content\\\/uploads\\\/2024\\\/02\\\/Maritta-Anton-06195-300x200.jpg\",\"contentUrl\":\"https:\\\/\\\/catlin.ee\\\/wp-content\\\/uploads\\\/2024\\\/02\\\/Maritta-Anton-06195-300x200.jpg\"},{\"@type\":\"BreadcrumbList\",\"@id\":\"https:\\\/\\\/catlin.ee\\\/en\\\/catlin-magi-estpipes-bio\\\/#breadcrumb\",\"itemListElement\":[{\"@type\":\"ListItem\",\"position\":1,\"name\":\"Home\",\"item\":\"https:\\\/\\\/catlin.ee\\\/\"},{\"@type\":\"ListItem\",\"position\":2,\"name\":\"C\u00e4tlin M\u00e4gi &#038; EstPipes Bio\"}]},{\"@type\":\"WebSite\",\"@id\":\"https:\\\/\\\/catlin.ee\\\/#website\",\"url\":\"https:\\\/\\\/catlin.ee\\\/\",\"name\":\"C\u00e4tlin M\u00e4gi\",\"description\":\"C\u00e4tlin M\u00e4gi on \u00fcks simapaistvamaid eeskujusid eesti p\u00e4rimusmuusika maastikul\",\"alternateName\":\"CM\",\"potentialAction\":[{\"@type\":\"SearchAction\",\"target\":{\"@type\":\"EntryPoint\",\"urlTemplate\":\"https:\\\/\\\/catlin.ee\\\/?s={search_term_string}\"},\"query-input\":{\"@type\":\"PropertyValueSpecification\",\"valueRequired\":true,\"valueName\":\"search_term_string\"}}],\"inLanguage\":\"en-US\"}]}<\/script>\n<!-- \/ Yoast SEO plugin. -->","yoast_head_json":{"title":"C\u00e4tlin M\u00e4gi & EstPipes Bio - C\u00e4tlin M\u00e4gi","description":"C\u00e4tlin M\u00e4gi & EstPipes Bio","robots":{"index":"index","follow":"follow","max-snippet":"max-snippet:-1","max-image-preview":"max-image-preview:large","max-video-preview":"max-video-preview:-1"},"canonical":"https:\/\/catlin.ee\/en\/catlin-magi-estpipes-bio\/","og_locale":"en_US","og_type":"article","og_title":"C\u00e4tlin M\u00e4gi & EstPipes Bio - C\u00e4tlin M\u00e4gi","og_description":"C\u00e4tlin M\u00e4gi & EstPipes Bio","og_url":"https:\/\/catlin.ee\/en\/catlin-magi-estpipes-bio\/","og_site_name":"C\u00e4tlin M\u00e4gi","article_modified_time":"2024-02-28T06:58:44+00:00","og_image":[{"url":"https:\/\/catlin.ee\/wp-content\/uploads\/2024\/02\/Maritta-Anton-06195-300x200.jpg","type":"","width":"","height":""}],"twitter_card":"summary_large_image","twitter_misc":{"Est. reading time":"2 minutes"},"schema":{"@context":"https:\/\/schema.org","@graph":[{"@type":"WebPage","@id":"https:\/\/catlin.ee\/en\/catlin-magi-estpipes-bio\/","url":"https:\/\/catlin.ee\/en\/catlin-magi-estpipes-bio\/","name":"C\u00e4tlin M\u00e4gi & EstPipes Bio - C\u00e4tlin M\u00e4gi","isPartOf":{"@id":"https:\/\/catlin.ee\/#website"},"primaryImageOfPage":{"@id":"https:\/\/catlin.ee\/en\/catlin-magi-estpipes-bio\/#primaryimage"},"image":{"@id":"https:\/\/catlin.ee\/en\/catlin-magi-estpipes-bio\/#primaryimage"},"thumbnailUrl":"https:\/\/catlin.ee\/wp-content\/uploads\/2024\/02\/Maritta-Anton-06195-300x200.jpg","datePublished":"2024-02-28T06:17:45+00:00","dateModified":"2024-02-28T06:58:44+00:00","description":"C\u00e4tlin M\u00e4gi & EstPipes Bio","breadcrumb":{"@id":"https:\/\/catlin.ee\/en\/catlin-magi-estpipes-bio\/#breadcrumb"},"inLanguage":"en-US","potentialAction":[{"@type":"ReadAction","target":["https:\/\/catlin.ee\/en\/catlin-magi-estpipes-bio\/"]}]},{"@type":"ImageObject","inLanguage":"en-US","@id":"https:\/\/catlin.ee\/en\/catlin-magi-estpipes-bio\/#primaryimage","url":"https:\/\/catlin.ee\/wp-content\/uploads\/2024\/02\/Maritta-Anton-06195-300x200.jpg","contentUrl":"https:\/\/catlin.ee\/wp-content\/uploads\/2024\/02\/Maritta-Anton-06195-300x200.jpg"},{"@type":"BreadcrumbList","@id":"https:\/\/catlin.ee\/en\/catlin-magi-estpipes-bio\/#breadcrumb","itemListElement":[{"@type":"ListItem","position":1,"name":"Home","item":"https:\/\/catlin.ee\/"},{"@type":"ListItem","position":2,"name":"C\u00e4tlin M\u00e4gi &#038; EstPipes Bio"}]},{"@type":"WebSite","@id":"https:\/\/catlin.ee\/#website","url":"https:\/\/catlin.ee\/","name":"C\u00e4tlin M\u00e4gi","description":"C\u00e4tlin M\u00e4gi on \u00fcks simapaistvamaid eeskujusid eesti p\u00e4rimusmuusika maastikul","alternateName":"CM","potentialAction":[{"@type":"SearchAction","target":{"@type":"EntryPoint","urlTemplate":"https:\/\/catlin.ee\/?s={search_term_string}"},"query-input":{"@type":"PropertyValueSpecification","valueRequired":true,"valueName":"search_term_string"}}],"inLanguage":"en-US"}]}},"jetpack_sharing_enabled":true,"jetpack_shortlink":"https:\/\/wp.me\/P5m405-HM","_links":{"self":[{"href":"https:\/\/catlin.ee\/en\/wp-json\/wp\/v2\/pages\/2714","targetHints":{"allow":["GET"]}}],"collection":[{"href":"https:\/\/catlin.ee\/en\/wp-json\/wp\/v2\/pages"}],"about":[{"href":"https:\/\/catlin.ee\/en\/wp-json\/wp\/v2\/types\/page"}],"author":[{"embeddable":true,"href":"https:\/\/catlin.ee\/en\/wp-json\/wp\/v2\/users\/2"}],"replies":[{"embeddable":true,"href":"https:\/\/catlin.ee\/en\/wp-json\/wp\/v2\/comments?post=2714"}],"version-history":[{"count":8,"href":"https:\/\/catlin.ee\/en\/wp-json\/wp\/v2\/pages\/2714\/revisions"}],"predecessor-version":[{"id":2725,"href":"https:\/\/catlin.ee\/en\/wp-json\/wp\/v2\/pages\/2714\/revisions\/2725"}],"wp:attachment":[{"href":"https:\/\/catlin.ee\/en\/wp-json\/wp\/v2\/media?parent=2714"}],"curies":[{"name":"wp","href":"https:\/\/api.w.org\/{rel}","templated":true}]}}