{"id":2636,"date":"2024-02-07T11:14:39","date_gmt":"2024-02-07T08:14:39","guid":{"rendered":"https:\/\/catlin.ee\/estpipes\/"},"modified":"2024-04-23T12:53:46","modified_gmt":"2024-04-23T09:53:46","slug":"estpipes","status":"publish","type":"page","link":"https:\/\/catlin.ee\/en\/estpipes\/","title":{"rendered":"C\u00e4tlin M\u00e4gi &#038; EstPipes"},"content":{"rendered":"<div class=\"wpb-content-wrapper\"><p>[vc_row][vc_column width=&#8221;1\/6&#8243;][vc_btn title=&#8221;Music&#8221; link=&#8221;url:https%3A%2F%2Fcatlin.ee%2Fen%2Fsingel-andres-metsniidu-polka%2F|target:_blank|&#8221;][\/vc_column][vc_column width=&#8221;1\/6&#8243;][vc_btn title=&#8221;Bio&#8221; link=&#8221;url:https%3A%2F%2Fcatlin.ee%2Fen%2Fcatlin-magi-estpipes-bio%2F|target:_blank|&#8221;][\/vc_column][vc_column width=&#8221;1\/6&#8243;][vc_btn title=&#8221;Video&#8221; link=&#8221;url:https%3A%2F%2Fcatlin.ee%2Fen%2Fcatlin-magi-estpipes-videod%2F|target:_blank|&#8221;][\/vc_column][vc_column width=&#8221;1\/6&#8243;][vc_btn title=&#8221;Gallery&#8221; link=&#8221;url:https%3A%2F%2Fcatlin.ee%2F%3Fpage_id%3D2688%26preview%3Dtrue|target:_blank|&#8221;][\/vc_column][\/vc_row][vc_row][vc_column][vc_column_text]Our new album &#8220;Torupilli kuninganna kroonimine&#8221; (Coronation of the Bagpipe Queen) is out. Click on the picture and you can listen to the songs on the album and read about the bagpipe players, after whom we have found the tunes in our repertoire.<\/p>\n<p>[\/vc_column_text][vc_single_image image=&#8221;2771&#8243; img_size=&#8221;full&#8221; onclick=&#8221;custom_link&#8221; link=&#8221;https:\/\/catlin.ee\/en\/cd-torupilli-kuninganna-kroonimine\/&#8221;][\/vc_column][\/vc_row][vc_row][vc_column][vc_video link=&#8221;https:\/\/www.youtube.com\/watch?v=pVmcqtuNhb8&#8243; title=&#8221;Our official music video &#8220;Vene kasatskid&#8220;&#8221;][\/vc_column][\/vc_row][vc_row][vc_column][vc_single_image image=&#8221;2648&#8243; img_size=&#8221;full&#8221; onclick=&#8221;custom_link&#8221; img_link_target=&#8221;_blank&#8221; title=&#8221;First singel &#8211; Andres Metsniidu polka&#8221; link=&#8221;https:\/\/catlin.ee\/en\/singel-andres-metsniidu-polka\/&#8221;][\/vc_column][\/vc_row]<\/p>\n<\/div>","protected":false},"excerpt":{"rendered":"<p>[vc_row][vc_column width=&#8221;1\/6&#8243;][vc_btn title=&#8221;Music&#8221; link=&#8221;url:https%3A%2F%2Fcatlin.ee%2Fen%2Fsingel-andres-metsniidu-polka%2F|target:_blank|&#8221;][\/vc_column][vc_column width=&#8221;1\/6&#8243;][vc_btn title=&#8221;Bio&#8221; link=&#8221;url:https%3A%2F%2Fcatlin.ee%2Fen%2Fcatlin-magi-estpipes-bio%2F|target:_blank|&#8221;][\/vc_column][vc_column width=&#8221;1\/6&#8243;][vc_btn title=&#8221;Video&#8221; link=&#8221;url:https%3A%2F%2Fcatlin.ee%2Fen%2Fcatlin-magi-estpipes-videod%2F|target:_blank|&#8221;][\/vc_column][vc_column width=&#8221;1\/6&#8243;][vc_btn title=&#8221;Gallery&#8221; link=&#8221;url:https%3A%2F%2Fcatlin.ee%2F%3Fpage_id%3D2688%26preview%3Dtrue|target:_blank|&#8221;][\/vc_column][\/vc_row][vc_row][vc_column][vc_column_text]Our new album &#8220;Torupilli kuninganna kroonimine&#8221; (Coronation of&#8230;<\/p>\n","protected":false},"author":2,"featured_media":0,"parent":0,"menu_order":0,"comment_status":"closed","ping_status":"closed","template":"","meta":{"_exactmetrics_skip_tracking":false,"_exactmetrics_sitenote_active":false,"_exactmetrics_sitenote_note":"","_exactmetrics_sitenote_category":0,"jetpack_post_was_ever_published":false,"footnotes":""},"class_list":["post-2636","page","type-page","status-publish","hentry"],"yoast_head":"<!-- This site is optimized with the Yoast SEO plugin v27.3 - https:\/\/yoast.com\/product\/yoast-seo-wordpress\/ -->\n<title>C\u00e4tlin M\u00e4gi &amp; EstPipes - C\u00e4tlin M\u00e4gi<\/title>\n<meta name=\"description\" content=\"C\u00e4tlin M\u00e4gi &amp; EstPipes\" \/>\n<meta name=\"robots\" content=\"index, follow, max-snippet:-1, max-image-preview:large, max-video-preview:-1\" \/>\n<link rel=\"canonical\" href=\"https:\/\/catlin.ee\/en\/estpipes\/\" \/>\n<meta property=\"og:locale\" content=\"en_US\" \/>\n<meta property=\"og:type\" content=\"article\" \/>\n<meta property=\"og:title\" content=\"C\u00e4tlin M\u00e4gi &amp; EstPipes - C\u00e4tlin M\u00e4gi\" \/>\n<meta property=\"og:description\" content=\"C\u00e4tlin M\u00e4gi &amp; EstPipes\" \/>\n<meta property=\"og:url\" content=\"https:\/\/catlin.ee\/en\/estpipes\/\" \/>\n<meta property=\"og:site_name\" content=\"C\u00e4tlin M\u00e4gi\" \/>\n<meta property=\"article:modified_time\" content=\"2024-04-23T09:53:46+00:00\" \/>\n<meta property=\"og:image\" content=\"https:\/\/catlin.ee\/wp-content\/uploads\/2017\/01\/MG_4953.jpg\" \/>\n\t<meta property=\"og:image:width\" content=\"3000\" \/>\n\t<meta property=\"og:image:height\" content=\"2000\" \/>\n\t<meta property=\"og:image:type\" content=\"image\/jpeg\" \/>\n<meta name=\"twitter:card\" content=\"summary_large_image\" \/>\n<meta name=\"twitter:label1\" content=\"Est. reading time\" \/>\n\t<meta name=\"twitter:data1\" content=\"1 minute\" \/>\n<script type=\"application\/ld+json\" class=\"yoast-schema-graph\">{\"@context\":\"https:\\\/\\\/schema.org\",\"@graph\":[{\"@type\":\"WebPage\",\"@id\":\"https:\\\/\\\/catlin.ee\\\/en\\\/estpipes\\\/\",\"url\":\"https:\\\/\\\/catlin.ee\\\/en\\\/estpipes\\\/\",\"name\":\"C\u00e4tlin M\u00e4gi & EstPipes - C\u00e4tlin M\u00e4gi\",\"isPartOf\":{\"@id\":\"https:\\\/\\\/catlin.ee\\\/#website\"},\"datePublished\":\"2024-02-07T08:14:39+00:00\",\"dateModified\":\"2024-04-23T09:53:46+00:00\",\"description\":\"C\u00e4tlin M\u00e4gi & EstPipes\",\"breadcrumb\":{\"@id\":\"https:\\\/\\\/catlin.ee\\\/en\\\/estpipes\\\/#breadcrumb\"},\"inLanguage\":\"en-US\",\"potentialAction\":[{\"@type\":\"ReadAction\",\"target\":[\"https:\\\/\\\/catlin.ee\\\/en\\\/estpipes\\\/\"]}]},{\"@type\":\"BreadcrumbList\",\"@id\":\"https:\\\/\\\/catlin.ee\\\/en\\\/estpipes\\\/#breadcrumb\",\"itemListElement\":[{\"@type\":\"ListItem\",\"position\":1,\"name\":\"Home\",\"item\":\"https:\\\/\\\/catlin.ee\\\/\"},{\"@type\":\"ListItem\",\"position\":2,\"name\":\"C\u00e4tlin M\u00e4gi &#038; EstPipes\"}]},{\"@type\":\"WebSite\",\"@id\":\"https:\\\/\\\/catlin.ee\\\/#website\",\"url\":\"https:\\\/\\\/catlin.ee\\\/\",\"name\":\"C\u00e4tlin M\u00e4gi\",\"description\":\"C\u00e4tlin M\u00e4gi on \u00fcks simapaistvamaid eeskujusid eesti p\u00e4rimusmuusika maastikul\",\"alternateName\":\"CM\",\"potentialAction\":[{\"@type\":\"SearchAction\",\"target\":{\"@type\":\"EntryPoint\",\"urlTemplate\":\"https:\\\/\\\/catlin.ee\\\/?s={search_term_string}\"},\"query-input\":{\"@type\":\"PropertyValueSpecification\",\"valueRequired\":true,\"valueName\":\"search_term_string\"}}],\"inLanguage\":\"en-US\"}]}<\/script>\n<!-- \/ Yoast SEO plugin. -->","yoast_head_json":{"title":"C\u00e4tlin M\u00e4gi & EstPipes - C\u00e4tlin M\u00e4gi","description":"C\u00e4tlin M\u00e4gi & EstPipes","robots":{"index":"index","follow":"follow","max-snippet":"max-snippet:-1","max-image-preview":"max-image-preview:large","max-video-preview":"max-video-preview:-1"},"canonical":"https:\/\/catlin.ee\/en\/estpipes\/","og_locale":"en_US","og_type":"article","og_title":"C\u00e4tlin M\u00e4gi & EstPipes - C\u00e4tlin M\u00e4gi","og_description":"C\u00e4tlin M\u00e4gi & EstPipes","og_url":"https:\/\/catlin.ee\/en\/estpipes\/","og_site_name":"C\u00e4tlin M\u00e4gi","article_modified_time":"2024-04-23T09:53:46+00:00","og_image":[{"width":3000,"height":2000,"url":"https:\/\/catlin.ee\/wp-content\/uploads\/2017\/01\/MG_4953.jpg","type":"image\/jpeg"}],"twitter_card":"summary_large_image","twitter_misc":{"Est. reading time":"1 minute"},"schema":{"@context":"https:\/\/schema.org","@graph":[{"@type":"WebPage","@id":"https:\/\/catlin.ee\/en\/estpipes\/","url":"https:\/\/catlin.ee\/en\/estpipes\/","name":"C\u00e4tlin M\u00e4gi & EstPipes - C\u00e4tlin M\u00e4gi","isPartOf":{"@id":"https:\/\/catlin.ee\/#website"},"datePublished":"2024-02-07T08:14:39+00:00","dateModified":"2024-04-23T09:53:46+00:00","description":"C\u00e4tlin M\u00e4gi & EstPipes","breadcrumb":{"@id":"https:\/\/catlin.ee\/en\/estpipes\/#breadcrumb"},"inLanguage":"en-US","potentialAction":[{"@type":"ReadAction","target":["https:\/\/catlin.ee\/en\/estpipes\/"]}]},{"@type":"BreadcrumbList","@id":"https:\/\/catlin.ee\/en\/estpipes\/#breadcrumb","itemListElement":[{"@type":"ListItem","position":1,"name":"Home","item":"https:\/\/catlin.ee\/"},{"@type":"ListItem","position":2,"name":"C\u00e4tlin M\u00e4gi &#038; EstPipes"}]},{"@type":"WebSite","@id":"https:\/\/catlin.ee\/#website","url":"https:\/\/catlin.ee\/","name":"C\u00e4tlin M\u00e4gi","description":"C\u00e4tlin M\u00e4gi on \u00fcks simapaistvamaid eeskujusid eesti p\u00e4rimusmuusika maastikul","alternateName":"CM","potentialAction":[{"@type":"SearchAction","target":{"@type":"EntryPoint","urlTemplate":"https:\/\/catlin.ee\/?s={search_term_string}"},"query-input":{"@type":"PropertyValueSpecification","valueRequired":true,"valueName":"search_term_string"}}],"inLanguage":"en-US"}]}},"jetpack_sharing_enabled":true,"jetpack_shortlink":"https:\/\/wp.me\/P5m405-Gw","_links":{"self":[{"href":"https:\/\/catlin.ee\/en\/wp-json\/wp\/v2\/pages\/2636","targetHints":{"allow":["GET"]}}],"collection":[{"href":"https:\/\/catlin.ee\/en\/wp-json\/wp\/v2\/pages"}],"about":[{"href":"https:\/\/catlin.ee\/en\/wp-json\/wp\/v2\/types\/page"}],"author":[{"embeddable":true,"href":"https:\/\/catlin.ee\/en\/wp-json\/wp\/v2\/users\/2"}],"replies":[{"embeddable":true,"href":"https:\/\/catlin.ee\/en\/wp-json\/wp\/v2\/comments?post=2636"}],"version-history":[{"count":29,"href":"https:\/\/catlin.ee\/en\/wp-json\/wp\/v2\/pages\/2636\/revisions"}],"predecessor-version":[{"id":2835,"href":"https:\/\/catlin.ee\/en\/wp-json\/wp\/v2\/pages\/2636\/revisions\/2835"}],"wp:attachment":[{"href":"https:\/\/catlin.ee\/en\/wp-json\/wp\/v2\/media?parent=2636"}],"curies":[{"name":"wp","href":"https:\/\/api.w.org\/{rel}","templated":true}]}}