{"id":2629,"date":"2024-02-07T11:06:13","date_gmt":"2024-02-07T08:06:13","guid":{"rendered":"https:\/\/catlin.ee\/estpipes\/"},"modified":"2024-02-07T11:10:46","modified_gmt":"2024-02-07T08:10:46","slug":"estpipes","status":"publish","type":"page","link":"https:\/\/catlin.ee\/en\/catlin-magi-estpipes\/estpipes\/","title":{"rendered":"C\u00e4tlin M\u00e4gi &#038; EstPipes &#8220;Torupilli kuninganna kroonimine&#8221;"},"content":{"rendered":"<p><b>C\u00e4tlin M\u00e4gi &amp; EstPipes<\/b><\/p>\n<p><b>Torupilli kuninganna kroonimine<\/b><\/p>\n<p>T\u00dc Viljandi kultuuriakadeemia torupillim\u00e4ngijad<\/p>\n<p>Plaadil k\u00f5lavad lood, mis kuulusid torupillim\u00e4ngijate repertuaari eelmisel sajandil. Erandiks on viimane, plaadi nimilugu &#8220;Torupilli kuninganna kroonimine&#8221;, mille autor on helilooja Margo K\u00f5lar. M\u00e4ngime enamjaolt seitsmel torupillil, kuid kuulda saab ka parmupille, vilepille ja laulu. K\u00f5ik traditsiooniliste lugude salvestused p\u00e4rinevad Eesti Rahvaluule Arhiivist ning seaded on teinud C\u00e4tlin M\u00e4gi. Siin ja seal kostab katkeid arhiivisalvestustest, aga j\u00e4\u00e4gu need siis juba igale kuulajale \u00fcllatuseks!<\/p>\n<p><b>1. Sissejuhatus<\/b><\/p>\n<p><b>2. Jakob Ratsovi vene tants<\/b><\/p>\n<p><b>3. Kulla im\u00e4<\/b><\/p>\n<p><b>4. Jaan Pihti Juudi jung<\/b><\/p>\n<p><b>5. T\u00f5nu Esloni ingliska ja kupparimuori<\/b><\/p>\n<p><b>6. C\u00e4tlini parmupilli-improvisatsioon<\/b><\/p>\n<p><b>7. Peeter Silla torupillilugu<\/b><\/p>\n<p><b>8. Wabariigi polka<\/b><\/p>\n<p><b>9. Andres Metsniidu polka<\/b><\/p>\n<p><b>10. Jakob<span class=\"Apple-converted-space\">\u00a0 <\/span>Kilstr\u00f6mi labajalad<\/b><\/p>\n<p><b>11. Peeter Piilp\u00e4rki torupilli-labajalg<\/b><\/p>\n<p><b>12. Kasatskid<span class=\"Apple-converted-space\">\u00a0<\/span><\/b><\/p>\n<p><b>13. Torupilli Jussi 6. lugu<\/b><\/p>\n<p><b>14. Jaan Pihti Viru l\u00f6ss<\/b><\/p>\n<p><b>15. Torupilli kuninganna kroonimine &#8211; autor Margo K\u00f5lar<\/b><\/p>\n<p>Salvestus ja kokkum\u00e4ng Egert Silk<\/p>\n<p>K\u00f5lakujundus Janar Paeglis<\/p>\n<p>Fotod ja kujundus Maritta Anton<\/p>\n<p>Produktsioon C\u00e4tlin M\u00e4gi<\/p>\n<p>Salvestatud Viljandi Kultuuriakadeemia muusikamaja stuudios<\/p>\n<p>T\u00dc Viljandi kultuuriakadeemia 2024<\/p>\n","protected":false},"excerpt":{"rendered":"<p>C\u00e4tlin M\u00e4gi &amp; EstPipes Torupilli kuninganna kroonimine T\u00dc Viljandi kultuuriakadeemia torupillim\u00e4ngijad Plaadil k\u00f5lavad lood, mis kuulusid torupillim\u00e4ngijate repertuaari eelmisel sajandil&#8230;.<\/p>\n","protected":false},"author":2,"featured_media":0,"parent":2614,"menu_order":1,"comment_status":"closed","ping_status":"closed","template":"","meta":{"_exactmetrics_skip_tracking":false,"_exactmetrics_sitenote_active":false,"_exactmetrics_sitenote_note":"","_exactmetrics_sitenote_category":0,"jetpack_post_was_ever_published":false,"footnotes":""},"class_list":["post-2629","page","type-page","status-publish","hentry"],"yoast_head":"<!-- This site is optimized with the Yoast SEO plugin v27.3 - https:\/\/yoast.com\/product\/yoast-seo-wordpress\/ -->\n<title>C\u00e4tlin M\u00e4gi &amp; EstPipes &quot;Torupilli kuninganna kroonimine&quot; - C\u00e4tlin M\u00e4gi<\/title>\n<meta name=\"description\" content=\"C\u00e4tlin M\u00e4gi &amp; EstPipes &quot;Torupilli kuninganna kroonimine&quot;\" \/>\n<meta name=\"robots\" content=\"index, follow, max-snippet:-1, max-image-preview:large, max-video-preview:-1\" \/>\n<link rel=\"canonical\" href=\"https:\/\/catlin.ee\/en\/catlin-magi-estpipes\/estpipes\/\" \/>\n<meta property=\"og:locale\" content=\"en_US\" \/>\n<meta property=\"og:type\" content=\"article\" \/>\n<meta property=\"og:title\" content=\"C\u00e4tlin M\u00e4gi &amp; EstPipes &quot;Torupilli kuninganna kroonimine&quot; - C\u00e4tlin M\u00e4gi\" \/>\n<meta property=\"og:description\" content=\"C\u00e4tlin M\u00e4gi &amp; EstPipes &quot;Torupilli kuninganna kroonimine&quot;\" \/>\n<meta property=\"og:url\" content=\"https:\/\/catlin.ee\/en\/catlin-magi-estpipes\/estpipes\/\" \/>\n<meta property=\"og:site_name\" content=\"C\u00e4tlin M\u00e4gi\" \/>\n<meta property=\"article:modified_time\" content=\"2024-02-07T08:10:46+00:00\" \/>\n<meta property=\"og:image\" content=\"https:\/\/catlin.ee\/wp-content\/uploads\/2017\/01\/MG_4953.jpg\" \/>\n\t<meta property=\"og:image:width\" content=\"3000\" \/>\n\t<meta property=\"og:image:height\" content=\"2000\" \/>\n\t<meta property=\"og:image:type\" content=\"image\/jpeg\" \/>\n<meta name=\"twitter:card\" content=\"summary_large_image\" \/>\n<meta name=\"twitter:label1\" content=\"Est. reading time\" \/>\n\t<meta name=\"twitter:data1\" content=\"1 minute\" \/>\n<script type=\"application\/ld+json\" class=\"yoast-schema-graph\">{\"@context\":\"https:\\\/\\\/schema.org\",\"@graph\":[{\"@type\":\"WebPage\",\"@id\":\"https:\\\/\\\/catlin.ee\\\/en\\\/catlin-magi-estpipes\\\/estpipes\\\/\",\"url\":\"https:\\\/\\\/catlin.ee\\\/en\\\/catlin-magi-estpipes\\\/estpipes\\\/\",\"name\":\"C\u00e4tlin M\u00e4gi & EstPipes \\\"Torupilli kuninganna kroonimine\\\" - C\u00e4tlin M\u00e4gi\",\"isPartOf\":{\"@id\":\"https:\\\/\\\/catlin.ee\\\/#website\"},\"datePublished\":\"2024-02-07T08:06:13+00:00\",\"dateModified\":\"2024-02-07T08:10:46+00:00\",\"description\":\"C\u00e4tlin M\u00e4gi & EstPipes \\\"Torupilli kuninganna kroonimine\\\"\",\"breadcrumb\":{\"@id\":\"https:\\\/\\\/catlin.ee\\\/en\\\/catlin-magi-estpipes\\\/estpipes\\\/#breadcrumb\"},\"inLanguage\":\"en-US\",\"potentialAction\":[{\"@type\":\"ReadAction\",\"target\":[\"https:\\\/\\\/catlin.ee\\\/en\\\/catlin-magi-estpipes\\\/estpipes\\\/\"]}]},{\"@type\":\"BreadcrumbList\",\"@id\":\"https:\\\/\\\/catlin.ee\\\/en\\\/catlin-magi-estpipes\\\/estpipes\\\/#breadcrumb\",\"itemListElement\":[{\"@type\":\"ListItem\",\"position\":1,\"name\":\"Home\",\"item\":\"https:\\\/\\\/catlin.ee\\\/\"},{\"@type\":\"ListItem\",\"position\":2,\"name\":\"C\u00e4tlin M\u00e4gi &#038; EstPipes\",\"item\":\"https:\\\/\\\/catlin.ee\\\/en\\\/catlin-magi-estpipes\\\/\"},{\"@type\":\"ListItem\",\"position\":3,\"name\":\"C\u00e4tlin M\u00e4gi &#038; EstPipes &#8220;Torupilli kuninganna kroonimine&#8221;\"}]},{\"@type\":\"WebSite\",\"@id\":\"https:\\\/\\\/catlin.ee\\\/#website\",\"url\":\"https:\\\/\\\/catlin.ee\\\/\",\"name\":\"C\u00e4tlin M\u00e4gi\",\"description\":\"C\u00e4tlin M\u00e4gi on \u00fcks simapaistvamaid eeskujusid eesti p\u00e4rimusmuusika maastikul\",\"alternateName\":\"CM\",\"potentialAction\":[{\"@type\":\"SearchAction\",\"target\":{\"@type\":\"EntryPoint\",\"urlTemplate\":\"https:\\\/\\\/catlin.ee\\\/?s={search_term_string}\"},\"query-input\":{\"@type\":\"PropertyValueSpecification\",\"valueRequired\":true,\"valueName\":\"search_term_string\"}}],\"inLanguage\":\"en-US\"}]}<\/script>\n<!-- \/ Yoast SEO plugin. -->","yoast_head_json":{"title":"C\u00e4tlin M\u00e4gi & EstPipes \"Torupilli kuninganna kroonimine\" - C\u00e4tlin M\u00e4gi","description":"C\u00e4tlin M\u00e4gi & EstPipes \"Torupilli kuninganna kroonimine\"","robots":{"index":"index","follow":"follow","max-snippet":"max-snippet:-1","max-image-preview":"max-image-preview:large","max-video-preview":"max-video-preview:-1"},"canonical":"https:\/\/catlin.ee\/en\/catlin-magi-estpipes\/estpipes\/","og_locale":"en_US","og_type":"article","og_title":"C\u00e4tlin M\u00e4gi & EstPipes \"Torupilli kuninganna kroonimine\" - C\u00e4tlin M\u00e4gi","og_description":"C\u00e4tlin M\u00e4gi & EstPipes \"Torupilli kuninganna kroonimine\"","og_url":"https:\/\/catlin.ee\/en\/catlin-magi-estpipes\/estpipes\/","og_site_name":"C\u00e4tlin M\u00e4gi","article_modified_time":"2024-02-07T08:10:46+00:00","og_image":[{"width":3000,"height":2000,"url":"https:\/\/catlin.ee\/wp-content\/uploads\/2017\/01\/MG_4953.jpg","type":"image\/jpeg"}],"twitter_card":"summary_large_image","twitter_misc":{"Est. reading time":"1 minute"},"schema":{"@context":"https:\/\/schema.org","@graph":[{"@type":"WebPage","@id":"https:\/\/catlin.ee\/en\/catlin-magi-estpipes\/estpipes\/","url":"https:\/\/catlin.ee\/en\/catlin-magi-estpipes\/estpipes\/","name":"C\u00e4tlin M\u00e4gi & EstPipes \"Torupilli kuninganna kroonimine\" - C\u00e4tlin M\u00e4gi","isPartOf":{"@id":"https:\/\/catlin.ee\/#website"},"datePublished":"2024-02-07T08:06:13+00:00","dateModified":"2024-02-07T08:10:46+00:00","description":"C\u00e4tlin M\u00e4gi & EstPipes \"Torupilli kuninganna kroonimine\"","breadcrumb":{"@id":"https:\/\/catlin.ee\/en\/catlin-magi-estpipes\/estpipes\/#breadcrumb"},"inLanguage":"en-US","potentialAction":[{"@type":"ReadAction","target":["https:\/\/catlin.ee\/en\/catlin-magi-estpipes\/estpipes\/"]}]},{"@type":"BreadcrumbList","@id":"https:\/\/catlin.ee\/en\/catlin-magi-estpipes\/estpipes\/#breadcrumb","itemListElement":[{"@type":"ListItem","position":1,"name":"Home","item":"https:\/\/catlin.ee\/"},{"@type":"ListItem","position":2,"name":"C\u00e4tlin M\u00e4gi &#038; EstPipes","item":"https:\/\/catlin.ee\/en\/catlin-magi-estpipes\/"},{"@type":"ListItem","position":3,"name":"C\u00e4tlin M\u00e4gi &#038; EstPipes &#8220;Torupilli kuninganna kroonimine&#8221;"}]},{"@type":"WebSite","@id":"https:\/\/catlin.ee\/#website","url":"https:\/\/catlin.ee\/","name":"C\u00e4tlin M\u00e4gi","description":"C\u00e4tlin M\u00e4gi on \u00fcks simapaistvamaid eeskujusid eesti p\u00e4rimusmuusika maastikul","alternateName":"CM","potentialAction":[{"@type":"SearchAction","target":{"@type":"EntryPoint","urlTemplate":"https:\/\/catlin.ee\/?s={search_term_string}"},"query-input":{"@type":"PropertyValueSpecification","valueRequired":true,"valueName":"search_term_string"}}],"inLanguage":"en-US"}]}},"jetpack_sharing_enabled":true,"jetpack_shortlink":"https:\/\/wp.me\/P5m405-Gp","_links":{"self":[{"href":"https:\/\/catlin.ee\/en\/wp-json\/wp\/v2\/pages\/2629","targetHints":{"allow":["GET"]}}],"collection":[{"href":"https:\/\/catlin.ee\/en\/wp-json\/wp\/v2\/pages"}],"about":[{"href":"https:\/\/catlin.ee\/en\/wp-json\/wp\/v2\/types\/page"}],"author":[{"embeddable":true,"href":"https:\/\/catlin.ee\/en\/wp-json\/wp\/v2\/users\/2"}],"replies":[{"embeddable":true,"href":"https:\/\/catlin.ee\/en\/wp-json\/wp\/v2\/comments?post=2629"}],"version-history":[{"count":1,"href":"https:\/\/catlin.ee\/en\/wp-json\/wp\/v2\/pages\/2629\/revisions"}],"predecessor-version":[{"id":2630,"href":"https:\/\/catlin.ee\/en\/wp-json\/wp\/v2\/pages\/2629\/revisions\/2630"}],"up":[{"embeddable":true,"href":"https:\/\/catlin.ee\/en\/wp-json\/wp\/v2\/pages\/2614"}],"wp:attachment":[{"href":"https:\/\/catlin.ee\/en\/wp-json\/wp\/v2\/media?parent=2629"}],"curies":[{"name":"wp","href":"https:\/\/api.w.org\/{rel}","templated":true}]}}