{"id":2410,"date":"2020-07-25T09:50:00","date_gmt":"2020-07-25T06:50:00","guid":{"rendered":"https:\/\/catlin.ee\/catlin-ja-marko-magi\/"},"modified":"2025-08-15T09:39:49","modified_gmt":"2025-08-15T06:39:49","slug":"catlin-ja-marko-magi","status":"publish","type":"page","link":"https:\/\/catlin.ee\/en\/catlin-ja-marko-magi\/","title":{"rendered":"C\u00e4tlin &#038; Marko M\u00e4gi"},"content":{"rendered":"<div class=\"wpb-content-wrapper\"><p>[vc_row][vc_column][vc_column_text]<\/p>\n<h1><a href=\"https:\/\/catlin.ee\/cd-magikaikavedu\/\" target=\"_blank\" rel=\"noopener\">C D \u00a0 \u00a0&#8221; M \u00c4 G I K A I K A V E D U &#8220;<\/a><\/h1>\n<p>[\/vc_column_text][\/vc_column][\/vc_row][vc_row][vc_column width=&#8221;1\/2&#8243;][vc_column_text]<\/p>\n<p data-start=\"40\" data-end=\"266\"><strong data-start=\"40\" data-end=\"67\">Duo C\u00e4tlin &amp; Marko M\u00e4gi<\/strong> is an ensemble that mainly performs Estonian traditional music, presenting a unique blend of centuries-old archaic bagpipe and jew\u2019s harp tunes together with contemporary saxophone improvisations.<\/p>\n<p data-start=\"268\" data-end=\"548\">This synergistic duo is able to create a special connection with their audience, offering not only a musical experience but also insights into Estonia\u2019s bagpipe and jew\u2019s harp traditions \u2014 and there\u2019s always at least one shared regilaul (traditional runo song) to sing together.<\/p>\n<p data-start=\"550\" data-end=\"736\">In addition to their musical activities, C\u00e4tlin and Marko are lecturers at the University of Tartu Viljandi Culture Academy, and they also journey together through life\u2019s shared paths.<\/p>\n<p data-start=\"738\" data-end=\"750\"><strong data-start=\"738\" data-end=\"748\">Photos<\/strong><\/p>\n<p>&nbsp;[\/vc_column_text][\/vc_column][vc_column width=&#8221;1\/2&#8243;][vc_gallery interval=&#8221;3&#8243; images=&#8221;2529&#8243;][\/vc_column][\/vc_row][vc_row][vc_column][vc_video link=&#8221;https:\/\/youtu.be\/ZjGVL0cH_Zs&#8221;][\/vc_column][\/vc_row][vc_row][vc_column][vc_video link=&#8221;https:\/\/www.youtube.com\/watch?v=TNaB-eVqBeA&#8221;][\/vc_column][\/vc_row][vc_row][vc_column][vc_video link=&#8221;https:\/\/www.youtube.com\/watch?v=VsSccvfeY6w&#8221;][\/vc_column][\/vc_row]<\/p>\n<\/div>","protected":false},"excerpt":{"rendered":"<p>[vc_row][vc_column][vc_column_text] C D \u00a0 \u00a0&#8221; M \u00c4 G I K A I K A V E D U &#8220; [\/vc_column_text][\/vc_column][\/vc_row][vc_row][vc_column&#8230;<\/p>\n","protected":false},"author":2,"featured_media":0,"parent":0,"menu_order":0,"comment_status":"closed","ping_status":"closed","template":"","meta":{"_exactmetrics_skip_tracking":false,"_exactmetrics_sitenote_active":false,"_exactmetrics_sitenote_note":"","_exactmetrics_sitenote_category":0,"jetpack_post_was_ever_published":false,"footnotes":""},"class_list":["post-2410","page","type-page","status-publish","hentry"],"yoast_head":"<!-- This site is optimized with the Yoast SEO plugin v27.3 - https:\/\/yoast.com\/product\/yoast-seo-wordpress\/ -->\n<title>C\u00e4tlin &amp; Marko M\u00e4gi - C\u00e4tlin M\u00e4gi<\/title>\n<meta name=\"description\" content=\"C\u00e4tlin &amp; Marko M\u00e4gi\" \/>\n<meta name=\"robots\" content=\"index, follow, max-snippet:-1, max-image-preview:large, max-video-preview:-1\" \/>\n<link rel=\"canonical\" href=\"https:\/\/catlin.ee\/en\/catlin-ja-marko-magi\/\" \/>\n<meta property=\"og:locale\" content=\"en_US\" \/>\n<meta property=\"og:type\" content=\"article\" \/>\n<meta property=\"og:title\" content=\"C\u00e4tlin &amp; Marko M\u00e4gi - C\u00e4tlin M\u00e4gi\" \/>\n<meta property=\"og:description\" content=\"C\u00e4tlin &amp; Marko M\u00e4gi\" \/>\n<meta property=\"og:url\" content=\"https:\/\/catlin.ee\/en\/catlin-ja-marko-magi\/\" \/>\n<meta property=\"og:site_name\" content=\"C\u00e4tlin M\u00e4gi\" \/>\n<meta property=\"article:modified_time\" content=\"2025-08-15T06:39:49+00:00\" \/>\n<meta property=\"og:image\" content=\"https:\/\/catlin.ee\/wp-content\/uploads\/2017\/01\/MG_4953.jpg\" \/>\n\t<meta property=\"og:image:width\" content=\"3000\" \/>\n\t<meta property=\"og:image:height\" content=\"2000\" \/>\n\t<meta property=\"og:image:type\" content=\"image\/jpeg\" \/>\n<meta name=\"twitter:card\" content=\"summary_large_image\" \/>\n<meta name=\"twitter:label1\" content=\"Est. reading time\" \/>\n\t<meta name=\"twitter:data1\" content=\"1 minute\" \/>\n<script type=\"application\/ld+json\" class=\"yoast-schema-graph\">{\"@context\":\"https:\\\/\\\/schema.org\",\"@graph\":[{\"@type\":\"WebPage\",\"@id\":\"https:\\\/\\\/catlin.ee\\\/en\\\/catlin-ja-marko-magi\\\/\",\"url\":\"https:\\\/\\\/catlin.ee\\\/en\\\/catlin-ja-marko-magi\\\/\",\"name\":\"C\u00e4tlin & Marko M\u00e4gi - C\u00e4tlin M\u00e4gi\",\"isPartOf\":{\"@id\":\"https:\\\/\\\/catlin.ee\\\/#website\"},\"datePublished\":\"2020-07-25T06:50:00+00:00\",\"dateModified\":\"2025-08-15T06:39:49+00:00\",\"description\":\"C\u00e4tlin & Marko M\u00e4gi\",\"breadcrumb\":{\"@id\":\"https:\\\/\\\/catlin.ee\\\/en\\\/catlin-ja-marko-magi\\\/#breadcrumb\"},\"inLanguage\":\"en-US\",\"potentialAction\":[{\"@type\":\"ReadAction\",\"target\":[\"https:\\\/\\\/catlin.ee\\\/en\\\/catlin-ja-marko-magi\\\/\"]}]},{\"@type\":\"BreadcrumbList\",\"@id\":\"https:\\\/\\\/catlin.ee\\\/en\\\/catlin-ja-marko-magi\\\/#breadcrumb\",\"itemListElement\":[{\"@type\":\"ListItem\",\"position\":1,\"name\":\"Home\",\"item\":\"https:\\\/\\\/catlin.ee\\\/\"},{\"@type\":\"ListItem\",\"position\":2,\"name\":\"C\u00e4tlin &#038; Marko M\u00e4gi\"}]},{\"@type\":\"WebSite\",\"@id\":\"https:\\\/\\\/catlin.ee\\\/#website\",\"url\":\"https:\\\/\\\/catlin.ee\\\/\",\"name\":\"C\u00e4tlin M\u00e4gi\",\"description\":\"C\u00e4tlin M\u00e4gi on \u00fcks simapaistvamaid eeskujusid eesti p\u00e4rimusmuusika maastikul\",\"alternateName\":\"CM\",\"potentialAction\":[{\"@type\":\"SearchAction\",\"target\":{\"@type\":\"EntryPoint\",\"urlTemplate\":\"https:\\\/\\\/catlin.ee\\\/?s={search_term_string}\"},\"query-input\":{\"@type\":\"PropertyValueSpecification\",\"valueRequired\":true,\"valueName\":\"search_term_string\"}}],\"inLanguage\":\"en-US\"}]}<\/script>\n<!-- \/ Yoast SEO plugin. -->","yoast_head_json":{"title":"C\u00e4tlin & Marko M\u00e4gi - C\u00e4tlin M\u00e4gi","description":"C\u00e4tlin & Marko M\u00e4gi","robots":{"index":"index","follow":"follow","max-snippet":"max-snippet:-1","max-image-preview":"max-image-preview:large","max-video-preview":"max-video-preview:-1"},"canonical":"https:\/\/catlin.ee\/en\/catlin-ja-marko-magi\/","og_locale":"en_US","og_type":"article","og_title":"C\u00e4tlin & Marko M\u00e4gi - C\u00e4tlin M\u00e4gi","og_description":"C\u00e4tlin & Marko M\u00e4gi","og_url":"https:\/\/catlin.ee\/en\/catlin-ja-marko-magi\/","og_site_name":"C\u00e4tlin M\u00e4gi","article_modified_time":"2025-08-15T06:39:49+00:00","og_image":[{"width":3000,"height":2000,"url":"https:\/\/catlin.ee\/wp-content\/uploads\/2017\/01\/MG_4953.jpg","type":"image\/jpeg"}],"twitter_card":"summary_large_image","twitter_misc":{"Est. reading time":"1 minute"},"schema":{"@context":"https:\/\/schema.org","@graph":[{"@type":"WebPage","@id":"https:\/\/catlin.ee\/en\/catlin-ja-marko-magi\/","url":"https:\/\/catlin.ee\/en\/catlin-ja-marko-magi\/","name":"C\u00e4tlin & Marko M\u00e4gi - C\u00e4tlin M\u00e4gi","isPartOf":{"@id":"https:\/\/catlin.ee\/#website"},"datePublished":"2020-07-25T06:50:00+00:00","dateModified":"2025-08-15T06:39:49+00:00","description":"C\u00e4tlin & Marko M\u00e4gi","breadcrumb":{"@id":"https:\/\/catlin.ee\/en\/catlin-ja-marko-magi\/#breadcrumb"},"inLanguage":"en-US","potentialAction":[{"@type":"ReadAction","target":["https:\/\/catlin.ee\/en\/catlin-ja-marko-magi\/"]}]},{"@type":"BreadcrumbList","@id":"https:\/\/catlin.ee\/en\/catlin-ja-marko-magi\/#breadcrumb","itemListElement":[{"@type":"ListItem","position":1,"name":"Home","item":"https:\/\/catlin.ee\/"},{"@type":"ListItem","position":2,"name":"C\u00e4tlin &#038; Marko M\u00e4gi"}]},{"@type":"WebSite","@id":"https:\/\/catlin.ee\/#website","url":"https:\/\/catlin.ee\/","name":"C\u00e4tlin M\u00e4gi","description":"C\u00e4tlin M\u00e4gi on \u00fcks simapaistvamaid eeskujusid eesti p\u00e4rimusmuusika maastikul","alternateName":"CM","potentialAction":[{"@type":"SearchAction","target":{"@type":"EntryPoint","urlTemplate":"https:\/\/catlin.ee\/?s={search_term_string}"},"query-input":{"@type":"PropertyValueSpecification","valueRequired":true,"valueName":"search_term_string"}}],"inLanguage":"en-US"}]}},"jetpack_sharing_enabled":true,"jetpack_shortlink":"https:\/\/wp.me\/P5m405-CS","_links":{"self":[{"href":"https:\/\/catlin.ee\/en\/wp-json\/wp\/v2\/pages\/2410","targetHints":{"allow":["GET"]}}],"collection":[{"href":"https:\/\/catlin.ee\/en\/wp-json\/wp\/v2\/pages"}],"about":[{"href":"https:\/\/catlin.ee\/en\/wp-json\/wp\/v2\/types\/page"}],"author":[{"embeddable":true,"href":"https:\/\/catlin.ee\/en\/wp-json\/wp\/v2\/users\/2"}],"replies":[{"embeddable":true,"href":"https:\/\/catlin.ee\/en\/wp-json\/wp\/v2\/comments?post=2410"}],"version-history":[{"count":13,"href":"https:\/\/catlin.ee\/en\/wp-json\/wp\/v2\/pages\/2410\/revisions"}],"predecessor-version":[{"id":2874,"href":"https:\/\/catlin.ee\/en\/wp-json\/wp\/v2\/pages\/2410\/revisions\/2874"}],"wp:attachment":[{"href":"https:\/\/catlin.ee\/en\/wp-json\/wp\/v2\/media?parent=2410"}],"curies":[{"name":"wp","href":"https:\/\/api.w.org\/{rel}","templated":true}]}}