{"id":1499,"date":"2020-01-04T08:41:21","date_gmt":"2020-01-04T05:41:21","guid":{"rendered":"https:\/\/catlin.ee\/biography\/contact\/"},"modified":"2020-01-04T08:43:45","modified_gmt":"2020-01-04T05:43:45","slug":"contact","status":"publish","type":"page","link":"https:\/\/catlin.ee\/en\/biography\/contact\/","title":{"rendered":"Contact"},"content":{"rendered":"<div class=\"wpb-content-wrapper\"><p>[vc_row][vc_column width=&#8221;1\/2&#8243;][vc_row_inner][vc_column_inner][vc_column_text]<a href=\"https:\/\/catlin.ee\/wp-content\/uploads\/2011\/05\/Torupilli-Jussi-Trio-2.jpg\"><img loading=\"lazy\" decoding=\"async\" class=\"alignnone size-medium wp-image-716 alignleft\" src=\"https:\/\/catlin.ee\/wp-content\/uploads\/2011\/05\/Torupilli-Jussi-Trio-2-300x300.jpg\" alt=\"\" width=\"300\" height=\"300\" srcset=\"https:\/\/catlin.ee\/wp-content\/uploads\/2011\/05\/Torupilli-Jussi-Trio-2-300x300.jpg 300w, https:\/\/catlin.ee\/wp-content\/uploads\/2011\/05\/Torupilli-Jussi-Trio-2-150x150.jpg 150w, https:\/\/catlin.ee\/wp-content\/uploads\/2011\/05\/Torupilli-Jussi-Trio-2-768x768.jpg 768w, https:\/\/catlin.ee\/wp-content\/uploads\/2011\/05\/Torupilli-Jussi-Trio-2-1024x1024.jpg 1024w, https:\/\/catlin.ee\/wp-content\/uploads\/2011\/05\/Torupilli-Jussi-Trio-2-110x110.jpg 110w, https:\/\/catlin.ee\/wp-content\/uploads\/2011\/05\/Torupilli-Jussi-Trio-2-1100x1100.jpg 1100w, https:\/\/catlin.ee\/wp-content\/uploads\/2011\/05\/Torupilli-Jussi-Trio-2-468x468.jpg 468w, https:\/\/catlin.ee\/wp-content\/uploads\/2011\/05\/Torupilli-Jussi-Trio-2-502x502.jpg 502w, https:\/\/catlin.ee\/wp-content\/uploads\/2011\/05\/Torupilli-Jussi-Trio-2.jpg 1400w\" sizes=\"auto, (max-width: 300px) 100vw, 300px\" \/><\/a><br \/>\ncatlincatlin@gmail.com<br \/>\n+372 53433756[\/vc_column_text][\/vc_column_inner][\/vc_row_inner][\/vc_column][\/vc_row]<\/p>\n<\/div>","protected":false},"excerpt":{"rendered":"<p>[vc_row][vc_column width=&#8221;1\/2&#8243;][vc_row_inner][vc_column_inner][vc_column_text] catlincatlin@gmail.com +372 53433756[\/vc_column_text][\/vc_column_inner][\/vc_row_inner][\/vc_column][\/vc_row]<\/p>\n","protected":false},"author":1,"featured_media":0,"parent":1320,"menu_order":0,"comment_status":"open","ping_status":"closed","template":"","meta":{"_exactmetrics_skip_tracking":false,"_exactmetrics_sitenote_active":false,"_exactmetrics_sitenote_note":"","_exactmetrics_sitenote_category":0,"jetpack_post_was_ever_published":false,"footnotes":""},"class_list":["post-1499","page","type-page","status-publish","hentry"],"yoast_head":"<!-- This site is optimized with the Yoast SEO plugin v27.3 - https:\/\/yoast.com\/product\/yoast-seo-wordpress\/ -->\n<title>Contact - C\u00e4tlin M\u00e4gi<\/title>\n<meta name=\"description\" content=\"Contact\" \/>\n<meta name=\"robots\" content=\"index, follow, max-snippet:-1, max-image-preview:large, max-video-preview:-1\" \/>\n<link rel=\"canonical\" href=\"https:\/\/catlin.ee\/en\/biography\/contact\/\" \/>\n<meta property=\"og:locale\" content=\"en_US\" \/>\n<meta property=\"og:type\" content=\"article\" \/>\n<meta property=\"og:title\" content=\"Contact - C\u00e4tlin M\u00e4gi\" \/>\n<meta property=\"og:description\" content=\"Contact\" \/>\n<meta property=\"og:url\" content=\"https:\/\/catlin.ee\/en\/biography\/contact\/\" \/>\n<meta property=\"og:site_name\" content=\"C\u00e4tlin M\u00e4gi\" \/>\n<meta property=\"article:modified_time\" content=\"2020-01-04T05:43:45+00:00\" \/>\n<meta property=\"og:image\" content=\"https:\/\/catlin.ee\/wp-content\/uploads\/2011\/05\/Torupilli-Jussi-Trio-2-300x300.jpg\" \/>\n<meta name=\"twitter:card\" content=\"summary_large_image\" \/>\n<script type=\"application\/ld+json\" class=\"yoast-schema-graph\">{\"@context\":\"https:\\\/\\\/schema.org\",\"@graph\":[{\"@type\":\"WebPage\",\"@id\":\"https:\\\/\\\/catlin.ee\\\/en\\\/biography\\\/contact\\\/\",\"url\":\"https:\\\/\\\/catlin.ee\\\/en\\\/biography\\\/contact\\\/\",\"name\":\"Contact - C\u00e4tlin M\u00e4gi\",\"isPartOf\":{\"@id\":\"https:\\\/\\\/catlin.ee\\\/#website\"},\"primaryImageOfPage\":{\"@id\":\"https:\\\/\\\/catlin.ee\\\/en\\\/biography\\\/contact\\\/#primaryimage\"},\"image\":{\"@id\":\"https:\\\/\\\/catlin.ee\\\/en\\\/biography\\\/contact\\\/#primaryimage\"},\"thumbnailUrl\":\"https:\\\/\\\/catlin.ee\\\/wp-content\\\/uploads\\\/2011\\\/05\\\/Torupilli-Jussi-Trio-2-300x300.jpg\",\"datePublished\":\"2020-01-04T05:41:21+00:00\",\"dateModified\":\"2020-01-04T05:43:45+00:00\",\"description\":\"Contact\",\"breadcrumb\":{\"@id\":\"https:\\\/\\\/catlin.ee\\\/en\\\/biography\\\/contact\\\/#breadcrumb\"},\"inLanguage\":\"en-US\",\"potentialAction\":[{\"@type\":\"ReadAction\",\"target\":[\"https:\\\/\\\/catlin.ee\\\/en\\\/biography\\\/contact\\\/\"]}]},{\"@type\":\"ImageObject\",\"inLanguage\":\"en-US\",\"@id\":\"https:\\\/\\\/catlin.ee\\\/en\\\/biography\\\/contact\\\/#primaryimage\",\"url\":\"https:\\\/\\\/catlin.ee\\\/wp-content\\\/uploads\\\/2011\\\/05\\\/Torupilli-Jussi-Trio-2-300x300.jpg\",\"contentUrl\":\"https:\\\/\\\/catlin.ee\\\/wp-content\\\/uploads\\\/2011\\\/05\\\/Torupilli-Jussi-Trio-2-300x300.jpg\"},{\"@type\":\"BreadcrumbList\",\"@id\":\"https:\\\/\\\/catlin.ee\\\/en\\\/biography\\\/contact\\\/#breadcrumb\",\"itemListElement\":[{\"@type\":\"ListItem\",\"position\":1,\"name\":\"Home\",\"item\":\"https:\\\/\\\/catlin.ee\\\/\"},{\"@type\":\"ListItem\",\"position\":2,\"name\":\"Biography\",\"item\":\"https:\\\/\\\/catlin.ee\\\/en\\\/biography\\\/\"},{\"@type\":\"ListItem\",\"position\":3,\"name\":\"Contact\"}]},{\"@type\":\"WebSite\",\"@id\":\"https:\\\/\\\/catlin.ee\\\/#website\",\"url\":\"https:\\\/\\\/catlin.ee\\\/\",\"name\":\"C\u00e4tlin M\u00e4gi\",\"description\":\"C\u00e4tlin M\u00e4gi on \u00fcks simapaistvamaid eeskujusid eesti p\u00e4rimusmuusika maastikul\",\"alternateName\":\"CM\",\"potentialAction\":[{\"@type\":\"SearchAction\",\"target\":{\"@type\":\"EntryPoint\",\"urlTemplate\":\"https:\\\/\\\/catlin.ee\\\/?s={search_term_string}\"},\"query-input\":{\"@type\":\"PropertyValueSpecification\",\"valueRequired\":true,\"valueName\":\"search_term_string\"}}],\"inLanguage\":\"en-US\"}]}<\/script>\n<!-- \/ Yoast SEO plugin. -->","yoast_head_json":{"title":"Contact - C\u00e4tlin M\u00e4gi","description":"Contact","robots":{"index":"index","follow":"follow","max-snippet":"max-snippet:-1","max-image-preview":"max-image-preview:large","max-video-preview":"max-video-preview:-1"},"canonical":"https:\/\/catlin.ee\/en\/biography\/contact\/","og_locale":"en_US","og_type":"article","og_title":"Contact - C\u00e4tlin M\u00e4gi","og_description":"Contact","og_url":"https:\/\/catlin.ee\/en\/biography\/contact\/","og_site_name":"C\u00e4tlin M\u00e4gi","article_modified_time":"2020-01-04T05:43:45+00:00","og_image":[{"url":"https:\/\/catlin.ee\/wp-content\/uploads\/2011\/05\/Torupilli-Jussi-Trio-2-300x300.jpg","type":"","width":"","height":""}],"twitter_card":"summary_large_image","schema":{"@context":"https:\/\/schema.org","@graph":[{"@type":"WebPage","@id":"https:\/\/catlin.ee\/en\/biography\/contact\/","url":"https:\/\/catlin.ee\/en\/biography\/contact\/","name":"Contact - C\u00e4tlin M\u00e4gi","isPartOf":{"@id":"https:\/\/catlin.ee\/#website"},"primaryImageOfPage":{"@id":"https:\/\/catlin.ee\/en\/biography\/contact\/#primaryimage"},"image":{"@id":"https:\/\/catlin.ee\/en\/biography\/contact\/#primaryimage"},"thumbnailUrl":"https:\/\/catlin.ee\/wp-content\/uploads\/2011\/05\/Torupilli-Jussi-Trio-2-300x300.jpg","datePublished":"2020-01-04T05:41:21+00:00","dateModified":"2020-01-04T05:43:45+00:00","description":"Contact","breadcrumb":{"@id":"https:\/\/catlin.ee\/en\/biography\/contact\/#breadcrumb"},"inLanguage":"en-US","potentialAction":[{"@type":"ReadAction","target":["https:\/\/catlin.ee\/en\/biography\/contact\/"]}]},{"@type":"ImageObject","inLanguage":"en-US","@id":"https:\/\/catlin.ee\/en\/biography\/contact\/#primaryimage","url":"https:\/\/catlin.ee\/wp-content\/uploads\/2011\/05\/Torupilli-Jussi-Trio-2-300x300.jpg","contentUrl":"https:\/\/catlin.ee\/wp-content\/uploads\/2011\/05\/Torupilli-Jussi-Trio-2-300x300.jpg"},{"@type":"BreadcrumbList","@id":"https:\/\/catlin.ee\/en\/biography\/contact\/#breadcrumb","itemListElement":[{"@type":"ListItem","position":1,"name":"Home","item":"https:\/\/catlin.ee\/"},{"@type":"ListItem","position":2,"name":"Biography","item":"https:\/\/catlin.ee\/en\/biography\/"},{"@type":"ListItem","position":3,"name":"Contact"}]},{"@type":"WebSite","@id":"https:\/\/catlin.ee\/#website","url":"https:\/\/catlin.ee\/","name":"C\u00e4tlin M\u00e4gi","description":"C\u00e4tlin M\u00e4gi on \u00fcks simapaistvamaid eeskujusid eesti p\u00e4rimusmuusika maastikul","alternateName":"CM","potentialAction":[{"@type":"SearchAction","target":{"@type":"EntryPoint","urlTemplate":"https:\/\/catlin.ee\/?s={search_term_string}"},"query-input":{"@type":"PropertyValueSpecification","valueRequired":true,"valueName":"search_term_string"}}],"inLanguage":"en-US"}]}},"jetpack_sharing_enabled":true,"jetpack_shortlink":"https:\/\/wp.me\/P5m405-ob","_links":{"self":[{"href":"https:\/\/catlin.ee\/en\/wp-json\/wp\/v2\/pages\/1499","targetHints":{"allow":["GET"]}}],"collection":[{"href":"https:\/\/catlin.ee\/en\/wp-json\/wp\/v2\/pages"}],"about":[{"href":"https:\/\/catlin.ee\/en\/wp-json\/wp\/v2\/types\/page"}],"author":[{"embeddable":true,"href":"https:\/\/catlin.ee\/en\/wp-json\/wp\/v2\/users\/1"}],"replies":[{"embeddable":true,"href":"https:\/\/catlin.ee\/en\/wp-json\/wp\/v2\/comments?post=1499"}],"version-history":[{"count":4,"href":"https:\/\/catlin.ee\/en\/wp-json\/wp\/v2\/pages\/1499\/revisions"}],"predecessor-version":[{"id":1504,"href":"https:\/\/catlin.ee\/en\/wp-json\/wp\/v2\/pages\/1499\/revisions\/1504"}],"up":[{"embeddable":true,"href":"https:\/\/catlin.ee\/en\/wp-json\/wp\/v2\/pages\/1320"}],"wp:attachment":[{"href":"https:\/\/catlin.ee\/en\/wp-json\/wp\/v2\/media?parent=1499"}],"curies":[{"name":"wp","href":"https:\/\/api.w.org\/{rel}","templated":true}]}}