{"id":1432,"date":"2020-01-04T07:16:09","date_gmt":"2020-01-04T04:16:09","guid":{"rendered":"https:\/\/catlin.ee\/press-and-awards\/"},"modified":"2023-06-04T10:09:07","modified_gmt":"2023-06-04T07:09:07","slug":"press-and-awards","status":"publish","type":"page","link":"https:\/\/catlin.ee\/en\/press-and-awards\/","title":{"rendered":"Press and Awards"},"content":{"rendered":"<p><em><strong>Andrew Cronshaw<\/strong>:\u00a0<\/em>\u201cYou might expect that the Jew&#8217;s harp might be a little &#8230; well &#8230; samey. Not this one. She uses electronic manipulation of her voice and Jew&#8217;s harps to bring out the essence of Estonian folk song and its distinctive narrow-compass melodies.&#8221;<\/p>\n<p>FROOTS<\/p>\n<p><em><strong>Mart Juur<\/strong>: &#8220;This is an excellent album, it sounds like AC\/DC, but with even sharper riffs, truly a remarkable piece!&#8221;<\/em><\/p>\n<p><em>Rahva oma kaitse<\/em><\/p>\n<p><em><strong>Koit Raudsepp<\/strong>: &#8220;C\u00e4tlin has created such loops, grooves, and beats that on one hand, it&#8217;s very ethnic, on the other hand, it&#8217;s truly electronic, and on the third hand, it&#8217;s wildly quirky and off the charts!&#8221;<\/em><\/p>\n<p>My Harp &#8211; My Heart: turning the pages of the Jew&#8217;s Harp World with my Jew&#8217;s Harp &#8211; and this little, peculiar instrument, of which C\u00e4tlin, as I understand, has at least one suitcase full, and that suitcase is not small, gets a completely new life on this LP. She plays them in multiple ways and plays them very innovatively! I dare say, in a completely new manner!&#8221;<\/p>\n<p><em>R2<\/em><\/p>\n<p><a href=\"https:\/\/catlin.ee\/catlinist\/meedia\/\" target=\"_blank\" rel=\"noopener noreferrer\">M E D I A <\/a><\/p>\n<p>AWARDS<\/p>\n<ul>\n<li>2022 Annual Prize of the Cultural Endowment of Estonia: For the creation of educational videos and digital learning materials in estonian traditional music.<\/li>\n<li style=\"text-align: left;\">2022 Recognition Award of the Cultural Endowment of Estonia for the leadership of the bagpipe working group.<\/li>\n<li style=\"text-align: left;\">2022 Recognition Award of the Viljandi County Expert Group of the Cultural Endowment of Estonia: &#8220;Promoter of the Old Jew&#8217;s Harp and Bagpipe Culture &#8211; Researcher and Carrier of it to Contemporary People.&#8221;<\/li>\n<li style=\"text-align: left;\">2022 &#8220;Mooste Elohel\u00fc&#8221; Competition: C\u00e4tlin M\u00e4gi &amp; T\u00dc VKA bagpipe students received 3 awards: Mooste Elohel\u00fc Award for &#8220;Ingenious Idea,&#8221; Special Prize of the Viljandi Folk Music Festival, and Special Prize of the Estonian Folklore Archives.<\/li>\n<li style=\"text-align: left;\">2019 Annual Heritage Culture Prize of the Cultural Endowment of Estonia.<\/li>\n<li style=\"text-align: left;\">2019 Semi-finalist in the Estonian Song Contest &#8220;Eesti Laul&#8221; with the song &#8220;Parmum\u00e4ng.&#8221;<\/li>\n<li style=\"text-align: left;\">2018 Finalist of the &#8220;Vabariigi pillimees&#8221; Competition.<\/li>\n<li style=\"text-align: left;\">2018 &#8220;Achievement of the Year in a Specialized Library 2018,&#8221; Estonian Librarians Association.<\/li>\n<li style=\"text-align: left;\">2018 Folk Musician of the Year, Estonian Folk Dance and Music Association.<\/li>\n<li style=\"text-align: left;\">2018 Best Album of the Year for &#8220;Mu pill parmupill&#8221; at Etnokulbid 2018.<\/li>\n<li style=\"text-align: left;\">2017 2-nd Prize at the Hundred-Year Night Competition with the song &#8220;Sookraakadi.&#8221;<\/li>\n<li style=\"text-align: left;\">2010 Best Album of the Year: &#8220;Tulemine&#8221; by Jaan T\u00e4tte and Udupasun.<\/li>\n<li style=\"text-align: left;\">2007 Cultural Endowment Scholarship &#8220;Live and Shine.&#8221;<\/li>\n<\/ul>\n","protected":false},"excerpt":{"rendered":"<p>Andrew Cronshaw:\u00a0\u201cYou might expect that the Jew&#8217;s harp might be a little &#8230; well &#8230; samey. Not this one. She&#8230;<\/p>\n","protected":false},"author":2,"featured_media":0,"parent":0,"menu_order":0,"comment_status":"closed","ping_status":"closed","template":"","meta":{"_exactmetrics_skip_tracking":false,"_exactmetrics_sitenote_active":false,"_exactmetrics_sitenote_note":"","_exactmetrics_sitenote_category":0,"jetpack_post_was_ever_published":false,"footnotes":""},"class_list":["post-1432","page","type-page","status-publish","hentry"],"yoast_head":"<!-- This site is optimized with the Yoast SEO plugin v27.3 - https:\/\/yoast.com\/product\/yoast-seo-wordpress\/ -->\n<title>Press and Awards - C\u00e4tlin M\u00e4gi<\/title>\n<meta name=\"description\" content=\"Press and Awards\" \/>\n<meta name=\"robots\" content=\"index, follow, max-snippet:-1, max-image-preview:large, max-video-preview:-1\" \/>\n<link rel=\"canonical\" href=\"https:\/\/catlin.ee\/en\/press-and-awards\/\" \/>\n<meta property=\"og:locale\" content=\"en_US\" \/>\n<meta property=\"og:type\" content=\"article\" \/>\n<meta property=\"og:title\" content=\"Press and Awards - C\u00e4tlin M\u00e4gi\" \/>\n<meta property=\"og:description\" content=\"Press and Awards\" \/>\n<meta property=\"og:url\" content=\"https:\/\/catlin.ee\/en\/press-and-awards\/\" \/>\n<meta property=\"og:site_name\" content=\"C\u00e4tlin M\u00e4gi\" \/>\n<meta property=\"article:modified_time\" content=\"2023-06-04T07:09:07+00:00\" \/>\n<meta property=\"og:image\" content=\"https:\/\/catlin.ee\/wp-content\/uploads\/2017\/01\/MG_4953.jpg\" \/>\n\t<meta property=\"og:image:width\" content=\"3000\" \/>\n\t<meta property=\"og:image:height\" content=\"2000\" \/>\n\t<meta property=\"og:image:type\" content=\"image\/jpeg\" \/>\n<meta name=\"twitter:card\" content=\"summary_large_image\" \/>\n<meta name=\"twitter:label1\" content=\"Est. reading time\" \/>\n\t<meta name=\"twitter:data1\" content=\"2 minutes\" \/>\n<script type=\"application\/ld+json\" class=\"yoast-schema-graph\">{\"@context\":\"https:\\\/\\\/schema.org\",\"@graph\":[{\"@type\":\"WebPage\",\"@id\":\"https:\\\/\\\/catlin.ee\\\/en\\\/press-and-awards\\\/\",\"url\":\"https:\\\/\\\/catlin.ee\\\/en\\\/press-and-awards\\\/\",\"name\":\"Press and Awards - C\u00e4tlin M\u00e4gi\",\"isPartOf\":{\"@id\":\"https:\\\/\\\/catlin.ee\\\/#website\"},\"datePublished\":\"2020-01-04T04:16:09+00:00\",\"dateModified\":\"2023-06-04T07:09:07+00:00\",\"description\":\"Press and Awards\",\"breadcrumb\":{\"@id\":\"https:\\\/\\\/catlin.ee\\\/en\\\/press-and-awards\\\/#breadcrumb\"},\"inLanguage\":\"en-US\",\"potentialAction\":[{\"@type\":\"ReadAction\",\"target\":[\"https:\\\/\\\/catlin.ee\\\/en\\\/press-and-awards\\\/\"]}]},{\"@type\":\"BreadcrumbList\",\"@id\":\"https:\\\/\\\/catlin.ee\\\/en\\\/press-and-awards\\\/#breadcrumb\",\"itemListElement\":[{\"@type\":\"ListItem\",\"position\":1,\"name\":\"Home\",\"item\":\"https:\\\/\\\/catlin.ee\\\/\"},{\"@type\":\"ListItem\",\"position\":2,\"name\":\"Press and Awards\"}]},{\"@type\":\"WebSite\",\"@id\":\"https:\\\/\\\/catlin.ee\\\/#website\",\"url\":\"https:\\\/\\\/catlin.ee\\\/\",\"name\":\"C\u00e4tlin M\u00e4gi\",\"description\":\"C\u00e4tlin M\u00e4gi on \u00fcks simapaistvamaid eeskujusid eesti p\u00e4rimusmuusika maastikul\",\"alternateName\":\"CM\",\"potentialAction\":[{\"@type\":\"SearchAction\",\"target\":{\"@type\":\"EntryPoint\",\"urlTemplate\":\"https:\\\/\\\/catlin.ee\\\/?s={search_term_string}\"},\"query-input\":{\"@type\":\"PropertyValueSpecification\",\"valueRequired\":true,\"valueName\":\"search_term_string\"}}],\"inLanguage\":\"en-US\"}]}<\/script>\n<!-- \/ Yoast SEO plugin. -->","yoast_head_json":{"title":"Press and Awards - C\u00e4tlin M\u00e4gi","description":"Press and Awards","robots":{"index":"index","follow":"follow","max-snippet":"max-snippet:-1","max-image-preview":"max-image-preview:large","max-video-preview":"max-video-preview:-1"},"canonical":"https:\/\/catlin.ee\/en\/press-and-awards\/","og_locale":"en_US","og_type":"article","og_title":"Press and Awards - C\u00e4tlin M\u00e4gi","og_description":"Press and Awards","og_url":"https:\/\/catlin.ee\/en\/press-and-awards\/","og_site_name":"C\u00e4tlin M\u00e4gi","article_modified_time":"2023-06-04T07:09:07+00:00","og_image":[{"width":3000,"height":2000,"url":"https:\/\/catlin.ee\/wp-content\/uploads\/2017\/01\/MG_4953.jpg","type":"image\/jpeg"}],"twitter_card":"summary_large_image","twitter_misc":{"Est. reading time":"2 minutes"},"schema":{"@context":"https:\/\/schema.org","@graph":[{"@type":"WebPage","@id":"https:\/\/catlin.ee\/en\/press-and-awards\/","url":"https:\/\/catlin.ee\/en\/press-and-awards\/","name":"Press and Awards - C\u00e4tlin M\u00e4gi","isPartOf":{"@id":"https:\/\/catlin.ee\/#website"},"datePublished":"2020-01-04T04:16:09+00:00","dateModified":"2023-06-04T07:09:07+00:00","description":"Press and Awards","breadcrumb":{"@id":"https:\/\/catlin.ee\/en\/press-and-awards\/#breadcrumb"},"inLanguage":"en-US","potentialAction":[{"@type":"ReadAction","target":["https:\/\/catlin.ee\/en\/press-and-awards\/"]}]},{"@type":"BreadcrumbList","@id":"https:\/\/catlin.ee\/en\/press-and-awards\/#breadcrumb","itemListElement":[{"@type":"ListItem","position":1,"name":"Home","item":"https:\/\/catlin.ee\/"},{"@type":"ListItem","position":2,"name":"Press and Awards"}]},{"@type":"WebSite","@id":"https:\/\/catlin.ee\/#website","url":"https:\/\/catlin.ee\/","name":"C\u00e4tlin M\u00e4gi","description":"C\u00e4tlin M\u00e4gi on \u00fcks simapaistvamaid eeskujusid eesti p\u00e4rimusmuusika maastikul","alternateName":"CM","potentialAction":[{"@type":"SearchAction","target":{"@type":"EntryPoint","urlTemplate":"https:\/\/catlin.ee\/?s={search_term_string}"},"query-input":{"@type":"PropertyValueSpecification","valueRequired":true,"valueName":"search_term_string"}}],"inLanguage":"en-US"}]}},"jetpack_sharing_enabled":true,"jetpack_shortlink":"https:\/\/wp.me\/P5m405-n6","_links":{"self":[{"href":"https:\/\/catlin.ee\/en\/wp-json\/wp\/v2\/pages\/1432","targetHints":{"allow":["GET"]}}],"collection":[{"href":"https:\/\/catlin.ee\/en\/wp-json\/wp\/v2\/pages"}],"about":[{"href":"https:\/\/catlin.ee\/en\/wp-json\/wp\/v2\/types\/page"}],"author":[{"embeddable":true,"href":"https:\/\/catlin.ee\/en\/wp-json\/wp\/v2\/users\/2"}],"replies":[{"embeddable":true,"href":"https:\/\/catlin.ee\/en\/wp-json\/wp\/v2\/comments?post=1432"}],"version-history":[{"count":4,"href":"https:\/\/catlin.ee\/en\/wp-json\/wp\/v2\/pages\/1432\/revisions"}],"predecessor-version":[{"id":2540,"href":"https:\/\/catlin.ee\/en\/wp-json\/wp\/v2\/pages\/1432\/revisions\/2540"}],"wp:attachment":[{"href":"https:\/\/catlin.ee\/en\/wp-json\/wp\/v2\/media?parent=1432"}],"curies":[{"name":"wp","href":"https:\/\/api.w.org\/{rel}","templated":true}]}}