{"id":1386,"date":"2020-01-03T14:14:28","date_gmt":"2020-01-03T11:14:28","guid":{"rendered":"https:\/\/catlin.ee\/discography\/"},"modified":"2020-04-11T10:32:38","modified_gmt":"2020-04-11T07:32:38","slug":"discography","status":"publish","type":"page","link":"https:\/\/catlin.ee\/en\/discography\/","title":{"rendered":"Discography"},"content":{"rendered":"<div class=\"wpb-content-wrapper\"><p>[vc_row][vc_column width=&#8221;1\/2&#8243;][vc_column_text]<strong>CD: &#8220;My Harp, My Heart&#8221; <\/strong><strong>C\u00e4tlin M\u00e4gi 2018<\/strong><img loading=\"lazy\" decoding=\"async\" class=\"wp-image-1098 size-medium alignnone\" src=\"https:\/\/catlin.ee\/wp-content\/uploads\/2018\/07\/Screen-Shot-2018-07-16-at-15.55.57-300x273.png\" alt=\"\" width=\"300\" height=\"273\" srcset=\"https:\/\/catlin.ee\/wp-content\/uploads\/2018\/07\/Screen-Shot-2018-07-16-at-15.55.57-300x273.png 300w, https:\/\/catlin.ee\/wp-content\/uploads\/2018\/07\/Screen-Shot-2018-07-16-at-15.55.57-768x700.png 768w, https:\/\/catlin.ee\/wp-content\/uploads\/2018\/07\/Screen-Shot-2018-07-16-at-15.55.57.png 898w\" sizes=\"auto, (max-width: 300px) 100vw, 300px\" \/><\/p>\n<p><a href=\"https:\/\/catlin.ee\/wp-content\/uploads\/2018\/07\/1.-Koka-nokast.mp3\">1. Koka nokast<\/a><\/p>\n<p><a href=\"https:\/\/catlin.ee\/wp-content\/uploads\/2018\/07\/2.-Siidisulgis-linnukene.mp3\">2. Siidisulgis linnukene<\/a><\/p>\n<p><a href=\"https:\/\/catlin.ee\/wp-content\/uploads\/2018\/07\/3.-L\u00fcttat-t\u00fcttat.mp3\">3. L\u00fcttat-t\u00fcttat<\/a><\/p>\n<p><a href=\"https:\/\/catlin.ee\/wp-content\/uploads\/2018\/07\/4.-Sookraakadi.mp3\">4. Sookraakadi<\/a><\/p>\n<p><a href=\"https:\/\/catlin.ee\/wp-content\/uploads\/2018\/07\/5.-Suisu-lapsi-suuremaksi.mp3\">5. Suisu, lapsi, suuremaksi<\/a><\/p>\n<p><a href=\"https:\/\/catlin.ee\/wp-content\/uploads\/2018\/07\/6.-H\u00e4nna-Liisu-tants.mp3\">6. H\u00e4nna-Liisu tants<\/a><\/p>\n<p><a href=\"https:\/\/catlin.ee\/wp-content\/uploads\/2018\/07\/7.-Uit-tuit.mp3\">7. Uit-tuit<\/a><\/p>\n<p><a href=\"https:\/\/catlin.ee\/wp-content\/uploads\/2018\/07\/8.-Pagada-pagada-parmupilli.mp3\">8. Pagada-pagada parmupilli<\/a><\/p>\n<p><a href=\"https:\/\/catlin.ee\/wp-content\/uploads\/2018\/07\/9.-Rongitants.mp3\">9. Rongitatants<\/a><\/p>\n<p><a href=\"https:\/\/catlin.ee\/wp-content\/uploads\/2018\/07\/10.-Teelugu.mp3\">10. Teelugu<\/a><\/p>\n<p><a href=\"https:\/\/catlin.ee\/wp-content\/uploads\/2018\/07\/11.-Kulli-elu.mp3\">11. Kulli elu<\/a><\/p>\n<p><a href=\"https:\/\/catlin.ee\/wp-content\/uploads\/2018\/07\/12.-Kiigele-1.mp3\">12. Kiigele 1<\/a><\/p>\n<p><a href=\"https:\/\/catlin.ee\/wp-content\/uploads\/2018\/07\/13.-Kiigele-2.mp3\">13. Kiigele 2<\/a><\/p>\n<p><a href=\"https:\/\/catlin.ee\/wp-content\/uploads\/2018\/07\/14.-Kalamees.mp3\">14. Kalamees<\/a>[\/vc_column_text][\/vc_column][vc_column width=&#8221;1\/2&#8243;][vc_column_text]<\/p>\n<p style=\"text-align: left;\"><strong>CD: &#8220;Solo&#8221; C\u00e4tlin Jaago soloalbum 2010<\/strong><\/p>\n<p style=\"text-align: left;\"><strong><a href=\"https:\/\/catlin.ee\/wp-content\/uploads\/2011\/05\/1.-Torupilli-Jussi-polka.mp3\"><img loading=\"lazy\" decoding=\"async\" class=\"wp-image-1251 alignnone\" src=\"https:\/\/catlin.ee\/wp-content\/uploads\/2019\/08\/Soolo_Catlin_Jaago_DigiPack_4_pages_1_disk-300x268.jpg\" alt=\"\" width=\"275\" height=\"246\" srcset=\"https:\/\/catlin.ee\/wp-content\/uploads\/2019\/08\/Soolo_Catlin_Jaago_DigiPack_4_pages_1_disk-300x268.jpg 300w, https:\/\/catlin.ee\/wp-content\/uploads\/2019\/08\/Soolo_Catlin_Jaago_DigiPack_4_pages_1_disk-768x687.jpg 768w, https:\/\/catlin.ee\/wp-content\/uploads\/2019\/08\/Soolo_Catlin_Jaago_DigiPack_4_pages_1_disk.jpg 821w\" sizes=\"auto, (max-width: 275px) 100vw, 275px\" \/><\/a><\/strong><\/p>\n<p style=\"text-align: left;\"><a href=\"https:\/\/catlin.ee\/wp-content\/uploads\/2011\/05\/1.-Torupilli-Jussi-polka.mp3\">1. Torupilli Jussi po<\/a><a href=\"https:\/\/catlin.ee\/wp-content\/uploads\/2011\/05\/1.-Torupilli-Jussi-polka.mp3\">lka<\/a><\/p>\n<p><a href=\"https:\/\/catlin.ee\/wp-content\/uploads\/2011\/05\/2.-Torupilli-Jussi-labajalavalsid.mp3\">2. Torupilli Jussi labajalavalsid<\/a><\/p>\n<p><a href=\"https:\/\/catlin.ee\/wp-content\/uploads\/2011\/05\/3.-Sarvelugu.mp3\">3. Sarvelugu<\/a><\/p>\n<p><a href=\"https:\/\/catlin.ee\/wp-content\/uploads\/2011\/05\/4.-Peenid-s\u00f6rmed-l\u00f6id-pilli.mp3\">4. Peenid s\u00f6rmed l\u00f6id pilli<\/a><\/p>\n<p><a href=\"https:\/\/catlin.ee\/wp-content\/uploads\/2011\/05\/5.-Venetantsud.mp3\">5. Venetantsud<\/a><\/p>\n<p><a href=\"https:\/\/catlin.ee\/wp-content\/uploads\/2011\/05\/6.-Villem-Ilum\u00e4e-labajalavalsid.mp3\">6. Villem Ilum\u00e4e labajalavalsid<\/a><\/p>\n<p><a href=\"https:\/\/catlin.ee\/wp-content\/uploads\/2011\/05\/7.-Saajalood.mp3\">7. Saajalood<\/a><\/p>\n<p><a href=\"https:\/\/catlin.ee\/wp-content\/uploads\/2011\/05\/8.-Pulmalood.mp3\">8. Pulmalood<\/a><\/p>\n<p><a href=\"https:\/\/catlin.ee\/wp-content\/uploads\/2011\/05\/9.-\u00dcmin.mp3\">9. \u00dcmin<\/a><\/p>\n<p><a href=\"https:\/\/catlin.ee\/wp-content\/uploads\/2011\/05\/10.-Ranna-labajalg.mp3\">10. Ranna labajalg<\/a><\/p>\n<p><a href=\"https:\/\/catlin.ee\/wp-content\/uploads\/2011\/05\/11.-Polkad.mp3\">11. Polkad<\/a><\/p>\n<p><a href=\"https:\/\/catlin.ee\/wp-content\/uploads\/2011\/05\/12.-Torupilli-Jussi-lugu.mp3\">12. Torupilli Jussi lugu<\/a><\/p>\n<p><a href=\"https:\/\/catlin.ee\/wp-content\/uploads\/2011\/05\/13.-Jaan-Pihti-polkad.mp3\">13. Jaan Pihti polkad<\/a><\/p>\n<p><a href=\"https:\/\/catlin.ee\/wp-content\/uploads\/2011\/05\/14.-Jakob-Kilstr\u00f6mi-labajalavalstid.mp3\">14. Jakob Kilstr\u00f6mi labajalavalstid<\/a>[\/vc_column_text][\/vc_column][\/vc_row][vc_row][vc_column][vc_column_text]<a href=\"https:\/\/catlin.ee\/en\/discography\/muusikalinekujundaja\/\">M u s i c a l \u00a0 D e s i g n e r<\/a><\/p>\n<p><a href=\"https:\/\/catlin.ee\/en\/musical-collaboration\/\" target=\"_blank\" rel=\"noopener noreferrer\">M u s i c a l \u00a0 \u00a0C o l l a b o r a t i o n<\/a>[\/vc_column_text][\/vc_column][\/vc_row]<\/p>\n<\/div>","protected":false},"excerpt":{"rendered":"<p>[vc_row][vc_column width=&#8221;1\/2&#8243;][vc_column_text]CD: &#8220;My Harp, My Heart&#8221; C\u00e4tlin M\u00e4gi 2018 1. Koka nokast 2. Siidisulgis linnukene 3. L\u00fcttat-t\u00fcttat 4. Sookraakadi 5&#8230;.<\/p>\n","protected":false},"author":1,"featured_media":0,"parent":0,"menu_order":0,"comment_status":"open","ping_status":"closed","template":"","meta":{"_exactmetrics_skip_tracking":false,"_exactmetrics_sitenote_active":false,"_exactmetrics_sitenote_note":"","_exactmetrics_sitenote_category":0,"jetpack_post_was_ever_published":false,"footnotes":""},"class_list":["post-1386","page","type-page","status-publish","hentry"],"yoast_head":"<!-- This site is optimized with the Yoast SEO plugin v27.3 - https:\/\/yoast.com\/product\/yoast-seo-wordpress\/ -->\n<title>Discography - C\u00e4tlin M\u00e4gi<\/title>\n<meta name=\"description\" content=\"Discography\" \/>\n<meta name=\"robots\" content=\"index, follow, max-snippet:-1, max-image-preview:large, max-video-preview:-1\" \/>\n<link rel=\"canonical\" href=\"https:\/\/catlin.ee\/en\/discography\/\" \/>\n<meta property=\"og:locale\" content=\"en_US\" \/>\n<meta property=\"og:type\" content=\"article\" \/>\n<meta property=\"og:title\" content=\"Discography - C\u00e4tlin M\u00e4gi\" \/>\n<meta property=\"og:description\" content=\"Discography\" \/>\n<meta property=\"og:url\" content=\"https:\/\/catlin.ee\/en\/discography\/\" \/>\n<meta property=\"og:site_name\" content=\"C\u00e4tlin M\u00e4gi\" \/>\n<meta property=\"article:modified_time\" content=\"2020-04-11T07:32:38+00:00\" \/>\n<meta property=\"og:image\" content=\"https:\/\/catlin.ee\/wp-content\/uploads\/2018\/07\/Screen-Shot-2018-07-16-at-15.55.57-300x273.png\" \/>\n<meta name=\"twitter:card\" content=\"summary_large_image\" \/>\n<meta name=\"twitter:label1\" content=\"Est. reading time\" \/>\n\t<meta name=\"twitter:data1\" content=\"1 minute\" \/>\n<script type=\"application\/ld+json\" class=\"yoast-schema-graph\">{\"@context\":\"https:\\\/\\\/schema.org\",\"@graph\":[{\"@type\":\"WebPage\",\"@id\":\"https:\\\/\\\/catlin.ee\\\/en\\\/discography\\\/\",\"url\":\"https:\\\/\\\/catlin.ee\\\/en\\\/discography\\\/\",\"name\":\"Discography - C\u00e4tlin M\u00e4gi\",\"isPartOf\":{\"@id\":\"https:\\\/\\\/catlin.ee\\\/#website\"},\"primaryImageOfPage\":{\"@id\":\"https:\\\/\\\/catlin.ee\\\/en\\\/discography\\\/#primaryimage\"},\"image\":{\"@id\":\"https:\\\/\\\/catlin.ee\\\/en\\\/discography\\\/#primaryimage\"},\"thumbnailUrl\":\"https:\\\/\\\/catlin.ee\\\/wp-content\\\/uploads\\\/2018\\\/07\\\/Screen-Shot-2018-07-16-at-15.55.57-300x273.png\",\"datePublished\":\"2020-01-03T11:14:28+00:00\",\"dateModified\":\"2020-04-11T07:32:38+00:00\",\"description\":\"Discography\",\"breadcrumb\":{\"@id\":\"https:\\\/\\\/catlin.ee\\\/en\\\/discography\\\/#breadcrumb\"},\"inLanguage\":\"en-US\",\"potentialAction\":[{\"@type\":\"ReadAction\",\"target\":[\"https:\\\/\\\/catlin.ee\\\/en\\\/discography\\\/\"]}]},{\"@type\":\"ImageObject\",\"inLanguage\":\"en-US\",\"@id\":\"https:\\\/\\\/catlin.ee\\\/en\\\/discography\\\/#primaryimage\",\"url\":\"https:\\\/\\\/catlin.ee\\\/wp-content\\\/uploads\\\/2018\\\/07\\\/Screen-Shot-2018-07-16-at-15.55.57-300x273.png\",\"contentUrl\":\"https:\\\/\\\/catlin.ee\\\/wp-content\\\/uploads\\\/2018\\\/07\\\/Screen-Shot-2018-07-16-at-15.55.57-300x273.png\"},{\"@type\":\"BreadcrumbList\",\"@id\":\"https:\\\/\\\/catlin.ee\\\/en\\\/discography\\\/#breadcrumb\",\"itemListElement\":[{\"@type\":\"ListItem\",\"position\":1,\"name\":\"Home\",\"item\":\"https:\\\/\\\/catlin.ee\\\/\"},{\"@type\":\"ListItem\",\"position\":2,\"name\":\"Discography\"}]},{\"@type\":\"WebSite\",\"@id\":\"https:\\\/\\\/catlin.ee\\\/#website\",\"url\":\"https:\\\/\\\/catlin.ee\\\/\",\"name\":\"C\u00e4tlin M\u00e4gi\",\"description\":\"C\u00e4tlin M\u00e4gi on \u00fcks simapaistvamaid eeskujusid eesti p\u00e4rimusmuusika maastikul\",\"alternateName\":\"CM\",\"potentialAction\":[{\"@type\":\"SearchAction\",\"target\":{\"@type\":\"EntryPoint\",\"urlTemplate\":\"https:\\\/\\\/catlin.ee\\\/?s={search_term_string}\"},\"query-input\":{\"@type\":\"PropertyValueSpecification\",\"valueRequired\":true,\"valueName\":\"search_term_string\"}}],\"inLanguage\":\"en-US\"}]}<\/script>\n<!-- \/ Yoast SEO plugin. -->","yoast_head_json":{"title":"Discography - C\u00e4tlin M\u00e4gi","description":"Discography","robots":{"index":"index","follow":"follow","max-snippet":"max-snippet:-1","max-image-preview":"max-image-preview:large","max-video-preview":"max-video-preview:-1"},"canonical":"https:\/\/catlin.ee\/en\/discography\/","og_locale":"en_US","og_type":"article","og_title":"Discography - C\u00e4tlin M\u00e4gi","og_description":"Discography","og_url":"https:\/\/catlin.ee\/en\/discography\/","og_site_name":"C\u00e4tlin M\u00e4gi","article_modified_time":"2020-04-11T07:32:38+00:00","og_image":[{"url":"https:\/\/catlin.ee\/wp-content\/uploads\/2018\/07\/Screen-Shot-2018-07-16-at-15.55.57-300x273.png","type":"","width":"","height":""}],"twitter_card":"summary_large_image","twitter_misc":{"Est. reading time":"1 minute"},"schema":{"@context":"https:\/\/schema.org","@graph":[{"@type":"WebPage","@id":"https:\/\/catlin.ee\/en\/discography\/","url":"https:\/\/catlin.ee\/en\/discography\/","name":"Discography - C\u00e4tlin M\u00e4gi","isPartOf":{"@id":"https:\/\/catlin.ee\/#website"},"primaryImageOfPage":{"@id":"https:\/\/catlin.ee\/en\/discography\/#primaryimage"},"image":{"@id":"https:\/\/catlin.ee\/en\/discography\/#primaryimage"},"thumbnailUrl":"https:\/\/catlin.ee\/wp-content\/uploads\/2018\/07\/Screen-Shot-2018-07-16-at-15.55.57-300x273.png","datePublished":"2020-01-03T11:14:28+00:00","dateModified":"2020-04-11T07:32:38+00:00","description":"Discography","breadcrumb":{"@id":"https:\/\/catlin.ee\/en\/discography\/#breadcrumb"},"inLanguage":"en-US","potentialAction":[{"@type":"ReadAction","target":["https:\/\/catlin.ee\/en\/discography\/"]}]},{"@type":"ImageObject","inLanguage":"en-US","@id":"https:\/\/catlin.ee\/en\/discography\/#primaryimage","url":"https:\/\/catlin.ee\/wp-content\/uploads\/2018\/07\/Screen-Shot-2018-07-16-at-15.55.57-300x273.png","contentUrl":"https:\/\/catlin.ee\/wp-content\/uploads\/2018\/07\/Screen-Shot-2018-07-16-at-15.55.57-300x273.png"},{"@type":"BreadcrumbList","@id":"https:\/\/catlin.ee\/en\/discography\/#breadcrumb","itemListElement":[{"@type":"ListItem","position":1,"name":"Home","item":"https:\/\/catlin.ee\/"},{"@type":"ListItem","position":2,"name":"Discography"}]},{"@type":"WebSite","@id":"https:\/\/catlin.ee\/#website","url":"https:\/\/catlin.ee\/","name":"C\u00e4tlin M\u00e4gi","description":"C\u00e4tlin M\u00e4gi on \u00fcks simapaistvamaid eeskujusid eesti p\u00e4rimusmuusika maastikul","alternateName":"CM","potentialAction":[{"@type":"SearchAction","target":{"@type":"EntryPoint","urlTemplate":"https:\/\/catlin.ee\/?s={search_term_string}"},"query-input":{"@type":"PropertyValueSpecification","valueRequired":true,"valueName":"search_term_string"}}],"inLanguage":"en-US"}]}},"jetpack_sharing_enabled":true,"jetpack_shortlink":"https:\/\/wp.me\/P5m405-mm","_links":{"self":[{"href":"https:\/\/catlin.ee\/en\/wp-json\/wp\/v2\/pages\/1386","targetHints":{"allow":["GET"]}}],"collection":[{"href":"https:\/\/catlin.ee\/en\/wp-json\/wp\/v2\/pages"}],"about":[{"href":"https:\/\/catlin.ee\/en\/wp-json\/wp\/v2\/types\/page"}],"author":[{"embeddable":true,"href":"https:\/\/catlin.ee\/en\/wp-json\/wp\/v2\/users\/1"}],"replies":[{"embeddable":true,"href":"https:\/\/catlin.ee\/en\/wp-json\/wp\/v2\/comments?post=1386"}],"version-history":[{"count":5,"href":"https:\/\/catlin.ee\/en\/wp-json\/wp\/v2\/pages\/1386\/revisions"}],"predecessor-version":[{"id":1597,"href":"https:\/\/catlin.ee\/en\/wp-json\/wp\/v2\/pages\/1386\/revisions\/1597"}],"wp:attachment":[{"href":"https:\/\/catlin.ee\/en\/wp-json\/wp\/v2\/media?parent=1386"}],"curies":[{"name":"wp","href":"https:\/\/api.w.org\/{rel}","templated":true}]}}