{"id":1380,"date":"2017-02-14T17:26:08","date_gmt":"2017-02-14T14:26:08","guid":{"rendered":"https:\/\/catlin.ee\/muusikalinekujundaja\/"},"modified":"2020-04-11T10:26:42","modified_gmt":"2020-04-11T07:26:42","slug":"muusikalinekujundaja","status":"publish","type":"page","link":"https:\/\/catlin.ee\/en\/discography\/muusikalinekujundaja\/","title":{"rendered":"Musical designer"},"content":{"rendered":"<div class=\"wpb-content-wrapper\"><p>[vc_row][vc_column width=&#8221;1\/2&#8243;][vc_column_text]<\/p>\n<p>2013 \u201cMengin nagu taevatitt\u201d ans. Torupilli Jussi Trio (torupill, laul, parmupill, pikkvile)<\/p>\n<p><a href=\"https:\/\/catlin.ee\/wp-content\/uploads\/2011\/05\/Screen-Shot-2017-02-14-at-15.00.53.png\"><img loading=\"lazy\" decoding=\"async\" class=\"alignnone wp-image-663\" src=\"https:\/\/catlin.ee\/wp-content\/uploads\/2011\/05\/Screen-Shot-2017-02-14-at-15.00.53-300x273.png\" alt=\"\" width=\"263\" height=\"239\" srcset=\"https:\/\/catlin.ee\/wp-content\/uploads\/2011\/05\/Screen-Shot-2017-02-14-at-15.00.53-300x273.png 300w, https:\/\/catlin.ee\/wp-content\/uploads\/2011\/05\/Screen-Shot-2017-02-14-at-15.00.53-768x699.png 768w, https:\/\/catlin.ee\/wp-content\/uploads\/2011\/05\/Screen-Shot-2017-02-14-at-15.00.53.png 828w\" sizes=\"auto, (max-width: 263px) 100vw, 263px\" \/><\/a>[\/vc_column_text][\/vc_column][vc_column width=&#8221;1\/2&#8243;][vc_column_text]2012 \u201c\u00c4ratund\u201d Jaan T\u00e4tte ja Udupasun (laul, fl\u00f6\u00f6did, viled, 2-realine l\u00f5\u00f5ts, torupill)<\/p>\n<p><a href=\"https:\/\/catlin.ee\/wp-content\/uploads\/2011\/05\/Unknown-4.jpeg\"><img loading=\"lazy\" decoding=\"async\" class=\"alignleft wp-image-271\" title=\"Unknown-4\" src=\"https:\/\/catlin.ee\/wp-content\/uploads\/2011\/05\/Unknown-4.jpeg\" alt=\"\" width=\"264\" height=\"234\" \/><\/a><\/p>\n<p>&nbsp;<\/p>\n<p>&nbsp;<\/p>\n<p>&nbsp;<\/p>\n<p>&nbsp;<\/p>\n<p>&nbsp;<\/p>\n<p>&nbsp;<\/p>\n<p>[\/vc_column_text][\/vc_column][\/vc_row][vc_row][vc_column width=&#8221;1\/2&#8243;][vc_column_text]2012 &#8220;V\u00e4gilased&#8221; kogumik 3 CD-d<\/p>\n<p><a href=\"https:\/\/catlin.ee\/wp-content\/uploads\/2011\/05\/images-3.jpeg\"><img loading=\"lazy\" decoding=\"async\" class=\"alignnone wp-image-668\" src=\"https:\/\/catlin.ee\/wp-content\/uploads\/2011\/05\/images-3.jpeg\" alt=\"\" width=\"270\" height=\"270\" srcset=\"https:\/\/catlin.ee\/wp-content\/uploads\/2011\/05\/images-3.jpeg 160w, https:\/\/catlin.ee\/wp-content\/uploads\/2011\/05\/images-3-150x150.jpeg 150w, https:\/\/catlin.ee\/wp-content\/uploads\/2011\/05\/images-3-110x110.jpeg 110w\" sizes=\"auto, (max-width: 270px) 100vw, 270px\" \/><\/a><\/p>\n<p>[\/vc_column_text][\/vc_column][vc_column width=&#8221;1\/2&#8243;][vc_column_text]2011 \u201cWabariigi polka\u201d ans. RO:TORO (torupill, parmupill, pikkvile)<\/p>\n<p><strong><a href=\"https:\/\/catlin.ee\/wp-content\/uploads\/2011\/05\/Unknown-1.jpeg\"><img loading=\"lazy\" decoding=\"async\" class=\"alignleft wp-image-267\" title=\"Unknown-1\" src=\"https:\/\/catlin.ee\/wp-content\/uploads\/2011\/05\/Unknown-1.jpeg\" alt=\"\" width=\"267\" height=\"243\" \/><\/a><\/strong>[\/vc_column_text][\/vc_column][\/vc_row][vc_row][vc_column width=&#8221;1\/2&#8243;][vc_column_text]2010 \u201cKes Aias?\u201d ans. V\u00e4gilased (laul, torupill, parmupill, viled, fl\u00f6\u00f6t)<\/p>\n<p><a href=\"https:\/\/catlin.ee\/wp-content\/uploads\/2011\/05\/Screen-Shot-2017-02-14-at-15.17.12.png\"><img loading=\"lazy\" decoding=\"async\" class=\"alignnone wp-image-667\" src=\"https:\/\/catlin.ee\/wp-content\/uploads\/2011\/05\/Screen-Shot-2017-02-14-at-15.17.12-300x286.png\" alt=\"\" width=\"270\" height=\"257\" srcset=\"https:\/\/catlin.ee\/wp-content\/uploads\/2011\/05\/Screen-Shot-2017-02-14-at-15.17.12-300x286.png 300w, https:\/\/catlin.ee\/wp-content\/uploads\/2011\/05\/Screen-Shot-2017-02-14-at-15.17.12.png 704w\" sizes=\"auto, (max-width: 270px) 100vw, 270px\" \/><\/a><\/p>\n<p>[\/vc_column_text][\/vc_column][vc_column width=&#8221;1\/2&#8243;][vc_column_text]2008 \u201cHandi hullus\u201d ans. RO:TORO (torupill, pikkvile, vile)<\/p>\n<p><a href=\"https:\/\/catlin.ee\/wp-content\/uploads\/2011\/05\/Screen-Shot-2017-02-14-at-15.29.29.png\"><img loading=\"lazy\" decoding=\"async\" class=\"alignnone wp-image-671\" src=\"https:\/\/catlin.ee\/wp-content\/uploads\/2011\/05\/Screen-Shot-2017-02-14-at-15.29.29-297x300.png\" alt=\"\" width=\"316\" height=\"319\" srcset=\"https:\/\/catlin.ee\/wp-content\/uploads\/2011\/05\/Screen-Shot-2017-02-14-at-15.29.29-297x300.png 297w, https:\/\/catlin.ee\/wp-content\/uploads\/2011\/05\/Screen-Shot-2017-02-14-at-15.29.29-150x150.png 150w, https:\/\/catlin.ee\/wp-content\/uploads\/2011\/05\/Screen-Shot-2017-02-14-at-15.29.29-110x110.png 110w, https:\/\/catlin.ee\/wp-content\/uploads\/2011\/05\/Screen-Shot-2017-02-14-at-15.29.29-300x303.png 300w, https:\/\/catlin.ee\/wp-content\/uploads\/2011\/05\/Screen-Shot-2017-02-14-at-15.29.29.png 590w\" sizes=\"auto, (max-width: 316px) 100vw, 316px\" \/><\/a>[\/vc_column_text][\/vc_column][\/vc_row][vc_row][vc_column width=&#8221;1\/2&#8243;][vc_column_text]2005 \u201cEstonian Bagpipe\u201d ans. RO:TORO (torupill, pikkvile, vile)<\/p>\n<p><a href=\"https:\/\/catlin.ee\/wp-content\/uploads\/2011\/05\/Screen-Shot-2017-02-14-at-16.04.09.png\"><img loading=\"lazy\" decoding=\"async\" class=\"alignnone size-medium wp-image-676\" src=\"https:\/\/catlin.ee\/wp-content\/uploads\/2011\/05\/Screen-Shot-2017-02-14-at-16.04.09-300x269.png\" alt=\"\" width=\"300\" height=\"269\" srcset=\"https:\/\/catlin.ee\/wp-content\/uploads\/2011\/05\/Screen-Shot-2017-02-14-at-16.04.09-300x269.png 300w, https:\/\/catlin.ee\/wp-content\/uploads\/2011\/05\/Screen-Shot-2017-02-14-at-16.04.09.png 688w\" sizes=\"auto, (max-width: 300px) 100vw, 300px\" \/><\/a>[\/vc_column_text][\/vc_column][vc_column width=&#8221;1\/2&#8243;][vc_column_text]2005 ans. V\u00e4gilased CD \u201cEma \u00f5petus\u201d (fl\u00f6\u00f6t, viled, torupill, parmupill, laul)<\/p>\n<p><a href=\"https:\/\/catlin.ee\/wp-content\/uploads\/2011\/05\/Screen-Shot-2017-02-14-at-16.08.09.png\"><img loading=\"lazy\" decoding=\"async\" class=\"alignnone size-medium wp-image-677\" src=\"https:\/\/catlin.ee\/wp-content\/uploads\/2011\/05\/Screen-Shot-2017-02-14-at-16.08.09-300x262.png\" alt=\"\" width=\"300\" height=\"262\" srcset=\"https:\/\/catlin.ee\/wp-content\/uploads\/2011\/05\/Screen-Shot-2017-02-14-at-16.08.09-300x262.png 300w, https:\/\/catlin.ee\/wp-content\/uploads\/2011\/05\/Screen-Shot-2017-02-14-at-16.08.09-768x671.png 768w, https:\/\/catlin.ee\/wp-content\/uploads\/2011\/05\/Screen-Shot-2017-02-14-at-16.08.09.png 838w\" sizes=\"auto, (max-width: 300px) 100vw, 300px\" \/><\/a>[\/vc_column_text][\/vc_column][\/vc_row][vc_row][vc_column][vc_column_text]<\/p>\n<ul>\n<li>2001 \u201cC\u00e4tlin Jaago in bagpipe tradition\u201d (torupill, parmupill)<\/li>\n<\/ul>\n<p>[\/vc_column_text][\/vc_column][\/vc_row]<\/p>\n<\/div>","protected":false},"excerpt":{"rendered":"<p>[vc_row][vc_column width=&#8221;1\/2&#8243;][vc_column_text] 2013 \u201cMengin nagu taevatitt\u201d ans. Torupilli Jussi Trio (torupill, laul, parmupill, pikkvile) [\/vc_column_text][\/vc_column][vc_column width=&#8221;1\/2&#8243;][vc_column_text]2012 \u201c\u00c4ratund\u201d Jaan T\u00e4tte ja&#8230;<\/p>\n","protected":false},"author":2,"featured_media":0,"parent":1386,"menu_order":0,"comment_status":"closed","ping_status":"closed","template":"","meta":{"_exactmetrics_skip_tracking":false,"_exactmetrics_sitenote_active":false,"_exactmetrics_sitenote_note":"","_exactmetrics_sitenote_category":0,"jetpack_post_was_ever_published":false,"footnotes":""},"class_list":["post-1380","page","type-page","status-publish","hentry"],"yoast_head":"<!-- This site is optimized with the Yoast SEO plugin v27.3 - https:\/\/yoast.com\/product\/yoast-seo-wordpress\/ -->\n<title>Musical designer - C\u00e4tlin M\u00e4gi<\/title>\n<meta name=\"description\" content=\"Musical designer\" \/>\n<meta name=\"robots\" content=\"index, follow, max-snippet:-1, max-image-preview:large, max-video-preview:-1\" \/>\n<link rel=\"canonical\" href=\"https:\/\/catlin.ee\/en\/discography\/muusikalinekujundaja\/\" \/>\n<meta property=\"og:locale\" content=\"en_US\" \/>\n<meta property=\"og:type\" content=\"article\" \/>\n<meta property=\"og:title\" content=\"Musical designer - C\u00e4tlin M\u00e4gi\" \/>\n<meta property=\"og:description\" content=\"Musical designer\" \/>\n<meta property=\"og:url\" content=\"https:\/\/catlin.ee\/en\/discography\/muusikalinekujundaja\/\" \/>\n<meta property=\"og:site_name\" content=\"C\u00e4tlin M\u00e4gi\" \/>\n<meta property=\"article:modified_time\" content=\"2020-04-11T07:26:42+00:00\" \/>\n<meta property=\"og:image\" content=\"https:\/\/catlin.ee\/wp-content\/uploads\/2011\/05\/Screen-Shot-2017-02-14-at-15.00.53-300x273.png\" \/>\n<meta name=\"twitter:card\" content=\"summary_large_image\" \/>\n<meta name=\"twitter:label1\" content=\"Est. reading time\" \/>\n\t<meta name=\"twitter:data1\" content=\"1 minute\" \/>\n<script type=\"application\/ld+json\" class=\"yoast-schema-graph\">{\"@context\":\"https:\\\/\\\/schema.org\",\"@graph\":[{\"@type\":\"WebPage\",\"@id\":\"https:\\\/\\\/catlin.ee\\\/en\\\/discography\\\/muusikalinekujundaja\\\/\",\"url\":\"https:\\\/\\\/catlin.ee\\\/en\\\/discography\\\/muusikalinekujundaja\\\/\",\"name\":\"Musical designer - C\u00e4tlin M\u00e4gi\",\"isPartOf\":{\"@id\":\"https:\\\/\\\/catlin.ee\\\/#website\"},\"primaryImageOfPage\":{\"@id\":\"https:\\\/\\\/catlin.ee\\\/en\\\/discography\\\/muusikalinekujundaja\\\/#primaryimage\"},\"image\":{\"@id\":\"https:\\\/\\\/catlin.ee\\\/en\\\/discography\\\/muusikalinekujundaja\\\/#primaryimage\"},\"thumbnailUrl\":\"https:\\\/\\\/catlin.ee\\\/wp-content\\\/uploads\\\/2011\\\/05\\\/Screen-Shot-2017-02-14-at-15.00.53-300x273.png\",\"datePublished\":\"2017-02-14T14:26:08+00:00\",\"dateModified\":\"2020-04-11T07:26:42+00:00\",\"description\":\"Musical designer\",\"breadcrumb\":{\"@id\":\"https:\\\/\\\/catlin.ee\\\/en\\\/discography\\\/muusikalinekujundaja\\\/#breadcrumb\"},\"inLanguage\":\"en-US\",\"potentialAction\":[{\"@type\":\"ReadAction\",\"target\":[\"https:\\\/\\\/catlin.ee\\\/en\\\/discography\\\/muusikalinekujundaja\\\/\"]}]},{\"@type\":\"ImageObject\",\"inLanguage\":\"en-US\",\"@id\":\"https:\\\/\\\/catlin.ee\\\/en\\\/discography\\\/muusikalinekujundaja\\\/#primaryimage\",\"url\":\"https:\\\/\\\/catlin.ee\\\/wp-content\\\/uploads\\\/2011\\\/05\\\/Screen-Shot-2017-02-14-at-15.00.53-300x273.png\",\"contentUrl\":\"https:\\\/\\\/catlin.ee\\\/wp-content\\\/uploads\\\/2011\\\/05\\\/Screen-Shot-2017-02-14-at-15.00.53-300x273.png\"},{\"@type\":\"BreadcrumbList\",\"@id\":\"https:\\\/\\\/catlin.ee\\\/en\\\/discography\\\/muusikalinekujundaja\\\/#breadcrumb\",\"itemListElement\":[{\"@type\":\"ListItem\",\"position\":1,\"name\":\"Home\",\"item\":\"https:\\\/\\\/catlin.ee\\\/\"},{\"@type\":\"ListItem\",\"position\":2,\"name\":\"Discography\",\"item\":\"https:\\\/\\\/catlin.ee\\\/en\\\/discography\\\/\"},{\"@type\":\"ListItem\",\"position\":3,\"name\":\"Musical designer\"}]},{\"@type\":\"WebSite\",\"@id\":\"https:\\\/\\\/catlin.ee\\\/#website\",\"url\":\"https:\\\/\\\/catlin.ee\\\/\",\"name\":\"C\u00e4tlin M\u00e4gi\",\"description\":\"C\u00e4tlin M\u00e4gi on \u00fcks simapaistvamaid eeskujusid eesti p\u00e4rimusmuusika maastikul\",\"alternateName\":\"CM\",\"potentialAction\":[{\"@type\":\"SearchAction\",\"target\":{\"@type\":\"EntryPoint\",\"urlTemplate\":\"https:\\\/\\\/catlin.ee\\\/?s={search_term_string}\"},\"query-input\":{\"@type\":\"PropertyValueSpecification\",\"valueRequired\":true,\"valueName\":\"search_term_string\"}}],\"inLanguage\":\"en-US\"}]}<\/script>\n<!-- \/ Yoast SEO plugin. -->","yoast_head_json":{"title":"Musical designer - C\u00e4tlin M\u00e4gi","description":"Musical designer","robots":{"index":"index","follow":"follow","max-snippet":"max-snippet:-1","max-image-preview":"max-image-preview:large","max-video-preview":"max-video-preview:-1"},"canonical":"https:\/\/catlin.ee\/en\/discography\/muusikalinekujundaja\/","og_locale":"en_US","og_type":"article","og_title":"Musical designer - C\u00e4tlin M\u00e4gi","og_description":"Musical designer","og_url":"https:\/\/catlin.ee\/en\/discography\/muusikalinekujundaja\/","og_site_name":"C\u00e4tlin M\u00e4gi","article_modified_time":"2020-04-11T07:26:42+00:00","og_image":[{"url":"https:\/\/catlin.ee\/wp-content\/uploads\/2011\/05\/Screen-Shot-2017-02-14-at-15.00.53-300x273.png","type":"","width":"","height":""}],"twitter_card":"summary_large_image","twitter_misc":{"Est. reading time":"1 minute"},"schema":{"@context":"https:\/\/schema.org","@graph":[{"@type":"WebPage","@id":"https:\/\/catlin.ee\/en\/discography\/muusikalinekujundaja\/","url":"https:\/\/catlin.ee\/en\/discography\/muusikalinekujundaja\/","name":"Musical designer - C\u00e4tlin M\u00e4gi","isPartOf":{"@id":"https:\/\/catlin.ee\/#website"},"primaryImageOfPage":{"@id":"https:\/\/catlin.ee\/en\/discography\/muusikalinekujundaja\/#primaryimage"},"image":{"@id":"https:\/\/catlin.ee\/en\/discography\/muusikalinekujundaja\/#primaryimage"},"thumbnailUrl":"https:\/\/catlin.ee\/wp-content\/uploads\/2011\/05\/Screen-Shot-2017-02-14-at-15.00.53-300x273.png","datePublished":"2017-02-14T14:26:08+00:00","dateModified":"2020-04-11T07:26:42+00:00","description":"Musical designer","breadcrumb":{"@id":"https:\/\/catlin.ee\/en\/discography\/muusikalinekujundaja\/#breadcrumb"},"inLanguage":"en-US","potentialAction":[{"@type":"ReadAction","target":["https:\/\/catlin.ee\/en\/discography\/muusikalinekujundaja\/"]}]},{"@type":"ImageObject","inLanguage":"en-US","@id":"https:\/\/catlin.ee\/en\/discography\/muusikalinekujundaja\/#primaryimage","url":"https:\/\/catlin.ee\/wp-content\/uploads\/2011\/05\/Screen-Shot-2017-02-14-at-15.00.53-300x273.png","contentUrl":"https:\/\/catlin.ee\/wp-content\/uploads\/2011\/05\/Screen-Shot-2017-02-14-at-15.00.53-300x273.png"},{"@type":"BreadcrumbList","@id":"https:\/\/catlin.ee\/en\/discography\/muusikalinekujundaja\/#breadcrumb","itemListElement":[{"@type":"ListItem","position":1,"name":"Home","item":"https:\/\/catlin.ee\/"},{"@type":"ListItem","position":2,"name":"Discography","item":"https:\/\/catlin.ee\/en\/discography\/"},{"@type":"ListItem","position":3,"name":"Musical designer"}]},{"@type":"WebSite","@id":"https:\/\/catlin.ee\/#website","url":"https:\/\/catlin.ee\/","name":"C\u00e4tlin M\u00e4gi","description":"C\u00e4tlin M\u00e4gi on \u00fcks simapaistvamaid eeskujusid eesti p\u00e4rimusmuusika maastikul","alternateName":"CM","potentialAction":[{"@type":"SearchAction","target":{"@type":"EntryPoint","urlTemplate":"https:\/\/catlin.ee\/?s={search_term_string}"},"query-input":{"@type":"PropertyValueSpecification","valueRequired":true,"valueName":"search_term_string"}}],"inLanguage":"en-US"}]}},"jetpack_sharing_enabled":true,"jetpack_shortlink":"https:\/\/wp.me\/P5m405-mg","_links":{"self":[{"href":"https:\/\/catlin.ee\/en\/wp-json\/wp\/v2\/pages\/1380","targetHints":{"allow":["GET"]}}],"collection":[{"href":"https:\/\/catlin.ee\/en\/wp-json\/wp\/v2\/pages"}],"about":[{"href":"https:\/\/catlin.ee\/en\/wp-json\/wp\/v2\/types\/page"}],"author":[{"embeddable":true,"href":"https:\/\/catlin.ee\/en\/wp-json\/wp\/v2\/users\/2"}],"replies":[{"embeddable":true,"href":"https:\/\/catlin.ee\/en\/wp-json\/wp\/v2\/comments?post=1380"}],"version-history":[{"count":2,"href":"https:\/\/catlin.ee\/en\/wp-json\/wp\/v2\/pages\/1380\/revisions"}],"predecessor-version":[{"id":1592,"href":"https:\/\/catlin.ee\/en\/wp-json\/wp\/v2\/pages\/1380\/revisions\/1592"}],"up":[{"embeddable":true,"href":"https:\/\/catlin.ee\/en\/wp-json\/wp\/v2\/pages\/1386"}],"wp:attachment":[{"href":"https:\/\/catlin.ee\/en\/wp-json\/wp\/v2\/media?parent=1380"}],"curies":[{"name":"wp","href":"https:\/\/api.w.org\/{rel}","templated":true}]}}