{"id":1375,"date":"2020-01-03T13:57:50","date_gmt":"2020-01-03T10:57:50","guid":{"rendered":"https:\/\/catlin.ee\/musical-collaboration\/"},"modified":"2020-01-03T13:57:56","modified_gmt":"2020-01-03T10:57:56","slug":"musical-collaboration","status":"publish","type":"page","link":"https:\/\/catlin.ee\/en\/musical-collaboration\/","title":{"rendered":"Musical collaboration"},"content":{"rendered":"<div class=\"wpb-content-wrapper\"><p>[vc_row][vc_column width=&#8221;1\/3&#8243;][vc_column_text]2019 \u201cMinu arm\u201d tantsupidu 2019 (fl\u00f6\u00f6t, torupill, parmupillide, vile)<\/p>\n<p><img loading=\"lazy\" decoding=\"async\" class=\"alignnone size-medium wp-image-1359\" src=\"https:\/\/catlin.ee\/wp-content\/uploads\/2020\/01\/Screen-Shot-2020-01-03-at-06.25.45-300x234.png\" alt=\"\" width=\"300\" height=\"234\" srcset=\"https:\/\/catlin.ee\/wp-content\/uploads\/2020\/01\/Screen-Shot-2020-01-03-at-06.25.45-300x234.png 300w, https:\/\/catlin.ee\/wp-content\/uploads\/2020\/01\/Screen-Shot-2020-01-03-at-06.25.45-768x600.png 768w, https:\/\/catlin.ee\/wp-content\/uploads\/2020\/01\/Screen-Shot-2020-01-03-at-06.25.45.png 958w\" sizes=\"auto, (max-width: 300px) 100vw, 300px\" \/><\/p>\n<ul>\n<li><\/li>\n<\/ul>\n<p>[\/vc_column_text][\/vc_column][vc_column width=&#8221;1\/3&#8243;][vc_column_text]<\/p>\n<p>2018 \u201cKirjad \u00e4\u00e4remaalt\u201d ans. Revals (torupill)<\/p>\n<p><img loading=\"lazy\" decoding=\"async\" class=\"alignnone size-medium wp-image-1363\" src=\"https:\/\/catlin.ee\/wp-content\/uploads\/2020\/01\/Screen-Shot-2020-01-03-at-06.35.13-300x300.png\" alt=\"\" width=\"300\" height=\"300\" srcset=\"https:\/\/catlin.ee\/wp-content\/uploads\/2020\/01\/Screen-Shot-2020-01-03-at-06.35.13-300x301.png 300w, https:\/\/catlin.ee\/wp-content\/uploads\/2020\/01\/Screen-Shot-2020-01-03-at-06.35.13-1022x1024.png 1022w, https:\/\/catlin.ee\/wp-content\/uploads\/2020\/01\/Screen-Shot-2020-01-03-at-06.35.13-150x150.png 150w, https:\/\/catlin.ee\/wp-content\/uploads\/2020\/01\/Screen-Shot-2020-01-03-at-06.35.13-768x769.png 768w, https:\/\/catlin.ee\/wp-content\/uploads\/2020\/01\/Screen-Shot-2020-01-03-at-06.35.13-110x110.png 110w, https:\/\/catlin.ee\/wp-content\/uploads\/2020\/01\/Screen-Shot-2020-01-03-at-06.35.13-1100x1102.png 1100w, https:\/\/catlin.ee\/wp-content\/uploads\/2020\/01\/Screen-Shot-2020-01-03-at-06.35.13-468x468.png 468w, https:\/\/catlin.ee\/wp-content\/uploads\/2020\/01\/Screen-Shot-2020-01-03-at-06.35.13-502x502.png 502w, https:\/\/catlin.ee\/wp-content\/uploads\/2020\/01\/Screen-Shot-2020-01-03-at-06.35.13.png 1126w\" sizes=\"auto, (max-width: 300px) 100vw, 300px\" \/>[\/vc_column_text][vc_column_text][\/vc_column_text][\/vc_column][vc_column width=&#8221;1\/3&#8243;][vc_column_text]2016 \u201cRegijoon\u201d Celia Roose (parmupill)<\/p>\n<p><a href=\"https:\/\/catlin.ee\/wp-content\/uploads\/2011\/05\/Screen-Shot-2017-02-14-at-15.06.50.png\"><img loading=\"lazy\" decoding=\"async\" class=\"alignnone size-medium wp-image-664\" src=\"https:\/\/catlin.ee\/wp-content\/uploads\/2011\/05\/Screen-Shot-2017-02-14-at-15.06.50-300x271.png\" alt=\"\" width=\"300\" height=\"271\" srcset=\"https:\/\/catlin.ee\/wp-content\/uploads\/2011\/05\/Screen-Shot-2017-02-14-at-15.06.50-300x271.png 300w, https:\/\/catlin.ee\/wp-content\/uploads\/2011\/05\/Screen-Shot-2017-02-14-at-15.06.50.png 580w\" sizes=\"auto, (max-width: 300px) 100vw, 300px\" \/><\/a>[\/vc_column_text][vc_column_text][\/vc_column_text][\/vc_column][\/vc_row][vc_row][vc_column width=&#8221;1\/3&#8243;][vc_column_text]2013 \u201cMengin nagu taevatitt\u201d ans. Torupilli Jussi Trio (torupill, laul, parmupill, pikkvile)<\/p>\n<p><a href=\"https:\/\/catlin.ee\/wp-content\/uploads\/2011\/05\/Screen-Shot-2017-02-14-at-15.00.53.png\"><img loading=\"lazy\" decoding=\"async\" class=\"alignnone wp-image-663\" src=\"https:\/\/catlin.ee\/wp-content\/uploads\/2011\/05\/Screen-Shot-2017-02-14-at-15.00.53-300x273.png\" alt=\"\" width=\"263\" height=\"239\" srcset=\"https:\/\/catlin.ee\/wp-content\/uploads\/2011\/05\/Screen-Shot-2017-02-14-at-15.00.53-300x273.png 300w, https:\/\/catlin.ee\/wp-content\/uploads\/2011\/05\/Screen-Shot-2017-02-14-at-15.00.53-768x699.png 768w, https:\/\/catlin.ee\/wp-content\/uploads\/2011\/05\/Screen-Shot-2017-02-14-at-15.00.53.png 828w\" sizes=\"auto, (max-width: 263px) 100vw, 263px\" \/><\/a><\/p>\n<p>[\/vc_column_text][\/vc_column][vc_column width=&#8221;1\/3&#8243;][vc_column_text]2012 \u201c\u00c4ratund\u201d Jaan T\u00e4tte ja Udupasun (laul, fl\u00f6\u00f6did, viled, 2-realine l\u00f5\u00f5ts, torupill)<\/p>\n<p><a href=\"https:\/\/catlin.ee\/wp-content\/uploads\/2011\/05\/Unknown-4.jpeg\"><img loading=\"lazy\" decoding=\"async\" class=\"alignleft wp-image-271\" title=\"Unknown-4\" src=\"https:\/\/catlin.ee\/wp-content\/uploads\/2011\/05\/Unknown-4.jpeg\" alt=\"\" width=\"264\" height=\"234\" \/><\/a><\/p>\n<p>[\/vc_column_text][\/vc_column][vc_column width=&#8221;1\/3&#8243;][vc_column_text]2012 \u201cP\u00e4evalodja\u201d Anu Taul (vile, fl\u00f6\u00f6t)<\/p>\n<p><img loading=\"lazy\" decoding=\"async\" class=\"alignnone wp-image-279\" title=\"Unknown-7\" src=\"https:\/\/catlin.ee\/wp-content\/uploads\/2011\/05\/Unknown-7.jpeg\" alt=\"\" width=\"269\" height=\"270\" srcset=\"https:\/\/catlin.ee\/wp-content\/uploads\/2011\/05\/Unknown-7.jpeg 224w, https:\/\/catlin.ee\/wp-content\/uploads\/2011\/05\/Unknown-7-150x150.jpg 150w\" sizes=\"auto, (max-width: 269px) 100vw, 269px\" \/>[\/vc_column_text][\/vc_column][\/vc_row][vc_row][vc_column width=&#8221;1\/3&#8243;][vc_column_text]2012 &#8220;V\u00e4gilased&#8221; kogumik 3 CD-d<\/p>\n<p><a href=\"https:\/\/catlin.ee\/wp-content\/uploads\/2011\/05\/images-3.jpeg\"><img loading=\"lazy\" decoding=\"async\" class=\"alignnone wp-image-668\" src=\"https:\/\/catlin.ee\/wp-content\/uploads\/2011\/05\/images-3.jpeg\" alt=\"\" width=\"270\" height=\"270\" srcset=\"https:\/\/catlin.ee\/wp-content\/uploads\/2011\/05\/images-3.jpeg 160w, https:\/\/catlin.ee\/wp-content\/uploads\/2011\/05\/images-3-150x150.jpeg 150w, https:\/\/catlin.ee\/wp-content\/uploads\/2011\/05\/images-3-110x110.jpeg 110w\" sizes=\"auto, (max-width: 270px) 100vw, 270px\" \/><\/a>[\/vc_column_text][\/vc_column][vc_column width=&#8221;1\/3&#8243;][vc_column_text]2011 \u201cSelle maa lood\u201d XI Noorte Tantsupidu 2011 (torupill, viled, parmupill)<\/p>\n<p><img loading=\"lazy\" decoding=\"async\" class=\"rg_i\" src=\"http:\/\/t1.gstatic.com\/images?q=tbn:ANd9GcTNCeKEFM8uveB8w07P4dn50uRv4IBRjbX9XYmA3D8Dwpj-YXaNdQ\" alt=\"\" width=\"181\" height=\"272\" \/>[\/vc_column_text][\/vc_column][vc_column width=&#8221;1\/3&#8243;][vc_column_text]2011 \u201cWabariigi polka\u201d ans. RO:TORO (torupill, parmupill, pikkvile)<\/p>\n<p><strong><a href=\"https:\/\/catlin.ee\/wp-content\/uploads\/2011\/05\/Unknown-1.jpeg\"><img loading=\"lazy\" decoding=\"async\" class=\"alignleft wp-image-267\" title=\"Unknown-1\" src=\"https:\/\/catlin.ee\/wp-content\/uploads\/2011\/05\/Unknown-1.jpeg\" alt=\"\" width=\"267\" height=\"243\" \/><\/a><\/strong><\/p>\n<p>&nbsp;<\/p>\n<p>[\/vc_column_text][\/vc_column][\/vc_row][vc_row][vc_column width=&#8221;1\/3&#8243;][vc_column_text]2010 \u201cOh laulgem s\u00fcdamest\u201d TT\u00dc Akadeemiline meeskoord (torupill, laul)<\/p>\n<p><a href=\"https:\/\/catlin.ee\/wp-content\/uploads\/2011\/05\/Screen-Shot-2017-02-14-at-15.12.22.png\"><img loading=\"lazy\" decoding=\"async\" class=\"alignnone wp-image-665\" src=\"https:\/\/catlin.ee\/wp-content\/uploads\/2011\/05\/Screen-Shot-2017-02-14-at-15.12.22-300x300.png\" alt=\"\" width=\"262\" height=\"262\" srcset=\"https:\/\/catlin.ee\/wp-content\/uploads\/2011\/05\/Screen-Shot-2017-02-14-at-15.12.22-300x299.png 300w, https:\/\/catlin.ee\/wp-content\/uploads\/2011\/05\/Screen-Shot-2017-02-14-at-15.12.22-150x150.png 150w, https:\/\/catlin.ee\/wp-content\/uploads\/2011\/05\/Screen-Shot-2017-02-14-at-15.12.22-110x110.png 110w, https:\/\/catlin.ee\/wp-content\/uploads\/2011\/05\/Screen-Shot-2017-02-14-at-15.12.22.png 402w\" sizes=\"auto, (max-width: 262px) 100vw, 262px\" \/><\/a><\/p>\n<p>[\/vc_column_text][\/vc_column][vc_column width=&#8221;1\/3&#8243;][vc_column_text]2010 \u201cTuulevaiksel \u00f6\u00f6l\u201d Marko Matvere, Liisi Koikson, Maarja-Liis Ilus, Jaan T\u00e4tte ja Udupasun (laul, fl\u00f6\u00f6did, viled, torupill)<\/p>\n<p><a href=\"https:\/\/catlin.ee\/wp-content\/uploads\/2011\/05\/images-1.jpeg\"><img loading=\"lazy\" decoding=\"async\" class=\"alignnone wp-image-666\" src=\"https:\/\/catlin.ee\/wp-content\/uploads\/2011\/05\/images-1.jpeg\" alt=\"\" width=\"266\" height=\"266\" srcset=\"https:\/\/catlin.ee\/wp-content\/uploads\/2011\/05\/images-1.jpeg 176w, https:\/\/catlin.ee\/wp-content\/uploads\/2011\/05\/images-1-150x150.jpeg 150w, https:\/\/catlin.ee\/wp-content\/uploads\/2011\/05\/images-1-110x110.jpeg 110w\" sizes=\"auto, (max-width: 266px) 100vw, 266px\" \/><\/a>[\/vc_column_text][\/vc_column][vc_column width=&#8221;1\/3&#8243;][vc_column_text]2010 \u201cKes Aias?\u201d ans. V\u00e4gilased (laul, torupill, parmupill, viled, fl\u00f6\u00f6t)<\/p>\n<p><a href=\"https:\/\/catlin.ee\/wp-content\/uploads\/2011\/05\/Screen-Shot-2017-02-14-at-15.17.12.png\"><img loading=\"lazy\" decoding=\"async\" class=\"alignnone wp-image-667\" src=\"https:\/\/catlin.ee\/wp-content\/uploads\/2011\/05\/Screen-Shot-2017-02-14-at-15.17.12-300x286.png\" alt=\"\" width=\"270\" height=\"257\" srcset=\"https:\/\/catlin.ee\/wp-content\/uploads\/2011\/05\/Screen-Shot-2017-02-14-at-15.17.12-300x286.png 300w, https:\/\/catlin.ee\/wp-content\/uploads\/2011\/05\/Screen-Shot-2017-02-14-at-15.17.12.png 704w\" sizes=\"auto, (max-width: 270px) 100vw, 270px\" \/><\/a>[\/vc_column_text][\/vc_column][\/vc_row][vc_row][vc_column width=&#8221;1\/3&#8243;][vc_column_text]2010 \u201cLaul jookseb ehenna\u201d Liisi Koikson ja Elletuse (laul, fl\u00f6\u00f6t, vile)<\/p>\n<p><a href=\"https:\/\/catlin.ee\/wp-content\/uploads\/2011\/05\/Screen-Shot-2017-02-14-at-15.22.55.png\"><img loading=\"lazy\" decoding=\"async\" class=\"alignnone wp-image-669\" src=\"https:\/\/catlin.ee\/wp-content\/uploads\/2011\/05\/Screen-Shot-2017-02-14-at-15.22.55-300x273.png\" alt=\"\" width=\"272\" height=\"248\" srcset=\"https:\/\/catlin.ee\/wp-content\/uploads\/2011\/05\/Screen-Shot-2017-02-14-at-15.22.55-300x273.png 300w, https:\/\/catlin.ee\/wp-content\/uploads\/2011\/05\/Screen-Shot-2017-02-14-at-15.22.55.png 662w\" sizes=\"auto, (max-width: 272px) 100vw, 272px\" \/><\/a>[\/vc_column_text][\/vc_column][vc_column width=&#8221;1\/3&#8243;][vc_column_text]2009 \u201cS\u00f5it S\u00f5\u00f5rule\u201d erinevad esitajad (laul)<\/p>\n<p>[\/vc_column_text][\/vc_column][vc_column width=&#8221;1\/3&#8243;][vc_column_text]2009 \u201cTulemine\u201d Jaan T\u00e4tte ja ans. Udupasun (laul, fl\u00f6\u00f6did, viled, 2-realine l\u00f5\u00f5ts, torupill)<\/p>\n<p><a href=\"https:\/\/catlin.ee\/wp-content\/uploads\/2011\/05\/Screen-Shot-2017-02-14-at-15.27.10.png\"><img loading=\"lazy\" decoding=\"async\" class=\"alignnone size-medium wp-image-670\" src=\"https:\/\/catlin.ee\/wp-content\/uploads\/2011\/05\/Screen-Shot-2017-02-14-at-15.27.10-300x278.png\" alt=\"\" width=\"300\" height=\"278\" srcset=\"https:\/\/catlin.ee\/wp-content\/uploads\/2011\/05\/Screen-Shot-2017-02-14-at-15.27.10-300x278.png 300w, https:\/\/catlin.ee\/wp-content\/uploads\/2011\/05\/Screen-Shot-2017-02-14-at-15.27.10-768x711.png 768w, https:\/\/catlin.ee\/wp-content\/uploads\/2011\/05\/Screen-Shot-2017-02-14-at-15.27.10-1024x948.png 1024w, https:\/\/catlin.ee\/wp-content\/uploads\/2011\/05\/Screen-Shot-2017-02-14-at-15.27.10.png 1054w\" sizes=\"auto, (max-width: 300px) 100vw, 300px\" \/><\/a>[\/vc_column_text][\/vc_column][\/vc_row][vc_row][vc_column width=&#8221;1\/3&#8243;][vc_column_text]2008 \u201cHandi hullus\u201d ans. RO:TORO (torupill, pikkvile, vile)<\/p>\n<p><a href=\"https:\/\/catlin.ee\/wp-content\/uploads\/2011\/05\/Screen-Shot-2017-02-14-at-15.29.29.png\"><img loading=\"lazy\" decoding=\"async\" class=\"alignnone wp-image-671\" src=\"https:\/\/catlin.ee\/wp-content\/uploads\/2011\/05\/Screen-Shot-2017-02-14-at-15.29.29-297x300.png\" alt=\"\" width=\"316\" height=\"319\" srcset=\"https:\/\/catlin.ee\/wp-content\/uploads\/2011\/05\/Screen-Shot-2017-02-14-at-15.29.29-297x300.png 297w, https:\/\/catlin.ee\/wp-content\/uploads\/2011\/05\/Screen-Shot-2017-02-14-at-15.29.29-150x150.png 150w, https:\/\/catlin.ee\/wp-content\/uploads\/2011\/05\/Screen-Shot-2017-02-14-at-15.29.29-110x110.png 110w, https:\/\/catlin.ee\/wp-content\/uploads\/2011\/05\/Screen-Shot-2017-02-14-at-15.29.29-300x303.png 300w, https:\/\/catlin.ee\/wp-content\/uploads\/2011\/05\/Screen-Shot-2017-02-14-at-15.29.29.png 590w\" sizes=\"auto, (max-width: 316px) 100vw, 316px\" \/><\/a>[\/vc_column_text][\/vc_column][vc_column width=&#8221;1\/3&#8243;][vc_column_text]2007 \u201cHelletused\u201d Liisi Koikson ja ans. Elletuse (fl\u00f6\u00f6did, torupill, laul)<\/p>\n<p>&nbsp;<\/p>\n<p><a href=\"https:\/\/catlin.ee\/wp-content\/uploads\/2011\/05\/Screen-Shot-2017-02-14-at-15.40.02.png\"><img loading=\"lazy\" decoding=\"async\" class=\"alignnone size-medium wp-image-672\" src=\"https:\/\/catlin.ee\/wp-content\/uploads\/2011\/05\/Screen-Shot-2017-02-14-at-15.40.02-300x274.png\" alt=\"\" width=\"300\" height=\"274\" srcset=\"https:\/\/catlin.ee\/wp-content\/uploads\/2011\/05\/Screen-Shot-2017-02-14-at-15.40.02-300x274.png 300w, https:\/\/catlin.ee\/wp-content\/uploads\/2011\/05\/Screen-Shot-2017-02-14-at-15.40.02.png 388w\" sizes=\"auto, (max-width: 300px) 100vw, 300px\" \/><\/a>[\/vc_column_text][\/vc_column][vc_column width=&#8221;1\/3&#8243;][vc_column_text]2007 Eesti improvisatsioonid \u201cSaksofon\u201d (ans. RO:TORO, torupill), DVD<\/p>\n<p><a href=\"https:\/\/catlin.ee\/wp-content\/uploads\/2011\/05\/Screen-Shot-2017-02-14-at-15.35.47.png\"><img loading=\"lazy\" decoding=\"async\" class=\"alignnone wp-image-675\" src=\"https:\/\/catlin.ee\/wp-content\/uploads\/2011\/05\/Screen-Shot-2017-02-14-at-15.35.47-223x300.png\" alt=\"\" width=\"311\" height=\"418\" srcset=\"https:\/\/catlin.ee\/wp-content\/uploads\/2011\/05\/Screen-Shot-2017-02-14-at-15.35.47-223x300.png 223w, https:\/\/catlin.ee\/wp-content\/uploads\/2011\/05\/Screen-Shot-2017-02-14-at-15.35.47-300x404.png 300w, https:\/\/catlin.ee\/wp-content\/uploads\/2011\/05\/Screen-Shot-2017-02-14-at-15.35.47.png 472w\" sizes=\"auto, (max-width: 311px) 100vw, 311px\" \/><\/a>[\/vc_column_text][\/vc_column][\/vc_row][vc_row][vc_column width=&#8221;1\/2&#8243;][vc_column_text]2006 \u201cEngi Aig\u201d Anu Taul (vile, fl\u00f6\u00f6t)<\/p>\n<p><img loading=\"lazy\" decoding=\"async\" class=\"alignnone size-full wp-image-1361\" src=\"https:\/\/catlin.ee\/wp-content\/uploads\/2020\/01\/Unknown-6.jpeg\" alt=\"\" width=\"240\" height=\"205\" \/>[\/vc_column_text][\/vc_column][vc_column width=&#8221;1\/2&#8243;][vc_column_text]2005 \u201cEstonian Bagpipe\u201d ans. RO:TORO (torupill, pikkvile, vile)<\/p>\n<p><a href=\"https:\/\/catlin.ee\/wp-content\/uploads\/2011\/05\/Screen-Shot-2017-02-14-at-16.04.09.png\"><img loading=\"lazy\" decoding=\"async\" class=\"alignnone size-medium wp-image-676\" src=\"https:\/\/catlin.ee\/wp-content\/uploads\/2011\/05\/Screen-Shot-2017-02-14-at-16.04.09-300x269.png\" alt=\"\" width=\"300\" height=\"269\" srcset=\"https:\/\/catlin.ee\/wp-content\/uploads\/2011\/05\/Screen-Shot-2017-02-14-at-16.04.09-300x269.png 300w, https:\/\/catlin.ee\/wp-content\/uploads\/2011\/05\/Screen-Shot-2017-02-14-at-16.04.09.png 688w\" sizes=\"auto, (max-width: 300px) 100vw, 300px\" \/><\/a>[\/vc_column_text][\/vc_column][\/vc_row][vc_row][vc_column width=&#8221;1\/2&#8243;][vc_column_text]2005 ans. V\u00e4gilased CD \u201cEma \u00f5petus\u201d (fl\u00f6\u00f6t, viled, torupill, parmupill, laul)<img loading=\"lazy\" decoding=\"async\" class=\"alignnone size-medium wp-image-677\" src=\"https:\/\/catlin.ee\/wp-content\/uploads\/2011\/05\/Screen-Shot-2017-02-14-at-16.08.09-300x262.png\" alt=\"\" width=\"300\" height=\"262\" srcset=\"https:\/\/catlin.ee\/wp-content\/uploads\/2011\/05\/Screen-Shot-2017-02-14-at-16.08.09-300x262.png 300w, https:\/\/catlin.ee\/wp-content\/uploads\/2011\/05\/Screen-Shot-2017-02-14-at-16.08.09-768x671.png 768w, https:\/\/catlin.ee\/wp-content\/uploads\/2011\/05\/Screen-Shot-2017-02-14-at-16.08.09.png 838w\" sizes=\"auto, (max-width: 300px) 100vw, 300px\" \/>[\/vc_column_text][\/vc_column][vc_column width=&#8221;1\/2&#8243;][vc_column_text][\/vc_column_text][vc_column_text]2004 ans. V\u00e4gilased CD \u201cV\u00e4ga ilusad\u201d (fl\u00f6\u00f6t, viled, torupill, parmupill, laul)<\/p>\n<p><img loading=\"lazy\" decoding=\"async\" class=\"rg_i\" src=\"http:\/\/t2.gstatic.com\/images?q=tbn:ANd9GcT4vjadDR6Nb-4ghK-hcCn2i87hwinb9iAVRfvRQc1vFWRxWb6V-Q\" alt=\"\" width=\"312\" height=\"305\" \/>[\/vc_column_text][\/vc_column][\/vc_row][vc_row][vc_column][vc_column_text]<\/p>\n<ul>\n<li>2004 ans. Tuulemaa (fl\u00f6\u00f6t, torupill)<\/li>\n<li>2003 \u201cT\u00e4het\u00fcdar\u201d Anu Taul ja Mulgimaa laulud (fl\u00f6\u00f6t, torupill, viled, parmupill)<\/li>\n<li>2003 \u201c\u0160oti laulud \u0160oti klubis\u201d ans. Kukerpilli (fl\u00f6\u00f6t, vile, torupill)<\/li>\n<li>2003 \u201cIgal pillil oma viis\u201d Raplamaa noored rahvapillim\u00e4ngijad (torupill)<\/li>\n<li>2002 \u201cP\u00e4rimusmuusika l\u00f5ikuspidu\u201d kogumik<\/li>\n<li>2002 \u201cSabbatum\u201d ans. Rondellus (torupill)<\/li>\n<li>2002 \u201cUntsakad 10\u201d ans. Untsakad (vile, torupill)<\/li>\n<li>2001 \u201cC\u00e4tlin Jaago in bagpipe tradition\u201d (torupill, parmupill)<\/li>\n<li>2001 \u201cEstonian traditional music 2001\u201d kogumik<\/li>\n<li>2001 \u201cKui mina alles noor veel olin\u201d kogumikplaat (torupill)<\/li>\n<li>2000 \u201cEluvee Allikal\u201d Asta Iisak (torupill)<\/li>\n<li>2000 ans. Untsakad \u201cT\u00fctarlaps merimeeste k\u00f5rtsis\u201d (vile, torupill)<\/li>\n<li>1995 ans. Untsakad \u201cNuur ma olli, ull ma olli\u2026\u201d kogumik (torupill)<\/li>\n<li>1993 \u201cRoheline\u201d R\u00fctmi ja liikumis\u00f5petus metoodiline juhend (fl\u00f6\u00f6t)<\/li>\n<\/ul>\n<p>[\/vc_column_text][\/vc_column][\/vc_row]<\/p>\n<\/div>","protected":false},"excerpt":{"rendered":"<p>[vc_row][vc_column width=&#8221;1\/3&#8243;][vc_column_text]2019 \u201cMinu arm\u201d tantsupidu 2019 (fl\u00f6\u00f6t, torupill, parmupillide, vile) [\/vc_column_text][\/vc_column][vc_column width=&#8221;1\/3&#8243;][vc_column_text] 2018 \u201cKirjad \u00e4\u00e4remaalt\u201d ans. Revals (torupill) [\/vc_column_text][vc_column_text][\/vc_column_text][\/vc_column][vc_column width=&#8221;1\/3&#8243;][vc_column_text]2016&#8230;<\/p>\n","protected":false},"author":2,"featured_media":0,"parent":0,"menu_order":0,"comment_status":"closed","ping_status":"closed","template":"","meta":{"_exactmetrics_skip_tracking":false,"_exactmetrics_sitenote_active":false,"_exactmetrics_sitenote_note":"","_exactmetrics_sitenote_category":0,"jetpack_post_was_ever_published":false,"footnotes":""},"class_list":["post-1375","page","type-page","status-publish","hentry"],"yoast_head":"<!-- This site is optimized with the Yoast SEO plugin v27.5 - https:\/\/yoast.com\/product\/yoast-seo-wordpress\/ -->\n<title>Musical collaboration - C\u00e4tlin M\u00e4gi<\/title>\n<meta name=\"description\" content=\"Musical collaboration\" \/>\n<meta name=\"robots\" content=\"index, follow, max-snippet:-1, max-image-preview:large, max-video-preview:-1\" \/>\n<link rel=\"canonical\" href=\"https:\/\/catlin.ee\/en\/musical-collaboration\/\" \/>\n<meta property=\"og:locale\" content=\"en_US\" \/>\n<meta property=\"og:type\" content=\"article\" \/>\n<meta property=\"og:title\" content=\"Musical collaboration - C\u00e4tlin M\u00e4gi\" \/>\n<meta property=\"og:description\" content=\"Musical collaboration\" \/>\n<meta property=\"og:url\" content=\"https:\/\/catlin.ee\/en\/musical-collaboration\/\" \/>\n<meta property=\"og:site_name\" content=\"C\u00e4tlin M\u00e4gi\" \/>\n<meta property=\"article:modified_time\" content=\"2020-01-03T10:57:56+00:00\" \/>\n<meta property=\"og:image\" content=\"https:\/\/catlin.ee\/wp-content\/uploads\/2020\/01\/Screen-Shot-2020-01-03-at-06.25.45-300x234.png\" \/>\n<meta name=\"twitter:card\" content=\"summary_large_image\" \/>\n<meta name=\"twitter:label1\" content=\"Est. reading time\" \/>\n\t<meta name=\"twitter:data1\" content=\"3 minutes\" \/>\n<script type=\"application\/ld+json\" class=\"yoast-schema-graph\">{\"@context\":\"https:\\\/\\\/schema.org\",\"@graph\":[{\"@type\":\"WebPage\",\"@id\":\"https:\\\/\\\/catlin.ee\\\/en\\\/musical-collaboration\\\/\",\"url\":\"https:\\\/\\\/catlin.ee\\\/en\\\/musical-collaboration\\\/\",\"name\":\"Musical collaboration - C\u00e4tlin M\u00e4gi\",\"isPartOf\":{\"@id\":\"https:\\\/\\\/catlin.ee\\\/#website\"},\"primaryImageOfPage\":{\"@id\":\"https:\\\/\\\/catlin.ee\\\/en\\\/musical-collaboration\\\/#primaryimage\"},\"image\":{\"@id\":\"https:\\\/\\\/catlin.ee\\\/en\\\/musical-collaboration\\\/#primaryimage\"},\"thumbnailUrl\":\"https:\\\/\\\/catlin.ee\\\/wp-content\\\/uploads\\\/2020\\\/01\\\/Screen-Shot-2020-01-03-at-06.25.45-300x234.png\",\"datePublished\":\"2020-01-03T10:57:50+00:00\",\"dateModified\":\"2020-01-03T10:57:56+00:00\",\"description\":\"Musical collaboration\",\"breadcrumb\":{\"@id\":\"https:\\\/\\\/catlin.ee\\\/en\\\/musical-collaboration\\\/#breadcrumb\"},\"inLanguage\":\"en-US\",\"potentialAction\":[{\"@type\":\"ReadAction\",\"target\":[\"https:\\\/\\\/catlin.ee\\\/en\\\/musical-collaboration\\\/\"]}]},{\"@type\":\"ImageObject\",\"inLanguage\":\"en-US\",\"@id\":\"https:\\\/\\\/catlin.ee\\\/en\\\/musical-collaboration\\\/#primaryimage\",\"url\":\"https:\\\/\\\/catlin.ee\\\/wp-content\\\/uploads\\\/2020\\\/01\\\/Screen-Shot-2020-01-03-at-06.25.45-300x234.png\",\"contentUrl\":\"https:\\\/\\\/catlin.ee\\\/wp-content\\\/uploads\\\/2020\\\/01\\\/Screen-Shot-2020-01-03-at-06.25.45-300x234.png\"},{\"@type\":\"BreadcrumbList\",\"@id\":\"https:\\\/\\\/catlin.ee\\\/en\\\/musical-collaboration\\\/#breadcrumb\",\"itemListElement\":[{\"@type\":\"ListItem\",\"position\":1,\"name\":\"Home\",\"item\":\"https:\\\/\\\/catlin.ee\\\/\"},{\"@type\":\"ListItem\",\"position\":2,\"name\":\"Musical collaboration\"}]},{\"@type\":\"WebSite\",\"@id\":\"https:\\\/\\\/catlin.ee\\\/#website\",\"url\":\"https:\\\/\\\/catlin.ee\\\/\",\"name\":\"C\u00e4tlin M\u00e4gi\",\"description\":\"C\u00e4tlin M\u00e4gi on \u00fcks simapaistvamaid eeskujusid eesti p\u00e4rimusmuusika maastikul\",\"alternateName\":\"CM\",\"potentialAction\":[{\"@type\":\"SearchAction\",\"target\":{\"@type\":\"EntryPoint\",\"urlTemplate\":\"https:\\\/\\\/catlin.ee\\\/?s={search_term_string}\"},\"query-input\":{\"@type\":\"PropertyValueSpecification\",\"valueRequired\":true,\"valueName\":\"search_term_string\"}}],\"inLanguage\":\"en-US\"}]}<\/script>\n<!-- \/ Yoast SEO plugin. -->","yoast_head_json":{"title":"Musical collaboration - C\u00e4tlin M\u00e4gi","description":"Musical collaboration","robots":{"index":"index","follow":"follow","max-snippet":"max-snippet:-1","max-image-preview":"max-image-preview:large","max-video-preview":"max-video-preview:-1"},"canonical":"https:\/\/catlin.ee\/en\/musical-collaboration\/","og_locale":"en_US","og_type":"article","og_title":"Musical collaboration - C\u00e4tlin M\u00e4gi","og_description":"Musical collaboration","og_url":"https:\/\/catlin.ee\/en\/musical-collaboration\/","og_site_name":"C\u00e4tlin M\u00e4gi","article_modified_time":"2020-01-03T10:57:56+00:00","og_image":[{"url":"https:\/\/catlin.ee\/wp-content\/uploads\/2020\/01\/Screen-Shot-2020-01-03-at-06.25.45-300x234.png","type":"","width":"","height":""}],"twitter_card":"summary_large_image","twitter_misc":{"Est. reading time":"3 minutes"},"schema":{"@context":"https:\/\/schema.org","@graph":[{"@type":"WebPage","@id":"https:\/\/catlin.ee\/en\/musical-collaboration\/","url":"https:\/\/catlin.ee\/en\/musical-collaboration\/","name":"Musical collaboration - C\u00e4tlin M\u00e4gi","isPartOf":{"@id":"https:\/\/catlin.ee\/#website"},"primaryImageOfPage":{"@id":"https:\/\/catlin.ee\/en\/musical-collaboration\/#primaryimage"},"image":{"@id":"https:\/\/catlin.ee\/en\/musical-collaboration\/#primaryimage"},"thumbnailUrl":"https:\/\/catlin.ee\/wp-content\/uploads\/2020\/01\/Screen-Shot-2020-01-03-at-06.25.45-300x234.png","datePublished":"2020-01-03T10:57:50+00:00","dateModified":"2020-01-03T10:57:56+00:00","description":"Musical collaboration","breadcrumb":{"@id":"https:\/\/catlin.ee\/en\/musical-collaboration\/#breadcrumb"},"inLanguage":"en-US","potentialAction":[{"@type":"ReadAction","target":["https:\/\/catlin.ee\/en\/musical-collaboration\/"]}]},{"@type":"ImageObject","inLanguage":"en-US","@id":"https:\/\/catlin.ee\/en\/musical-collaboration\/#primaryimage","url":"https:\/\/catlin.ee\/wp-content\/uploads\/2020\/01\/Screen-Shot-2020-01-03-at-06.25.45-300x234.png","contentUrl":"https:\/\/catlin.ee\/wp-content\/uploads\/2020\/01\/Screen-Shot-2020-01-03-at-06.25.45-300x234.png"},{"@type":"BreadcrumbList","@id":"https:\/\/catlin.ee\/en\/musical-collaboration\/#breadcrumb","itemListElement":[{"@type":"ListItem","position":1,"name":"Home","item":"https:\/\/catlin.ee\/"},{"@type":"ListItem","position":2,"name":"Musical collaboration"}]},{"@type":"WebSite","@id":"https:\/\/catlin.ee\/#website","url":"https:\/\/catlin.ee\/","name":"C\u00e4tlin M\u00e4gi","description":"C\u00e4tlin M\u00e4gi on \u00fcks simapaistvamaid eeskujusid eesti p\u00e4rimusmuusika maastikul","alternateName":"CM","potentialAction":[{"@type":"SearchAction","target":{"@type":"EntryPoint","urlTemplate":"https:\/\/catlin.ee\/?s={search_term_string}"},"query-input":{"@type":"PropertyValueSpecification","valueRequired":true,"valueName":"search_term_string"}}],"inLanguage":"en-US"}]}},"jetpack_sharing_enabled":true,"jetpack_shortlink":"https:\/\/wp.me\/P5m405-mb","_links":{"self":[{"href":"https:\/\/catlin.ee\/en\/wp-json\/wp\/v2\/pages\/1375","targetHints":{"allow":["GET"]}}],"collection":[{"href":"https:\/\/catlin.ee\/en\/wp-json\/wp\/v2\/pages"}],"about":[{"href":"https:\/\/catlin.ee\/en\/wp-json\/wp\/v2\/types\/page"}],"author":[{"embeddable":true,"href":"https:\/\/catlin.ee\/en\/wp-json\/wp\/v2\/users\/2"}],"replies":[{"embeddable":true,"href":"https:\/\/catlin.ee\/en\/wp-json\/wp\/v2\/comments?post=1375"}],"version-history":[{"count":3,"href":"https:\/\/catlin.ee\/en\/wp-json\/wp\/v2\/pages\/1375\/revisions"}],"predecessor-version":[{"id":1378,"href":"https:\/\/catlin.ee\/en\/wp-json\/wp\/v2\/pages\/1375\/revisions\/1378"}],"wp:attachment":[{"href":"https:\/\/catlin.ee\/en\/wp-json\/wp\/v2\/media?parent=1375"}],"curies":[{"name":"wp","href":"https:\/\/api.w.org\/{rel}","templated":true}]}}