{"id":1320,"date":"2019-08-12T14:58:17","date_gmt":"2019-08-12T11:58:17","guid":{"rendered":"https:\/\/catlin.ee\/biography-2\/"},"modified":"2023-05-29T21:42:37","modified_gmt":"2023-05-29T18:42:37","slug":"biography","status":"publish","type":"page","link":"https:\/\/catlin.ee\/en\/biography\/","title":{"rendered":"Biography"},"content":{"rendered":"<div class=\"wpb-content-wrapper\"><p>[vc_row][vc_column][vc_column_text]<\/p>\n<p style=\"text-align: left;\"><strong><a href=\"https:\/\/catlin.ee\/wp-content\/uploads\/2016\/11\/Torupilli-Jussi-Trio-3.jpg\"><img loading=\"lazy\" decoding=\"async\" class=\"size-medium wp-image-749 alignleft\" src=\"https:\/\/catlin.ee\/wp-content\/uploads\/2016\/11\/Torupilli-Jussi-Trio-3-300x300.jpg\" alt=\"\" width=\"300\" height=\"300\" srcset=\"https:\/\/catlin.ee\/wp-content\/uploads\/2016\/11\/Torupilli-Jussi-Trio-3-300x300.jpg 300w, https:\/\/catlin.ee\/wp-content\/uploads\/2016\/11\/Torupilli-Jussi-Trio-3-150x150.jpg 150w, https:\/\/catlin.ee\/wp-content\/uploads\/2016\/11\/Torupilli-Jussi-Trio-3-768x768.jpg 768w, https:\/\/catlin.ee\/wp-content\/uploads\/2016\/11\/Torupilli-Jussi-Trio-3-1024x1024.jpg 1024w, https:\/\/catlin.ee\/wp-content\/uploads\/2016\/11\/Torupilli-Jussi-Trio-3-110x110.jpg 110w, https:\/\/catlin.ee\/wp-content\/uploads\/2016\/11\/Torupilli-Jussi-Trio-3-1100x1100.jpg 1100w, https:\/\/catlin.ee\/wp-content\/uploads\/2016\/11\/Torupilli-Jussi-Trio-3-468x468.jpg 468w, https:\/\/catlin.ee\/wp-content\/uploads\/2016\/11\/Torupilli-Jussi-Trio-3-502x502.jpg 502w, https:\/\/catlin.ee\/wp-content\/uploads\/2016\/11\/Torupilli-Jussi-Trio-3.jpg 1400w\" sizes=\"auto, (max-width: 300px) 100vw, 300px\" \/><\/a><\/strong><\/p>\n<p>C\u00e4tlin M\u00e4gi is one of the most prominent figures in the landscape of Estonian traditional music. She is a remarkable traditional musician known for her mastery of playing the Estonian bagpipes and Jew&#8217;s Harp. She has explored the older layer of traditional music and brought it into the contemporary world through various ensembles and projects. These performances offer extraordinary experiences and journeys along the paths of Estonian traditional music.<\/p>\n<p>Different ensembles in which C\u00e4tlin performs originated during her studies at the Viljandi Culture Academy of the University of Tartu, and more have emerged over time. Currently, she is involved in ensembles such as <a href=\"https:\/\/catlin.ee\/en\/projects\/rotoro\/\">RO:TORO<\/a>, <a href=\"https:\/\/catlin.ee\/en\/projects\/torupilli-jussi-trio\/\">Torupilli Jussi Trio<\/a>, DUO: C\u00e4tlin &amp; Marko M\u00e4gi, DUO: C\u00e4tlin M\u00e4gi &amp; Jaan Pehk, and her <a href=\"https:\/\/catlin.ee\/en\/projects\/jews-harp\/\">solo<\/a> project. She has participated as a musician in the production of over twenty albums and has released solo albums as well as albums with various ensembles.<\/p>\n<p>In addition to her excellent musical skills, C\u00e4tlin M\u00e4gi is also known as a promoter and teacher of traditional music. She has performed concerts and led workshops in various countries, sharing her knowledge and experiences with traditional music enthusiasts worldwide. Her dedication and enthusiasm for traditional music have helped popularize this rich cultural heritage and inspired many young musicians.<\/p>\n<p>She is a professional, passionate, and charismatic musician, an inspiring teacher, and a visionary. Her playing style and expressive performance have made her well-known both locally and internationally.<\/p>\n<hr \/>\n<p><a href=\"https:\/\/drive.google.com\/drive\/folders\/1d48i-CnUPdWA8aWZxeAgdNIsyHdmiZjp?usp=share_link\" target=\"_blank\" rel=\"noopener\">C\u00e4tlin M\u00e4gi CV<\/a><\/p>\n<hr \/>\n<p>I started to learn traditional music when I was 18 at Viljandi Culture Academy (Estonia). I started to play <a href=\"https:\/\/catlin.ee\/en\/solo-bagpipe\/\" target=\"_blank\" rel=\"noopener noreferrer\"><strong>Estonian bagpipe<\/strong><\/a>, flutes and the <a href=\"https:\/\/catlin.ee\/en\/projects\/jews-harp\/\" target=\"_blank\" rel=\"noopener noreferrer\"><strong>Jew&#8217;s harp<\/strong><\/a>. Because of many factors, bagpipe tradition had died out in Estonia several years ago. So, to start playing traditional bagpipe music, I had to listen to it and play it after the old players, listening to old archive recordings. We (Estonians) are really lucky to have so many of those valuable recordings!<\/p>\n<p>&nbsp;<\/p>\n<p>This is when and where I got the passion and addiction to listen to old recordings, to search for pictures about old players, and to find out how the instruments were built!<\/p>\n<p>Now, 20 years have passed, and this \u201cobsession\u201d has not gone anywhere, it has grown and expanded!<\/p>\n<p><a href=\"https:\/\/catlin.ee\/en\/projects\/jews-harp\/\" target=\"_blank\" rel=\"noopener noreferrer\"><strong>Jew&#8217;s Harp!<span class=\"Apple-converted-space\">\u00a0<\/span><\/strong><\/a><\/p>\n<p>My teacher was \u00c5non Egeland in Rauland when I studied in Norway for one year. There I achieved the technique to play a clear melody on this tiny little instrument. I came back to Estonia, started to research Estonian traditional Jew&#8217;s harp recordings and pictures and instruments and eventually put together a compilation about everything I had found: <a href=\"https:\/\/www.danmoi.com\/eesti-parmupill-estonian-jews-harp-by-catlin-jaago-magi.html\" target=\"_blank\" rel=\"noopener noreferrer\"><strong>&#8220;Estonian Jew&#8217;s Harp&#8221;<\/strong><\/a>.<\/p>\n<p>All of it serves as a super-perfect source of inspiration for me to make my music. I often take old recordings, learn to play them by ear and start arranging music around those traditional tunes. I have played, and also arranged, this music in many ensembles: V\u00e4gilased, <a href=\"https:\/\/catlin.ee\/en\/projects\/rotoro\/\" target=\"_blank\" rel=\"noopener noreferrer\"><strong>RO:TORO<\/strong><\/a>, <a href=\"https:\/\/catlin.ee\/en\/projects\/torupilli-jussi-trio\/\" target=\"_blank\" rel=\"noopener noreferrer\"><strong>Torupilli Jussi Trio<\/strong><\/a>. However, my last passion is my solo project: <a href=\"https:\/\/catlin.ee\/cd3\/\" target=\"_blank\" rel=\"noopener noreferrer\"><strong><i>My Harp \u2013 My Heart<\/i><\/strong><\/a>, where I also use traditional music in the Jew&#8217;s harp \u201csauce\u201d. I&#8217;m using a<i> looper<\/i> and <i>effect\u2013pedals<\/i> to convey my music to the modern audience. I like being on stage alone, after the several bands and years :)<\/p>\n<p>So, this is my story and it&#8217;s not over yet!<\/p>\n<p><span class=\"embed-youtube\" style=\"text-align:center; display: block;\"><iframe loading=\"lazy\" class=\"youtube-player\" width=\"900\" height=\"507\" src=\"https:\/\/www.youtube.com\/embed\/7nGCNXkMhsY?version=3&#038;rel=1&#038;showsearch=0&#038;showinfo=1&#038;iv_load_policy=1&#038;fs=1&#038;hl=en-US&#038;autohide=2&#038;wmode=transparent\" allowfullscreen=\"true\" style=\"border:0;\" sandbox=\"allow-scripts allow-same-origin allow-popups allow-presentation allow-popups-to-escape-sandbox\"><\/iframe><\/span><\/p>\n<p><span class=\"embed-youtube\" style=\"text-align:center; display: block;\"><iframe loading=\"lazy\" class=\"youtube-player\" width=\"900\" height=\"507\" src=\"https:\/\/www.youtube.com\/embed\/IwwvzDuXNiw?version=3&#038;rel=1&#038;showsearch=0&#038;showinfo=1&#038;iv_load_policy=1&#038;fs=1&#038;hl=en-US&#038;autohide=2&#038;wmode=transparent\" allowfullscreen=\"true\" style=\"border:0;\" sandbox=\"allow-scripts allow-same-origin allow-popups allow-presentation allow-popups-to-escape-sandbox\"><\/iframe><\/span><\/p>\n<p><span class=\"embed-youtube\" style=\"text-align:center; display: block;\"><iframe loading=\"lazy\" class=\"youtube-player\" width=\"900\" height=\"507\" src=\"https:\/\/www.youtube.com\/embed\/72h4pDURkLw?version=3&#038;rel=1&#038;showsearch=0&#038;showinfo=1&#038;iv_load_policy=1&#038;fs=1&#038;hl=en-US&#038;autohide=2&#038;wmode=transparent\" allowfullscreen=\"true\" style=\"border:0;\" sandbox=\"allow-scripts allow-same-origin allow-popups allow-presentation allow-popups-to-escape-sandbox\"><\/iframe><\/span><\/p>\n<p>[\/vc_column_text][\/vc_column][\/vc_row]<\/p>\n<\/div>","protected":false},"excerpt":{"rendered":"<p>[vc_row][vc_column][vc_column_text] C\u00e4tlin M\u00e4gi is one of the most prominent figures in the landscape of Estonian traditional music. She is a&#8230;<\/p>\n","protected":false},"author":1,"featured_media":0,"parent":0,"menu_order":0,"comment_status":"closed","ping_status":"closed","template":"","meta":{"_exactmetrics_skip_tracking":false,"_exactmetrics_sitenote_active":false,"_exactmetrics_sitenote_note":"","_exactmetrics_sitenote_category":0,"jetpack_post_was_ever_published":false,"footnotes":""},"class_list":["post-1320","page","type-page","status-publish","hentry"],"yoast_head":"<!-- This site is optimized with the Yoast SEO plugin v27.3 - https:\/\/yoast.com\/product\/yoast-seo-wordpress\/ -->\n<title>Biography - C\u00e4tlin M\u00e4gi<\/title>\n<meta name=\"description\" content=\"Biography\" \/>\n<meta name=\"robots\" content=\"index, follow, max-snippet:-1, max-image-preview:large, max-video-preview:-1\" \/>\n<link rel=\"canonical\" href=\"https:\/\/catlin.ee\/en\/biography\/\" \/>\n<meta property=\"og:locale\" content=\"en_US\" \/>\n<meta property=\"og:type\" content=\"article\" \/>\n<meta property=\"og:title\" content=\"Biography - C\u00e4tlin M\u00e4gi\" \/>\n<meta property=\"og:description\" content=\"Biography\" \/>\n<meta property=\"og:url\" content=\"https:\/\/catlin.ee\/en\/biography\/\" \/>\n<meta property=\"og:site_name\" content=\"C\u00e4tlin M\u00e4gi\" \/>\n<meta property=\"article:modified_time\" content=\"2023-05-29T18:42:37+00:00\" \/>\n<meta property=\"og:image\" content=\"https:\/\/catlin.ee\/wp-content\/uploads\/2016\/11\/Torupilli-Jussi-Trio-3-300x300.jpg\" \/>\n<meta name=\"twitter:card\" content=\"summary_large_image\" \/>\n<meta name=\"twitter:label1\" content=\"Est. reading time\" \/>\n\t<meta name=\"twitter:data1\" content=\"4 minutes\" \/>\n<script type=\"application\/ld+json\" class=\"yoast-schema-graph\">{\"@context\":\"https:\\\/\\\/schema.org\",\"@graph\":[{\"@type\":\"WebPage\",\"@id\":\"https:\\\/\\\/catlin.ee\\\/en\\\/biography\\\/\",\"url\":\"https:\\\/\\\/catlin.ee\\\/en\\\/biography\\\/\",\"name\":\"Biography - C\u00e4tlin M\u00e4gi\",\"isPartOf\":{\"@id\":\"https:\\\/\\\/catlin.ee\\\/#website\"},\"primaryImageOfPage\":{\"@id\":\"https:\\\/\\\/catlin.ee\\\/en\\\/biography\\\/#primaryimage\"},\"image\":{\"@id\":\"https:\\\/\\\/catlin.ee\\\/en\\\/biography\\\/#primaryimage\"},\"thumbnailUrl\":\"https:\\\/\\\/catlin.ee\\\/wp-content\\\/uploads\\\/2016\\\/11\\\/Torupilli-Jussi-Trio-3-300x300.jpg\",\"datePublished\":\"2019-08-12T11:58:17+00:00\",\"dateModified\":\"2023-05-29T18:42:37+00:00\",\"description\":\"Biography\",\"breadcrumb\":{\"@id\":\"https:\\\/\\\/catlin.ee\\\/en\\\/biography\\\/#breadcrumb\"},\"inLanguage\":\"en-US\",\"potentialAction\":[{\"@type\":\"ReadAction\",\"target\":[\"https:\\\/\\\/catlin.ee\\\/en\\\/biography\\\/\"]}]},{\"@type\":\"ImageObject\",\"inLanguage\":\"en-US\",\"@id\":\"https:\\\/\\\/catlin.ee\\\/en\\\/biography\\\/#primaryimage\",\"url\":\"https:\\\/\\\/catlin.ee\\\/wp-content\\\/uploads\\\/2016\\\/11\\\/Torupilli-Jussi-Trio-3-300x300.jpg\",\"contentUrl\":\"https:\\\/\\\/catlin.ee\\\/wp-content\\\/uploads\\\/2016\\\/11\\\/Torupilli-Jussi-Trio-3-300x300.jpg\"},{\"@type\":\"BreadcrumbList\",\"@id\":\"https:\\\/\\\/catlin.ee\\\/en\\\/biography\\\/#breadcrumb\",\"itemListElement\":[{\"@type\":\"ListItem\",\"position\":1,\"name\":\"Home\",\"item\":\"https:\\\/\\\/catlin.ee\\\/\"},{\"@type\":\"ListItem\",\"position\":2,\"name\":\"Biography\"}]},{\"@type\":\"WebSite\",\"@id\":\"https:\\\/\\\/catlin.ee\\\/#website\",\"url\":\"https:\\\/\\\/catlin.ee\\\/\",\"name\":\"C\u00e4tlin M\u00e4gi\",\"description\":\"C\u00e4tlin M\u00e4gi on \u00fcks simapaistvamaid eeskujusid eesti p\u00e4rimusmuusika maastikul\",\"alternateName\":\"CM\",\"potentialAction\":[{\"@type\":\"SearchAction\",\"target\":{\"@type\":\"EntryPoint\",\"urlTemplate\":\"https:\\\/\\\/catlin.ee\\\/?s={search_term_string}\"},\"query-input\":{\"@type\":\"PropertyValueSpecification\",\"valueRequired\":true,\"valueName\":\"search_term_string\"}}],\"inLanguage\":\"en-US\"}]}<\/script>\n<!-- \/ Yoast SEO plugin. -->","yoast_head_json":{"title":"Biography - C\u00e4tlin M\u00e4gi","description":"Biography","robots":{"index":"index","follow":"follow","max-snippet":"max-snippet:-1","max-image-preview":"max-image-preview:large","max-video-preview":"max-video-preview:-1"},"canonical":"https:\/\/catlin.ee\/en\/biography\/","og_locale":"en_US","og_type":"article","og_title":"Biography - C\u00e4tlin M\u00e4gi","og_description":"Biography","og_url":"https:\/\/catlin.ee\/en\/biography\/","og_site_name":"C\u00e4tlin M\u00e4gi","article_modified_time":"2023-05-29T18:42:37+00:00","og_image":[{"url":"https:\/\/catlin.ee\/wp-content\/uploads\/2016\/11\/Torupilli-Jussi-Trio-3-300x300.jpg","type":"","width":"","height":""}],"twitter_card":"summary_large_image","twitter_misc":{"Est. reading time":"4 minutes"},"schema":{"@context":"https:\/\/schema.org","@graph":[{"@type":"WebPage","@id":"https:\/\/catlin.ee\/en\/biography\/","url":"https:\/\/catlin.ee\/en\/biography\/","name":"Biography - C\u00e4tlin M\u00e4gi","isPartOf":{"@id":"https:\/\/catlin.ee\/#website"},"primaryImageOfPage":{"@id":"https:\/\/catlin.ee\/en\/biography\/#primaryimage"},"image":{"@id":"https:\/\/catlin.ee\/en\/biography\/#primaryimage"},"thumbnailUrl":"https:\/\/catlin.ee\/wp-content\/uploads\/2016\/11\/Torupilli-Jussi-Trio-3-300x300.jpg","datePublished":"2019-08-12T11:58:17+00:00","dateModified":"2023-05-29T18:42:37+00:00","description":"Biography","breadcrumb":{"@id":"https:\/\/catlin.ee\/en\/biography\/#breadcrumb"},"inLanguage":"en-US","potentialAction":[{"@type":"ReadAction","target":["https:\/\/catlin.ee\/en\/biography\/"]}]},{"@type":"ImageObject","inLanguage":"en-US","@id":"https:\/\/catlin.ee\/en\/biography\/#primaryimage","url":"https:\/\/catlin.ee\/wp-content\/uploads\/2016\/11\/Torupilli-Jussi-Trio-3-300x300.jpg","contentUrl":"https:\/\/catlin.ee\/wp-content\/uploads\/2016\/11\/Torupilli-Jussi-Trio-3-300x300.jpg"},{"@type":"BreadcrumbList","@id":"https:\/\/catlin.ee\/en\/biography\/#breadcrumb","itemListElement":[{"@type":"ListItem","position":1,"name":"Home","item":"https:\/\/catlin.ee\/"},{"@type":"ListItem","position":2,"name":"Biography"}]},{"@type":"WebSite","@id":"https:\/\/catlin.ee\/#website","url":"https:\/\/catlin.ee\/","name":"C\u00e4tlin M\u00e4gi","description":"C\u00e4tlin M\u00e4gi on \u00fcks simapaistvamaid eeskujusid eesti p\u00e4rimusmuusika maastikul","alternateName":"CM","potentialAction":[{"@type":"SearchAction","target":{"@type":"EntryPoint","urlTemplate":"https:\/\/catlin.ee\/?s={search_term_string}"},"query-input":{"@type":"PropertyValueSpecification","valueRequired":true,"valueName":"search_term_string"}}],"inLanguage":"en-US"}]}},"jetpack_sharing_enabled":true,"jetpack_shortlink":"https:\/\/wp.me\/P5m405-li","_links":{"self":[{"href":"https:\/\/catlin.ee\/en\/wp-json\/wp\/v2\/pages\/1320","targetHints":{"allow":["GET"]}}],"collection":[{"href":"https:\/\/catlin.ee\/en\/wp-json\/wp\/v2\/pages"}],"about":[{"href":"https:\/\/catlin.ee\/en\/wp-json\/wp\/v2\/types\/page"}],"author":[{"embeddable":true,"href":"https:\/\/catlin.ee\/en\/wp-json\/wp\/v2\/users\/1"}],"replies":[{"embeddable":true,"href":"https:\/\/catlin.ee\/en\/wp-json\/wp\/v2\/comments?post=1320"}],"version-history":[{"count":9,"href":"https:\/\/catlin.ee\/en\/wp-json\/wp\/v2\/pages\/1320\/revisions"}],"predecessor-version":[{"id":2536,"href":"https:\/\/catlin.ee\/en\/wp-json\/wp\/v2\/pages\/1320\/revisions\/2536"}],"wp:attachment":[{"href":"https:\/\/catlin.ee\/en\/wp-json\/wp\/v2\/media?parent=1320"}],"curies":[{"name":"wp","href":"https:\/\/api.w.org\/{rel}","templated":true}]}}