{"id":1314,"date":"2019-08-12T14:38:19","date_gmt":"2019-08-12T11:38:19","guid":{"rendered":"https:\/\/catlin.ee\/projects\/jews-harp-workshop\/"},"modified":"2019-08-12T14:39:31","modified_gmt":"2019-08-12T11:39:31","slug":"jews-harp-workshop","status":"publish","type":"page","link":"https:\/\/catlin.ee\/en\/projects\/jews-harp-workshop\/","title":{"rendered":"Jew&#8217;s Harp Workshop"},"content":{"rendered":"<div class=\"wpb-content-wrapper\"><p>[vc_row][vc_column][vc_video link=&#8221;https:\/\/www.youtube.com\/watch?v=A5iuXqqAJyc&#8221;][\/vc_column][\/vc_row][vc_row][vc_column][vc_column_text]Master of Jew\u2019s harp C\u00e4tlin M\u00e4gi demonstrates different playing techniques and possibilities of this marvellous little instrument. In the workshop we can experience how Jew\u2019s harp becomes the ultimate instrument in our hands! You can borrow an instrument on the spot, if you don\u2019t have your own and previous experience of Jew\u2019s harp is not required.<\/p>\n<p>Duration: 30 min &#8211; 1,5 H<\/p>\n<p>Group size: up to 50 people[\/vc_column_text][\/vc_column][\/vc_row][vc_row][vc_column width=&#8221;1\/2&#8243;][vc_column_text]<\/p>\n<h4><a href=\"https:\/\/www.danmoi.com\/eesti-parmupill-estonian-jews-harp-by-catlin-jaago-magi.html\" target=\"_blank\" rel=\"noopener noreferrer\">Eesti Parmupill &#8211; Estonian Jew&#8217;s Harp<\/a><\/h4>\n<p><img loading=\"lazy\" decoding=\"async\" class=\"alignnone wp-image-1281\" src=\"https:\/\/catlin.ee\/wp-content\/uploads\/2019\/08\/Parmupilliraamat1osa-3.november-300x217.jpg\" alt=\"\" width=\"832\" height=\"602\" srcset=\"https:\/\/catlin.ee\/wp-content\/uploads\/2019\/08\/Parmupilliraamat1osa-3.november-300x217.jpg 300w, https:\/\/catlin.ee\/wp-content\/uploads\/2019\/08\/Parmupilliraamat1osa-3.november.jpg 1061w\" sizes=\"auto, (max-width: 832px) 100vw, 832px\" \/><\/p>\n<p>[\/vc_column_text][\/vc_column][vc_column width=&#8221;1\/2&#8243;][vc_column_text]<\/p>\n<h4><a href=\"https:\/\/www.danmoi.com\/parmupill-noodiraamat-manguopetus-estonian-jews-harp-song-book-liederbuch-by-catlin-jaago-magi.html\" target=\"_blank\" rel=\"noopener noreferrer\">Jew&#8217;s harp playing instruction and sheet music<\/a><\/h4>\n<p><img loading=\"lazy\" decoding=\"async\" class=\"alignnone wp-image-1286\" src=\"https:\/\/catlin.ee\/wp-content\/uploads\/2019\/08\/Parmupill-noodiraamatm\u00e4ngu\u00f5petus-300x195.jpg\" alt=\"\" width=\"562\" height=\"365\" srcset=\"https:\/\/catlin.ee\/wp-content\/uploads\/2019\/08\/Parmupill-noodiraamatm\u00e4ngu\u00f5petus-300x195.jpg 300w, https:\/\/catlin.ee\/wp-content\/uploads\/2019\/08\/Parmupill-noodiraamatm\u00e4ngu\u00f5petus-768x500.jpg 768w, https:\/\/catlin.ee\/wp-content\/uploads\/2019\/08\/Parmupill-noodiraamatm\u00e4ngu\u00f5petus-1024x666.jpg 1024w, https:\/\/catlin.ee\/wp-content\/uploads\/2019\/08\/Parmupill-noodiraamatm\u00e4ngu\u00f5petus-1100x716.jpg 1100w, https:\/\/catlin.ee\/wp-content\/uploads\/2019\/08\/Parmupill-noodiraamatm\u00e4ngu\u00f5petus.jpg 1165w\" sizes=\"auto, (max-width: 562px) 100vw, 562px\" \/>[\/vc_column_text][\/vc_column][\/vc_row]<\/p>\n<\/div>","protected":false},"excerpt":{"rendered":"<p>[vc_row][vc_column][vc_video link=&#8221;https:\/\/www.youtube.com\/watch?v=A5iuXqqAJyc&#8221;][\/vc_column][\/vc_row][vc_row][vc_column][vc_column_text]Master of Jew\u2019s harp C\u00e4tlin M\u00e4gi demonstrates different playing techniques and possibilities of this marvellous little instrument. In the&#8230;<\/p>\n","protected":false},"author":2,"featured_media":0,"parent":838,"menu_order":7,"comment_status":"open","ping_status":"closed","template":"","meta":{"_exactmetrics_skip_tracking":false,"_exactmetrics_sitenote_active":false,"_exactmetrics_sitenote_note":"","_exactmetrics_sitenote_category":0,"jetpack_post_was_ever_published":false,"footnotes":""},"class_list":["post-1314","page","type-page","status-publish","hentry"],"yoast_head":"<!-- This site is optimized with the Yoast SEO plugin v27.5 - https:\/\/yoast.com\/product\/yoast-seo-wordpress\/ -->\n<title>Jew&#039;s Harp Workshop - C\u00e4tlin M\u00e4gi<\/title>\n<meta name=\"description\" content=\"Jew&#039;s Harp Workshop\" \/>\n<meta name=\"robots\" content=\"index, follow, max-snippet:-1, max-image-preview:large, max-video-preview:-1\" \/>\n<link rel=\"canonical\" href=\"https:\/\/catlin.ee\/en\/projects\/jews-harp-workshop\/\" \/>\n<meta property=\"og:locale\" content=\"en_US\" \/>\n<meta property=\"og:type\" content=\"article\" \/>\n<meta property=\"og:title\" content=\"Jew&#039;s Harp Workshop - C\u00e4tlin M\u00e4gi\" \/>\n<meta property=\"og:description\" content=\"Jew&#039;s Harp Workshop\" \/>\n<meta property=\"og:url\" content=\"https:\/\/catlin.ee\/en\/projects\/jews-harp-workshop\/\" \/>\n<meta property=\"og:site_name\" content=\"C\u00e4tlin M\u00e4gi\" \/>\n<meta property=\"article:modified_time\" content=\"2019-08-12T11:39:31+00:00\" \/>\n<meta property=\"og:image\" content=\"https:\/\/catlin.ee\/wp-content\/uploads\/2019\/08\/Parmupilliraamat1osa-3.november-300x217.jpg\" \/>\n<meta name=\"twitter:card\" content=\"summary_large_image\" \/>\n<meta name=\"twitter:label1\" content=\"Est. reading time\" \/>\n\t<meta name=\"twitter:data1\" content=\"1 minute\" \/>\n<script type=\"application\/ld+json\" class=\"yoast-schema-graph\">{\"@context\":\"https:\\\/\\\/schema.org\",\"@graph\":[{\"@type\":\"WebPage\",\"@id\":\"https:\\\/\\\/catlin.ee\\\/en\\\/projects\\\/jews-harp-workshop\\\/\",\"url\":\"https:\\\/\\\/catlin.ee\\\/en\\\/projects\\\/jews-harp-workshop\\\/\",\"name\":\"Jew's Harp Workshop - C\u00e4tlin M\u00e4gi\",\"isPartOf\":{\"@id\":\"https:\\\/\\\/catlin.ee\\\/#website\"},\"primaryImageOfPage\":{\"@id\":\"https:\\\/\\\/catlin.ee\\\/en\\\/projects\\\/jews-harp-workshop\\\/#primaryimage\"},\"image\":{\"@id\":\"https:\\\/\\\/catlin.ee\\\/en\\\/projects\\\/jews-harp-workshop\\\/#primaryimage\"},\"thumbnailUrl\":\"https:\\\/\\\/catlin.ee\\\/wp-content\\\/uploads\\\/2019\\\/08\\\/Parmupilliraamat1osa-3.november-300x217.jpg\",\"datePublished\":\"2019-08-12T11:38:19+00:00\",\"dateModified\":\"2019-08-12T11:39:31+00:00\",\"description\":\"Jew's Harp Workshop\",\"breadcrumb\":{\"@id\":\"https:\\\/\\\/catlin.ee\\\/en\\\/projects\\\/jews-harp-workshop\\\/#breadcrumb\"},\"inLanguage\":\"en-US\",\"potentialAction\":[{\"@type\":\"ReadAction\",\"target\":[\"https:\\\/\\\/catlin.ee\\\/en\\\/projects\\\/jews-harp-workshop\\\/\"]}]},{\"@type\":\"ImageObject\",\"inLanguage\":\"en-US\",\"@id\":\"https:\\\/\\\/catlin.ee\\\/en\\\/projects\\\/jews-harp-workshop\\\/#primaryimage\",\"url\":\"https:\\\/\\\/catlin.ee\\\/wp-content\\\/uploads\\\/2019\\\/08\\\/Parmupilliraamat1osa-3.november-300x217.jpg\",\"contentUrl\":\"https:\\\/\\\/catlin.ee\\\/wp-content\\\/uploads\\\/2019\\\/08\\\/Parmupilliraamat1osa-3.november-300x217.jpg\"},{\"@type\":\"BreadcrumbList\",\"@id\":\"https:\\\/\\\/catlin.ee\\\/en\\\/projects\\\/jews-harp-workshop\\\/#breadcrumb\",\"itemListElement\":[{\"@type\":\"ListItem\",\"position\":1,\"name\":\"Home\",\"item\":\"https:\\\/\\\/catlin.ee\\\/\"},{\"@type\":\"ListItem\",\"position\":2,\"name\":\"Projects\",\"item\":\"https:\\\/\\\/catlin.ee\\\/en\\\/projects\\\/\"},{\"@type\":\"ListItem\",\"position\":3,\"name\":\"Jew&#8217;s Harp Workshop\"}]},{\"@type\":\"WebSite\",\"@id\":\"https:\\\/\\\/catlin.ee\\\/#website\",\"url\":\"https:\\\/\\\/catlin.ee\\\/\",\"name\":\"C\u00e4tlin M\u00e4gi\",\"description\":\"C\u00e4tlin M\u00e4gi on \u00fcks simapaistvamaid eeskujusid eesti p\u00e4rimusmuusika maastikul\",\"alternateName\":\"CM\",\"potentialAction\":[{\"@type\":\"SearchAction\",\"target\":{\"@type\":\"EntryPoint\",\"urlTemplate\":\"https:\\\/\\\/catlin.ee\\\/?s={search_term_string}\"},\"query-input\":{\"@type\":\"PropertyValueSpecification\",\"valueRequired\":true,\"valueName\":\"search_term_string\"}}],\"inLanguage\":\"en-US\"}]}<\/script>\n<!-- \/ Yoast SEO plugin. -->","yoast_head_json":{"title":"Jew's Harp Workshop - C\u00e4tlin M\u00e4gi","description":"Jew's Harp Workshop","robots":{"index":"index","follow":"follow","max-snippet":"max-snippet:-1","max-image-preview":"max-image-preview:large","max-video-preview":"max-video-preview:-1"},"canonical":"https:\/\/catlin.ee\/en\/projects\/jews-harp-workshop\/","og_locale":"en_US","og_type":"article","og_title":"Jew's Harp Workshop - C\u00e4tlin M\u00e4gi","og_description":"Jew's Harp Workshop","og_url":"https:\/\/catlin.ee\/en\/projects\/jews-harp-workshop\/","og_site_name":"C\u00e4tlin M\u00e4gi","article_modified_time":"2019-08-12T11:39:31+00:00","og_image":[{"url":"https:\/\/catlin.ee\/wp-content\/uploads\/2019\/08\/Parmupilliraamat1osa-3.november-300x217.jpg","type":"","width":"","height":""}],"twitter_card":"summary_large_image","twitter_misc":{"Est. reading time":"1 minute"},"schema":{"@context":"https:\/\/schema.org","@graph":[{"@type":"WebPage","@id":"https:\/\/catlin.ee\/en\/projects\/jews-harp-workshop\/","url":"https:\/\/catlin.ee\/en\/projects\/jews-harp-workshop\/","name":"Jew's Harp Workshop - C\u00e4tlin M\u00e4gi","isPartOf":{"@id":"https:\/\/catlin.ee\/#website"},"primaryImageOfPage":{"@id":"https:\/\/catlin.ee\/en\/projects\/jews-harp-workshop\/#primaryimage"},"image":{"@id":"https:\/\/catlin.ee\/en\/projects\/jews-harp-workshop\/#primaryimage"},"thumbnailUrl":"https:\/\/catlin.ee\/wp-content\/uploads\/2019\/08\/Parmupilliraamat1osa-3.november-300x217.jpg","datePublished":"2019-08-12T11:38:19+00:00","dateModified":"2019-08-12T11:39:31+00:00","description":"Jew's Harp Workshop","breadcrumb":{"@id":"https:\/\/catlin.ee\/en\/projects\/jews-harp-workshop\/#breadcrumb"},"inLanguage":"en-US","potentialAction":[{"@type":"ReadAction","target":["https:\/\/catlin.ee\/en\/projects\/jews-harp-workshop\/"]}]},{"@type":"ImageObject","inLanguage":"en-US","@id":"https:\/\/catlin.ee\/en\/projects\/jews-harp-workshop\/#primaryimage","url":"https:\/\/catlin.ee\/wp-content\/uploads\/2019\/08\/Parmupilliraamat1osa-3.november-300x217.jpg","contentUrl":"https:\/\/catlin.ee\/wp-content\/uploads\/2019\/08\/Parmupilliraamat1osa-3.november-300x217.jpg"},{"@type":"BreadcrumbList","@id":"https:\/\/catlin.ee\/en\/projects\/jews-harp-workshop\/#breadcrumb","itemListElement":[{"@type":"ListItem","position":1,"name":"Home","item":"https:\/\/catlin.ee\/"},{"@type":"ListItem","position":2,"name":"Projects","item":"https:\/\/catlin.ee\/en\/projects\/"},{"@type":"ListItem","position":3,"name":"Jew&#8217;s Harp Workshop"}]},{"@type":"WebSite","@id":"https:\/\/catlin.ee\/#website","url":"https:\/\/catlin.ee\/","name":"C\u00e4tlin M\u00e4gi","description":"C\u00e4tlin M\u00e4gi on \u00fcks simapaistvamaid eeskujusid eesti p\u00e4rimusmuusika maastikul","alternateName":"CM","potentialAction":[{"@type":"SearchAction","target":{"@type":"EntryPoint","urlTemplate":"https:\/\/catlin.ee\/?s={search_term_string}"},"query-input":{"@type":"PropertyValueSpecification","valueRequired":true,"valueName":"search_term_string"}}],"inLanguage":"en-US"}]}},"jetpack_sharing_enabled":true,"jetpack_shortlink":"https:\/\/wp.me\/P5m405-lc","_links":{"self":[{"href":"https:\/\/catlin.ee\/en\/wp-json\/wp\/v2\/pages\/1314","targetHints":{"allow":["GET"]}}],"collection":[{"href":"https:\/\/catlin.ee\/en\/wp-json\/wp\/v2\/pages"}],"about":[{"href":"https:\/\/catlin.ee\/en\/wp-json\/wp\/v2\/types\/page"}],"author":[{"embeddable":true,"href":"https:\/\/catlin.ee\/en\/wp-json\/wp\/v2\/users\/2"}],"replies":[{"embeddable":true,"href":"https:\/\/catlin.ee\/en\/wp-json\/wp\/v2\/comments?post=1314"}],"version-history":[{"count":4,"href":"https:\/\/catlin.ee\/en\/wp-json\/wp\/v2\/pages\/1314\/revisions"}],"predecessor-version":[{"id":1318,"href":"https:\/\/catlin.ee\/en\/wp-json\/wp\/v2\/pages\/1314\/revisions\/1318"}],"up":[{"embeddable":true,"href":"https:\/\/catlin.ee\/en\/wp-json\/wp\/v2\/pages\/838"}],"wp:attachment":[{"href":"https:\/\/catlin.ee\/en\/wp-json\/wp\/v2\/media?parent=1314"}],"curies":[{"name":"wp","href":"https:\/\/api.w.org\/{rel}","templated":true}]}}