{"id":1172,"date":"2019-04-22T20:06:26","date_gmt":"2019-04-22T17:06:26","guid":{"rendered":"https:\/\/catlin.ee\/projects\/my-harp-my-heart\/"},"modified":"2023-06-04T10:13:42","modified_gmt":"2023-06-04T07:13:42","slug":"jews-harp","status":"publish","type":"page","link":"https:\/\/catlin.ee\/en\/projects\/jews-harp\/","title":{"rendered":"Solo jew&#8217;s harp"},"content":{"rendered":"<div class=\"wpb-content-wrapper\"><p>[vc_row][vc_column width=&#8221;1\/2&#8243;][vc_column_text]A loop \u201corchestra\u201d of Jew\u2019s harps with electronics &amp; heartfelt vocals.<\/p>\n<p><img loading=\"lazy\" decoding=\"async\" class=\"size-medium wp-image-1209 alignnone\" src=\"https:\/\/catlin.ee\/wp-content\/uploads\/2019\/08\/3.-C\u00e4tlin_M\u00e4gi-300x284.jpg\" alt=\"\" width=\"300\" height=\"284\" srcset=\"https:\/\/catlin.ee\/wp-content\/uploads\/2019\/08\/3.-C\u00e4tlin_M\u00e4gi-300x284.jpg 300w, https:\/\/catlin.ee\/wp-content\/uploads\/2019\/08\/3.-C\u00e4tlin_M\u00e4gi-768x727.jpg 768w, https:\/\/catlin.ee\/wp-content\/uploads\/2019\/08\/3.-C\u00e4tlin_M\u00e4gi-1024x970.jpg 1024w, https:\/\/catlin.ee\/wp-content\/uploads\/2019\/08\/3.-C\u00e4tlin_M\u00e4gi-1100x1042.jpg 1100w\" sizes=\"auto, (max-width: 300px) 100vw, 300px\" \/><\/p>\n<p>\u201cYou might expect that the Jew&#8217;s harp might be a little &#8230; well &#8230; samey. Not this one. She uses electronic manipulation of her voice and Jew&#8217;s harps to bring out the essence of Estonian folk song and its distinctive narrow-compass melodies.&#8221; FROOTS, Andrew Cronshaw<\/p>\n<p>C\u00e4tlin M\u00e4gi explores the sonic potential of the Jew\u2019s harp by bringing the ancient instrument in contact with modern technology and live electronics. With her barefoot manipulation of an array of pedals she creates complex dub arrangements, literally on the hoof.<br \/>\nSimple modal phrases are manipulated into riffs and chordal constructions, to which she adds her voice, layered and harmonised. The result is a harmonious, holistic loop orchestra, transforming a repertoire based on old village dance songs and ballads drawn from the deep well of Estonian folk song \u2013 a subject in which she earned her degree and now teaches at the University of Tartu Viljandi Culture Academy \u2013 into imaginatively playful electro-folk grooves where the Jew\u2019s harp accompanies itself, emulating synthesised sequencer sounds and generally having a wonderful time.<\/p>\n<p>C\u00e4tlin M\u00e4gi &#8211; 50 Jew\u2019s harps, vocal, electronics<\/p>\n<p>C\u00e4tlin M\u00e4gi has played at many of the festivals in Estonia and abroad. In 2018, she released a debut album called &#8220;Mu pill parmupill&#8221;\u2014\u201cMy Harp, My Heart\u201d in English\u2014which was the best traditional music album of the year at the Etnokulbid awards. The album also received nominations for the Best Song, the Best Artist and the Musician of the Year at the Etnokulbid awards in 2018.<\/p>\n<p><a href=\"https:\/\/catlin.ee\/cd3\/\" target=\"_blank\" rel=\"noopener noreferrer\">CD &#8220;Mu pill parmupill&#8221; &#8211; &#8220;My Harp, My Heart&#8221;<\/a><\/p>\n<p><a href=\"https:\/\/drive.google.com\/drive\/folders\/1q7DkVmZpn1-pRpaPNLUWXAHasrIXFgLf?usp=sharing\" target=\"_blank\" rel=\"noopener noreferrer\">C \u00c4 T L I N \u00a0 M \u00c4 G I \u00a0 \u00a0R I D E R (to download)<\/a><\/p>\n<p><a href=\"https:\/\/drive.google.com\/drive\/folders\/1CvpqaDCwvpvJbFASd7YnNxtsn6uG4uYE\" target=\"_blank\" rel=\"noopener noreferrer\">C \u00c4 T L I N \u00a0 M \u00c4 G I \u00a0 \u00a0P H O T O S (to download)<\/a><\/p>\n<p>[\/vc_column][vc_column width=&#8221;1\/2&#8243;][vc_video link=&#8221;https:\/\/www.youtube.com\/watch?v=bNLFhl438q0&#8243; title=&#8221;Koka nokast&#8221;][vc_video link=&#8221;https:\/\/www.youtube.com\/watch?v=3kfbTaGthMk&#8221; title=&#8221;L\u00fcttat-t\u00fcttat&#8221;][vc_video link=&#8221;https:\/\/www.youtube.com\/watch?v=f5TW3no5s0c&#8221; title=&#8221;Polka&#8221;][vc_video link=&#8221;https:\/\/www.youtube.com\/watch?v=_pxZGx22Qpw&#8221; title=&#8221;Siidisulgis linnukene&#8221;][vc_video link=&#8221;https:\/\/www.youtube.com\/watch?v=nBuh06aSkEc&#8221; title=&#8221;Parmum\u00e4ng&#8221;][vc_video link=&#8221;https:\/\/www.youtube.com\/watch?v=lHWwc-mfDaU&#8221; title=&#8221;Soviet skiers&#8221;][vc_video link=&#8221;https:\/\/www.youtube.com\/watch?v=72h4pDURkLw&#8221; title=&#8221;Solo&#8221;][vc_video link=&#8221;https:\/\/www.youtube.com\/watch?v=onWvm8iZAeY&#8221; title=&#8221;Solo&#8221;][vc_video link=&#8221;https:\/\/www.youtube.com\/watch?v=IqSIEmd7T-Y&#8221; title=&#8221;Vabariigi pillimees&#8221;][\/vc_column][\/vc_row]<\/p>\n<\/div>","protected":false},"excerpt":{"rendered":"<p>[vc_row][vc_column width=&#8221;1\/2&#8243;][vc_column_text]A loop \u201corchestra\u201d of Jew\u2019s harps with electronics &amp; heartfelt vocals. \u201cYou might expect that the Jew&#8217;s harp might&#8230;<\/p>\n","protected":false},"author":2,"featured_media":1466,"parent":838,"menu_order":1,"comment_status":"closed","ping_status":"closed","template":"","meta":{"_exactmetrics_skip_tracking":false,"_exactmetrics_sitenote_active":false,"_exactmetrics_sitenote_note":"","_exactmetrics_sitenote_category":0,"jetpack_post_was_ever_published":false,"footnotes":""},"class_list":["post-1172","page","type-page","status-publish","has-post-thumbnail","hentry"],"yoast_head":"<!-- This site is optimized with the Yoast SEO plugin v27.5 - https:\/\/yoast.com\/product\/yoast-seo-wordpress\/ -->\n<title>Solo jew&#039;s harp - C\u00e4tlin M\u00e4gi<\/title>\n<meta name=\"description\" content=\"Solo jew&#039;s harp\" \/>\n<meta name=\"robots\" content=\"index, follow, max-snippet:-1, max-image-preview:large, max-video-preview:-1\" \/>\n<link rel=\"canonical\" href=\"https:\/\/catlin.ee\/en\/projects\/jews-harp\/\" \/>\n<meta property=\"og:locale\" content=\"en_US\" \/>\n<meta property=\"og:type\" content=\"article\" \/>\n<meta property=\"og:title\" content=\"Solo jew&#039;s harp - C\u00e4tlin M\u00e4gi\" \/>\n<meta property=\"og:description\" content=\"Solo jew&#039;s harp\" \/>\n<meta property=\"og:url\" content=\"https:\/\/catlin.ee\/en\/projects\/jews-harp\/\" \/>\n<meta property=\"og:site_name\" content=\"C\u00e4tlin M\u00e4gi\" \/>\n<meta property=\"article:modified_time\" content=\"2023-06-04T07:13:42+00:00\" \/>\n<meta property=\"og:image\" content=\"https:\/\/catlin.ee\/wp-content\/uploads\/2020\/01\/3.jpg\" \/>\n\t<meta property=\"og:image:width\" content=\"1400\" \/>\n\t<meta property=\"og:image:height\" content=\"1400\" \/>\n\t<meta property=\"og:image:type\" content=\"image\/jpeg\" \/>\n<meta name=\"twitter:card\" content=\"summary_large_image\" \/>\n<meta name=\"twitter:label1\" content=\"Est. reading time\" \/>\n\t<meta name=\"twitter:data1\" content=\"2 minutes\" \/>\n<script type=\"application\/ld+json\" class=\"yoast-schema-graph\">{\"@context\":\"https:\\\/\\\/schema.org\",\"@graph\":[{\"@type\":\"WebPage\",\"@id\":\"https:\\\/\\\/catlin.ee\\\/en\\\/projects\\\/jews-harp\\\/\",\"url\":\"https:\\\/\\\/catlin.ee\\\/en\\\/projects\\\/jews-harp\\\/\",\"name\":\"Solo jew's harp - C\u00e4tlin M\u00e4gi\",\"isPartOf\":{\"@id\":\"https:\\\/\\\/catlin.ee\\\/#website\"},\"primaryImageOfPage\":{\"@id\":\"https:\\\/\\\/catlin.ee\\\/en\\\/projects\\\/jews-harp\\\/#primaryimage\"},\"image\":{\"@id\":\"https:\\\/\\\/catlin.ee\\\/en\\\/projects\\\/jews-harp\\\/#primaryimage\"},\"thumbnailUrl\":\"https:\\\/\\\/catlin.ee\\\/wp-content\\\/uploads\\\/2020\\\/01\\\/3.jpg\",\"datePublished\":\"2019-04-22T17:06:26+00:00\",\"dateModified\":\"2023-06-04T07:13:42+00:00\",\"description\":\"Solo jew's harp\",\"breadcrumb\":{\"@id\":\"https:\\\/\\\/catlin.ee\\\/en\\\/projects\\\/jews-harp\\\/#breadcrumb\"},\"inLanguage\":\"en-US\",\"potentialAction\":[{\"@type\":\"ReadAction\",\"target\":[\"https:\\\/\\\/catlin.ee\\\/en\\\/projects\\\/jews-harp\\\/\"]}]},{\"@type\":\"ImageObject\",\"inLanguage\":\"en-US\",\"@id\":\"https:\\\/\\\/catlin.ee\\\/en\\\/projects\\\/jews-harp\\\/#primaryimage\",\"url\":\"https:\\\/\\\/catlin.ee\\\/wp-content\\\/uploads\\\/2020\\\/01\\\/3.jpg\",\"contentUrl\":\"https:\\\/\\\/catlin.ee\\\/wp-content\\\/uploads\\\/2020\\\/01\\\/3.jpg\",\"width\":1400,\"height\":1400,\"caption\":\"Solo Jew's Harp\"},{\"@type\":\"BreadcrumbList\",\"@id\":\"https:\\\/\\\/catlin.ee\\\/en\\\/projects\\\/jews-harp\\\/#breadcrumb\",\"itemListElement\":[{\"@type\":\"ListItem\",\"position\":1,\"name\":\"Home\",\"item\":\"https:\\\/\\\/catlin.ee\\\/\"},{\"@type\":\"ListItem\",\"position\":2,\"name\":\"Projects\",\"item\":\"https:\\\/\\\/catlin.ee\\\/en\\\/projects\\\/\"},{\"@type\":\"ListItem\",\"position\":3,\"name\":\"Solo jew&#8217;s harp\"}]},{\"@type\":\"WebSite\",\"@id\":\"https:\\\/\\\/catlin.ee\\\/#website\",\"url\":\"https:\\\/\\\/catlin.ee\\\/\",\"name\":\"C\u00e4tlin M\u00e4gi\",\"description\":\"C\u00e4tlin M\u00e4gi on \u00fcks simapaistvamaid eeskujusid eesti p\u00e4rimusmuusika maastikul\",\"alternateName\":\"CM\",\"potentialAction\":[{\"@type\":\"SearchAction\",\"target\":{\"@type\":\"EntryPoint\",\"urlTemplate\":\"https:\\\/\\\/catlin.ee\\\/?s={search_term_string}\"},\"query-input\":{\"@type\":\"PropertyValueSpecification\",\"valueRequired\":true,\"valueName\":\"search_term_string\"}}],\"inLanguage\":\"en-US\"}]}<\/script>\n<!-- \/ Yoast SEO plugin. -->","yoast_head_json":{"title":"Solo jew's harp - C\u00e4tlin M\u00e4gi","description":"Solo jew's harp","robots":{"index":"index","follow":"follow","max-snippet":"max-snippet:-1","max-image-preview":"max-image-preview:large","max-video-preview":"max-video-preview:-1"},"canonical":"https:\/\/catlin.ee\/en\/projects\/jews-harp\/","og_locale":"en_US","og_type":"article","og_title":"Solo jew's harp - C\u00e4tlin M\u00e4gi","og_description":"Solo jew's harp","og_url":"https:\/\/catlin.ee\/en\/projects\/jews-harp\/","og_site_name":"C\u00e4tlin M\u00e4gi","article_modified_time":"2023-06-04T07:13:42+00:00","og_image":[{"width":1400,"height":1400,"url":"https:\/\/catlin.ee\/wp-content\/uploads\/2020\/01\/3.jpg","type":"image\/jpeg"}],"twitter_card":"summary_large_image","twitter_misc":{"Est. reading time":"2 minutes"},"schema":{"@context":"https:\/\/schema.org","@graph":[{"@type":"WebPage","@id":"https:\/\/catlin.ee\/en\/projects\/jews-harp\/","url":"https:\/\/catlin.ee\/en\/projects\/jews-harp\/","name":"Solo jew's harp - C\u00e4tlin M\u00e4gi","isPartOf":{"@id":"https:\/\/catlin.ee\/#website"},"primaryImageOfPage":{"@id":"https:\/\/catlin.ee\/en\/projects\/jews-harp\/#primaryimage"},"image":{"@id":"https:\/\/catlin.ee\/en\/projects\/jews-harp\/#primaryimage"},"thumbnailUrl":"https:\/\/catlin.ee\/wp-content\/uploads\/2020\/01\/3.jpg","datePublished":"2019-04-22T17:06:26+00:00","dateModified":"2023-06-04T07:13:42+00:00","description":"Solo jew's harp","breadcrumb":{"@id":"https:\/\/catlin.ee\/en\/projects\/jews-harp\/#breadcrumb"},"inLanguage":"en-US","potentialAction":[{"@type":"ReadAction","target":["https:\/\/catlin.ee\/en\/projects\/jews-harp\/"]}]},{"@type":"ImageObject","inLanguage":"en-US","@id":"https:\/\/catlin.ee\/en\/projects\/jews-harp\/#primaryimage","url":"https:\/\/catlin.ee\/wp-content\/uploads\/2020\/01\/3.jpg","contentUrl":"https:\/\/catlin.ee\/wp-content\/uploads\/2020\/01\/3.jpg","width":1400,"height":1400,"caption":"Solo Jew's Harp"},{"@type":"BreadcrumbList","@id":"https:\/\/catlin.ee\/en\/projects\/jews-harp\/#breadcrumb","itemListElement":[{"@type":"ListItem","position":1,"name":"Home","item":"https:\/\/catlin.ee\/"},{"@type":"ListItem","position":2,"name":"Projects","item":"https:\/\/catlin.ee\/en\/projects\/"},{"@type":"ListItem","position":3,"name":"Solo jew&#8217;s harp"}]},{"@type":"WebSite","@id":"https:\/\/catlin.ee\/#website","url":"https:\/\/catlin.ee\/","name":"C\u00e4tlin M\u00e4gi","description":"C\u00e4tlin M\u00e4gi on \u00fcks simapaistvamaid eeskujusid eesti p\u00e4rimusmuusika maastikul","alternateName":"CM","potentialAction":[{"@type":"SearchAction","target":{"@type":"EntryPoint","urlTemplate":"https:\/\/catlin.ee\/?s={search_term_string}"},"query-input":{"@type":"PropertyValueSpecification","valueRequired":true,"valueName":"search_term_string"}}],"inLanguage":"en-US"}]}},"jetpack_sharing_enabled":true,"jetpack_shortlink":"https:\/\/wp.me\/P5m405-iU","_links":{"self":[{"href":"https:\/\/catlin.ee\/en\/wp-json\/wp\/v2\/pages\/1172","targetHints":{"allow":["GET"]}}],"collection":[{"href":"https:\/\/catlin.ee\/en\/wp-json\/wp\/v2\/pages"}],"about":[{"href":"https:\/\/catlin.ee\/en\/wp-json\/wp\/v2\/types\/page"}],"author":[{"embeddable":true,"href":"https:\/\/catlin.ee\/en\/wp-json\/wp\/v2\/users\/2"}],"replies":[{"embeddable":true,"href":"https:\/\/catlin.ee\/en\/wp-json\/wp\/v2\/comments?post=1172"}],"version-history":[{"count":15,"href":"https:\/\/catlin.ee\/en\/wp-json\/wp\/v2\/pages\/1172\/revisions"}],"predecessor-version":[{"id":2542,"href":"https:\/\/catlin.ee\/en\/wp-json\/wp\/v2\/pages\/1172\/revisions\/2542"}],"up":[{"embeddable":true,"href":"https:\/\/catlin.ee\/en\/wp-json\/wp\/v2\/pages\/838"}],"wp:featuredmedia":[{"embeddable":true,"href":"https:\/\/catlin.ee\/en\/wp-json\/wp\/v2\/media\/1466"}],"wp:attachment":[{"href":"https:\/\/catlin.ee\/en\/wp-json\/wp\/v2\/media?parent=1172"}],"curies":[{"name":"wp","href":"https:\/\/api.w.org\/{rel}","templated":true}]}}