{"id":1027,"date":"2018-01-07T18:46:15","date_gmt":"2018-01-07T15:46:15","guid":{"rendered":"https:\/\/catlin.ee\/catlin-magi-solo-piping\/"},"modified":"2020-04-11T09:07:29","modified_gmt":"2020-04-11T06:07:29","slug":"solo-bagpipe","status":"publish","type":"page","link":"https:\/\/catlin.ee\/en\/solo-bagpipe\/","title":{"rendered":"Solo Bagpipe"},"content":{"rendered":"<div class=\"wpb-content-wrapper\"><p>[vc_row][vc_column width=&#8221;1\/2&#8243;][vc_column_text]C\u00e4tlin M\u00e4gi is a leading figure in Estonian piping. A champion of the<em> torupill<\/em>, the Estonian bagpipe, she is a charismatic teacher, researcher, performer and recording artist.<\/p>\n<p><strong><img loading=\"lazy\" decoding=\"async\" class=\"size-medium wp-image-1243 alignnone\" src=\"https:\/\/catlin.ee\/wp-content\/uploads\/2019\/08\/DSC03158a-200x300.jpg\" alt=\"\" width=\"200\" height=\"300\" srcset=\"https:\/\/catlin.ee\/wp-content\/uploads\/2019\/08\/DSC03158a-200x300.jpg 200w, https:\/\/catlin.ee\/wp-content\/uploads\/2019\/08\/DSC03158a-768x1151.jpg 768w, https:\/\/catlin.ee\/wp-content\/uploads\/2019\/08\/DSC03158a-683x1024.jpg 683w, https:\/\/catlin.ee\/wp-content\/uploads\/2019\/08\/DSC03158a-1100x1649.jpg 1100w, https:\/\/catlin.ee\/wp-content\/uploads\/2019\/08\/DSC03158a-300x450.jpg 300w\" sizes=\"auto, (max-width: 200px) 100vw, 200px\" \/><\/strong><\/p>\n<p><strong>C\u00e4tlin<\/strong> is a leading figure in the Estonian piping revival. Having first discovered the Estonian torupill as a teenager, C\u00e4tlin is now a full time professional musician and teacher at the Viljandi Culture Academy. She is also in the know of the musical thinking that has been passed on from generation to generation and has learned, on the basis of archive recordings, from the musicians who themselves learned their tunes traditionally \u2013 by ear \u2013 adding their own idiosyncratic nuances, variety and improvisational elements.<\/p>\n<p>C\u00e4tlin M\u00e4gi has played at many of the festivals in Estonia and abroad expecially bagpipe festivals like Piping Live in Glasgow and Blowout Festival in England.<\/p>\n<p><a href=\"http:\/\/www.bagpipesociety.org.uk\/articles\/2015\/chanter\/summer\/in-the-bag-catlin-magi\/\" target=\"_blank\" rel=\"noopener noreferrer\">More about C\u00e4tlin M\u00e4gi.<\/a><\/p>\n<p><a href=\"https:\/\/catlin.ee\/cd-soolo\/\" target=\"_blank\" rel=\"noopener noreferrer\">CD \u00a0Soolo &#8211; Solo<\/a><\/p>\n<p><a href=\"https:\/\/drive.google.com\/drive\/folders\/10oazD9IVtFvl5A_TYJ-7wg-2UzjUmdcq?usp=sharing\" target=\"_blank\" rel=\"noopener noreferrer\">C \u00c4 T L I N \u00a0 M \u00c4 G I \u00a0 P H O T O S (to download)<\/a>[\/vc_column_text][\/vc_column][vc_column width=&#8221;1\/2&#8243;][vc_video link=&#8221;https:\/\/www.youtube.com\/watch?v=IwwvzDuXNiw&#8221;][vc_video link=&#8221;https:\/\/www.youtube.com\/watch?v=CY2JpY4j0CQ&#8221;][vc_video link=&#8221;https:\/\/www.youtube.com\/watch?v=wOrASoxlfzU&#8221;][\/vc_column][\/vc_row]<\/p>\n<p style=\"text-align: center;\">M O R E \u00a0 I N F O R M A T I O N:<\/p>\n<p><a href=\"https:\/\/wp.me\/P5m405-ps\" target=\"_blank\" rel=\"noopener noreferrer\"><img loading=\"lazy\" decoding=\"async\" class=\"wp-image-1570 aligncenter\" src=\"https:\/\/catlin.ee\/wp-content\/uploads\/2020\/03\/Kaas.jpg\" alt=\"\" width=\"495\" height=\"450\" \/><\/a><\/p>\n<\/div>","protected":false},"excerpt":{"rendered":"<p>[vc_row][vc_column width=&#8221;1\/2&#8243;][vc_column_text]C\u00e4tlin M\u00e4gi is a leading figure in Estonian piping. A champion of the torupill, the Estonian bagpipe, she is&#8230;<\/p>\n","protected":false},"author":2,"featured_media":0,"parent":0,"menu_order":0,"comment_status":"closed","ping_status":"closed","template":"","meta":{"_exactmetrics_skip_tracking":false,"_exactmetrics_sitenote_active":false,"_exactmetrics_sitenote_note":"","_exactmetrics_sitenote_category":0,"jetpack_post_was_ever_published":false,"footnotes":""},"class_list":["post-1027","page","type-page","status-publish","hentry"],"yoast_head":"<!-- This site is optimized with the Yoast SEO plugin v27.5 - https:\/\/yoast.com\/product\/yoast-seo-wordpress\/ -->\n<title>Solo Bagpipe - C\u00e4tlin M\u00e4gi<\/title>\n<meta name=\"description\" content=\"Solo Bagpipe\" \/>\n<meta name=\"robots\" content=\"index, follow, max-snippet:-1, max-image-preview:large, max-video-preview:-1\" \/>\n<link rel=\"canonical\" href=\"https:\/\/catlin.ee\/en\/solo-bagpipe\/\" \/>\n<meta property=\"og:locale\" content=\"en_US\" \/>\n<meta property=\"og:type\" content=\"article\" \/>\n<meta property=\"og:title\" content=\"Solo Bagpipe - C\u00e4tlin M\u00e4gi\" \/>\n<meta property=\"og:description\" content=\"Solo Bagpipe\" \/>\n<meta property=\"og:url\" content=\"https:\/\/catlin.ee\/en\/solo-bagpipe\/\" \/>\n<meta property=\"og:site_name\" content=\"C\u00e4tlin M\u00e4gi\" \/>\n<meta property=\"article:modified_time\" content=\"2020-04-11T06:07:29+00:00\" \/>\n<meta property=\"og:image\" content=\"https:\/\/catlin.ee\/wp-content\/uploads\/2019\/08\/DSC03158a-200x300.jpg\" \/>\n<meta name=\"twitter:card\" content=\"summary_large_image\" \/>\n<meta name=\"twitter:label1\" content=\"Est. reading time\" \/>\n\t<meta name=\"twitter:data1\" content=\"1 minute\" \/>\n<script type=\"application\/ld+json\" class=\"yoast-schema-graph\">{\"@context\":\"https:\\\/\\\/schema.org\",\"@graph\":[{\"@type\":\"WebPage\",\"@id\":\"https:\\\/\\\/catlin.ee\\\/en\\\/solo-bagpipe\\\/\",\"url\":\"https:\\\/\\\/catlin.ee\\\/en\\\/solo-bagpipe\\\/\",\"name\":\"Solo Bagpipe - C\u00e4tlin M\u00e4gi\",\"isPartOf\":{\"@id\":\"https:\\\/\\\/catlin.ee\\\/#website\"},\"primaryImageOfPage\":{\"@id\":\"https:\\\/\\\/catlin.ee\\\/en\\\/solo-bagpipe\\\/#primaryimage\"},\"image\":{\"@id\":\"https:\\\/\\\/catlin.ee\\\/en\\\/solo-bagpipe\\\/#primaryimage\"},\"thumbnailUrl\":\"https:\\\/\\\/catlin.ee\\\/wp-content\\\/uploads\\\/2019\\\/08\\\/DSC03158a-200x300.jpg\",\"datePublished\":\"2018-01-07T15:46:15+00:00\",\"dateModified\":\"2020-04-11T06:07:29+00:00\",\"description\":\"Solo Bagpipe\",\"breadcrumb\":{\"@id\":\"https:\\\/\\\/catlin.ee\\\/en\\\/solo-bagpipe\\\/#breadcrumb\"},\"inLanguage\":\"en-US\",\"potentialAction\":[{\"@type\":\"ReadAction\",\"target\":[\"https:\\\/\\\/catlin.ee\\\/en\\\/solo-bagpipe\\\/\"]}]},{\"@type\":\"ImageObject\",\"inLanguage\":\"en-US\",\"@id\":\"https:\\\/\\\/catlin.ee\\\/en\\\/solo-bagpipe\\\/#primaryimage\",\"url\":\"https:\\\/\\\/catlin.ee\\\/wp-content\\\/uploads\\\/2019\\\/08\\\/DSC03158a-200x300.jpg\",\"contentUrl\":\"https:\\\/\\\/catlin.ee\\\/wp-content\\\/uploads\\\/2019\\\/08\\\/DSC03158a-200x300.jpg\"},{\"@type\":\"BreadcrumbList\",\"@id\":\"https:\\\/\\\/catlin.ee\\\/en\\\/solo-bagpipe\\\/#breadcrumb\",\"itemListElement\":[{\"@type\":\"ListItem\",\"position\":1,\"name\":\"Home\",\"item\":\"https:\\\/\\\/catlin.ee\\\/\"},{\"@type\":\"ListItem\",\"position\":2,\"name\":\"Solo Bagpipe\"}]},{\"@type\":\"WebSite\",\"@id\":\"https:\\\/\\\/catlin.ee\\\/#website\",\"url\":\"https:\\\/\\\/catlin.ee\\\/\",\"name\":\"C\u00e4tlin M\u00e4gi\",\"description\":\"C\u00e4tlin M\u00e4gi on \u00fcks simapaistvamaid eeskujusid eesti p\u00e4rimusmuusika maastikul\",\"alternateName\":\"CM\",\"potentialAction\":[{\"@type\":\"SearchAction\",\"target\":{\"@type\":\"EntryPoint\",\"urlTemplate\":\"https:\\\/\\\/catlin.ee\\\/?s={search_term_string}\"},\"query-input\":{\"@type\":\"PropertyValueSpecification\",\"valueRequired\":true,\"valueName\":\"search_term_string\"}}],\"inLanguage\":\"en-US\"}]}<\/script>\n<!-- \/ Yoast SEO plugin. -->","yoast_head_json":{"title":"Solo Bagpipe - C\u00e4tlin M\u00e4gi","description":"Solo Bagpipe","robots":{"index":"index","follow":"follow","max-snippet":"max-snippet:-1","max-image-preview":"max-image-preview:large","max-video-preview":"max-video-preview:-1"},"canonical":"https:\/\/catlin.ee\/en\/solo-bagpipe\/","og_locale":"en_US","og_type":"article","og_title":"Solo Bagpipe - C\u00e4tlin M\u00e4gi","og_description":"Solo Bagpipe","og_url":"https:\/\/catlin.ee\/en\/solo-bagpipe\/","og_site_name":"C\u00e4tlin M\u00e4gi","article_modified_time":"2020-04-11T06:07:29+00:00","og_image":[{"url":"https:\/\/catlin.ee\/wp-content\/uploads\/2019\/08\/DSC03158a-200x300.jpg","type":"","width":"","height":""}],"twitter_card":"summary_large_image","twitter_misc":{"Est. reading time":"1 minute"},"schema":{"@context":"https:\/\/schema.org","@graph":[{"@type":"WebPage","@id":"https:\/\/catlin.ee\/en\/solo-bagpipe\/","url":"https:\/\/catlin.ee\/en\/solo-bagpipe\/","name":"Solo Bagpipe - C\u00e4tlin M\u00e4gi","isPartOf":{"@id":"https:\/\/catlin.ee\/#website"},"primaryImageOfPage":{"@id":"https:\/\/catlin.ee\/en\/solo-bagpipe\/#primaryimage"},"image":{"@id":"https:\/\/catlin.ee\/en\/solo-bagpipe\/#primaryimage"},"thumbnailUrl":"https:\/\/catlin.ee\/wp-content\/uploads\/2019\/08\/DSC03158a-200x300.jpg","datePublished":"2018-01-07T15:46:15+00:00","dateModified":"2020-04-11T06:07:29+00:00","description":"Solo Bagpipe","breadcrumb":{"@id":"https:\/\/catlin.ee\/en\/solo-bagpipe\/#breadcrumb"},"inLanguage":"en-US","potentialAction":[{"@type":"ReadAction","target":["https:\/\/catlin.ee\/en\/solo-bagpipe\/"]}]},{"@type":"ImageObject","inLanguage":"en-US","@id":"https:\/\/catlin.ee\/en\/solo-bagpipe\/#primaryimage","url":"https:\/\/catlin.ee\/wp-content\/uploads\/2019\/08\/DSC03158a-200x300.jpg","contentUrl":"https:\/\/catlin.ee\/wp-content\/uploads\/2019\/08\/DSC03158a-200x300.jpg"},{"@type":"BreadcrumbList","@id":"https:\/\/catlin.ee\/en\/solo-bagpipe\/#breadcrumb","itemListElement":[{"@type":"ListItem","position":1,"name":"Home","item":"https:\/\/catlin.ee\/"},{"@type":"ListItem","position":2,"name":"Solo Bagpipe"}]},{"@type":"WebSite","@id":"https:\/\/catlin.ee\/#website","url":"https:\/\/catlin.ee\/","name":"C\u00e4tlin M\u00e4gi","description":"C\u00e4tlin M\u00e4gi on \u00fcks simapaistvamaid eeskujusid eesti p\u00e4rimusmuusika maastikul","alternateName":"CM","potentialAction":[{"@type":"SearchAction","target":{"@type":"EntryPoint","urlTemplate":"https:\/\/catlin.ee\/?s={search_term_string}"},"query-input":{"@type":"PropertyValueSpecification","valueRequired":true,"valueName":"search_term_string"}}],"inLanguage":"en-US"}]}},"jetpack_sharing_enabled":true,"jetpack_shortlink":"https:\/\/wp.me\/P5m405-gz","_links":{"self":[{"href":"https:\/\/catlin.ee\/en\/wp-json\/wp\/v2\/pages\/1027","targetHints":{"allow":["GET"]}}],"collection":[{"href":"https:\/\/catlin.ee\/en\/wp-json\/wp\/v2\/pages"}],"about":[{"href":"https:\/\/catlin.ee\/en\/wp-json\/wp\/v2\/types\/page"}],"author":[{"embeddable":true,"href":"https:\/\/catlin.ee\/en\/wp-json\/wp\/v2\/users\/2"}],"replies":[{"embeddable":true,"href":"https:\/\/catlin.ee\/en\/wp-json\/wp\/v2\/comments?post=1027"}],"version-history":[{"count":17,"href":"https:\/\/catlin.ee\/en\/wp-json\/wp\/v2\/pages\/1027\/revisions"}],"predecessor-version":[{"id":1591,"href":"https:\/\/catlin.ee\/en\/wp-json\/wp\/v2\/pages\/1027\/revisions\/1591"}],"wp:attachment":[{"href":"https:\/\/catlin.ee\/en\/wp-json\/wp\/v2\/media?parent=1027"}],"curies":[{"name":"wp","href":"https:\/\/api.w.org\/{rel}","templated":true}]}}