{"id":1011,"date":"2017-12-02T10:26:29","date_gmt":"2017-12-02T07:26:29","guid":{"rendered":"https:\/\/catlin.ee\/projects\/rotoro\/"},"modified":"2019-08-12T12:24:08","modified_gmt":"2019-08-12T09:24:08","slug":"rotoro","status":"publish","type":"page","link":"https:\/\/catlin.ee\/en\/projects\/rotoro\/","title":{"rendered":"RO:TORO"},"content":{"rendered":"<div class=\"wpb-content-wrapper\"><p>[vc_row][vc_column width=&#8221;1\/2&#8243;][vc_column_text]<img loading=\"lazy\" decoding=\"async\" class=\"alignnone wp-image-1298\" src=\"https:\/\/catlin.ee\/wp-content\/uploads\/2019\/08\/009-200x300.jpg\" alt=\"\" width=\"426\" height=\"639\" srcset=\"https:\/\/catlin.ee\/wp-content\/uploads\/2019\/08\/009-200x300.jpg 200w, https:\/\/catlin.ee\/wp-content\/uploads\/2019\/08\/009-768x1152.jpg 768w, https:\/\/catlin.ee\/wp-content\/uploads\/2019\/08\/009-682x1024.jpg 682w, https:\/\/catlin.ee\/wp-content\/uploads\/2019\/08\/009-300x450.jpg 300w, https:\/\/catlin.ee\/wp-content\/uploads\/2019\/08\/009.jpg 853w\" sizes=\"auto, (max-width: 426px) 100vw, 426px\" \/><\/p>\n<p><strong>Sandra Vabarna<\/strong> \u2013 Estonian bagpipe, whistle, Jew\u2019s-harp<\/p>\n<p><strong>C\u00e4tlin M\u00e4gi<\/strong> \u2013 Estonian bagpipe, whistle, Jew\u2019s-harp<\/p>\n<p><strong>Marko M\u00e4gi<\/strong> \u2013 soprano and tenor saxophone<\/p>\n<p><strong>Marek Talts<\/strong> \u2013 electric guitar<\/p>\n<p><strong>Silver Sepp<\/strong> \u2013 bowl and spoke instruments, vocal[\/vc_column_text][\/vc_column][vc_column width=&#8221;1\/2&#8243;][vc_column_text]The innovative Estonian traditional music band RO:TORO plays mainly traditional bagpipe tunes. The saxophone and percussion instruments add a modern sound to the bagpipes while the underlying soundscape remains primeval and bagpipe-centred. C\u00e4tlin M\u00e4gi has studied Estonian bagpipe in the UT Viljandi Culture Academy. Sandra Vabarna has been her student for 15 years. They have developed a magnificent musical understanding of each other. Marko M\u00e4gi adds freshness with his saxophone jazz and spices the music up with surprising improvisations. Silver Sepp creates unique sound and rhythm universes playing with water drums and bicycle spokes. Marek Talts on the electric guitar messes it all up \u2013 jazz guitar in his hands can suddenly become an electric traditional instrument or something else. The age of Estonian bagpipe music is measured in hundreds of years. The medium age of the members of RO:TORO is 37, they stand firmly in the present day with both of their feet and believe that their music can, at the best of times, cross the border to the future.[\/vc_column_text][\/vc_column][\/vc_row][vc_row][vc_column width=&#8221;1\/2&#8243;][vc_video link=&#8221;https:\/\/www.youtube.com\/watch?v=HbTb4DExfVo&#8221;][\/vc_column][vc_column width=&#8221;1\/2&#8243;][vc_video link=&#8221;https:\/\/www.youtube.com\/watch?v=BU3orvM2GvU&#8221;][\/vc_column][\/vc_row]<\/p>\n<\/div>","protected":false},"excerpt":{"rendered":"<p>[vc_row][vc_column width=&#8221;1\/2&#8243;][vc_column_text] Sandra Vabarna \u2013 Estonian bagpipe, whistle, Jew\u2019s-harp C\u00e4tlin M\u00e4gi \u2013 Estonian bagpipe, whistle, Jew\u2019s-harp Marko M\u00e4gi \u2013 soprano&#8230;<\/p>\n","protected":false},"author":2,"featured_media":0,"parent":838,"menu_order":0,"comment_status":"closed","ping_status":"closed","template":"","meta":{"_exactmetrics_skip_tracking":false,"_exactmetrics_sitenote_active":false,"_exactmetrics_sitenote_note":"","_exactmetrics_sitenote_category":0,"jetpack_post_was_ever_published":false,"footnotes":""},"class_list":["post-1011","page","type-page","status-publish","hentry"],"yoast_head":"<!-- This site is optimized with the Yoast SEO plugin v27.3 - https:\/\/yoast.com\/product\/yoast-seo-wordpress\/ -->\n<title>RO:TORO - C\u00e4tlin M\u00e4gi<\/title>\n<meta name=\"description\" content=\"RO:TORO\" \/>\n<meta name=\"robots\" content=\"index, follow, max-snippet:-1, max-image-preview:large, max-video-preview:-1\" \/>\n<link rel=\"canonical\" href=\"https:\/\/catlin.ee\/en\/projects\/rotoro\/\" \/>\n<meta property=\"og:locale\" content=\"en_US\" \/>\n<meta property=\"og:type\" content=\"article\" \/>\n<meta property=\"og:title\" content=\"RO:TORO - C\u00e4tlin M\u00e4gi\" \/>\n<meta property=\"og:description\" content=\"RO:TORO\" \/>\n<meta property=\"og:url\" content=\"https:\/\/catlin.ee\/en\/projects\/rotoro\/\" \/>\n<meta property=\"og:site_name\" content=\"C\u00e4tlin M\u00e4gi\" \/>\n<meta property=\"article:modified_time\" content=\"2019-08-12T09:24:08+00:00\" \/>\n<meta property=\"og:image\" content=\"https:\/\/catlin.ee\/wp-content\/uploads\/2019\/08\/009-200x300.jpg\" \/>\n<meta name=\"twitter:card\" content=\"summary_large_image\" \/>\n<meta name=\"twitter:label1\" content=\"Est. reading time\" \/>\n\t<meta name=\"twitter:data1\" content=\"1 minute\" \/>\n<script type=\"application\/ld+json\" class=\"yoast-schema-graph\">{\"@context\":\"https:\\\/\\\/schema.org\",\"@graph\":[{\"@type\":\"WebPage\",\"@id\":\"https:\\\/\\\/catlin.ee\\\/en\\\/projects\\\/rotoro\\\/\",\"url\":\"https:\\\/\\\/catlin.ee\\\/en\\\/projects\\\/rotoro\\\/\",\"name\":\"RO:TORO - C\u00e4tlin M\u00e4gi\",\"isPartOf\":{\"@id\":\"https:\\\/\\\/catlin.ee\\\/#website\"},\"primaryImageOfPage\":{\"@id\":\"https:\\\/\\\/catlin.ee\\\/en\\\/projects\\\/rotoro\\\/#primaryimage\"},\"image\":{\"@id\":\"https:\\\/\\\/catlin.ee\\\/en\\\/projects\\\/rotoro\\\/#primaryimage\"},\"thumbnailUrl\":\"https:\\\/\\\/catlin.ee\\\/wp-content\\\/uploads\\\/2019\\\/08\\\/009-200x300.jpg\",\"datePublished\":\"2017-12-02T07:26:29+00:00\",\"dateModified\":\"2019-08-12T09:24:08+00:00\",\"description\":\"RO:TORO\",\"breadcrumb\":{\"@id\":\"https:\\\/\\\/catlin.ee\\\/en\\\/projects\\\/rotoro\\\/#breadcrumb\"},\"inLanguage\":\"en-US\",\"potentialAction\":[{\"@type\":\"ReadAction\",\"target\":[\"https:\\\/\\\/catlin.ee\\\/en\\\/projects\\\/rotoro\\\/\"]}]},{\"@type\":\"ImageObject\",\"inLanguage\":\"en-US\",\"@id\":\"https:\\\/\\\/catlin.ee\\\/en\\\/projects\\\/rotoro\\\/#primaryimage\",\"url\":\"https:\\\/\\\/catlin.ee\\\/wp-content\\\/uploads\\\/2019\\\/08\\\/009-200x300.jpg\",\"contentUrl\":\"https:\\\/\\\/catlin.ee\\\/wp-content\\\/uploads\\\/2019\\\/08\\\/009-200x300.jpg\"},{\"@type\":\"BreadcrumbList\",\"@id\":\"https:\\\/\\\/catlin.ee\\\/en\\\/projects\\\/rotoro\\\/#breadcrumb\",\"itemListElement\":[{\"@type\":\"ListItem\",\"position\":1,\"name\":\"Home\",\"item\":\"https:\\\/\\\/catlin.ee\\\/\"},{\"@type\":\"ListItem\",\"position\":2,\"name\":\"Projects\",\"item\":\"https:\\\/\\\/catlin.ee\\\/en\\\/projects\\\/\"},{\"@type\":\"ListItem\",\"position\":3,\"name\":\"RO:TORO\"}]},{\"@type\":\"WebSite\",\"@id\":\"https:\\\/\\\/catlin.ee\\\/#website\",\"url\":\"https:\\\/\\\/catlin.ee\\\/\",\"name\":\"C\u00e4tlin M\u00e4gi\",\"description\":\"C\u00e4tlin M\u00e4gi on \u00fcks simapaistvamaid eeskujusid eesti p\u00e4rimusmuusika maastikul\",\"alternateName\":\"CM\",\"potentialAction\":[{\"@type\":\"SearchAction\",\"target\":{\"@type\":\"EntryPoint\",\"urlTemplate\":\"https:\\\/\\\/catlin.ee\\\/?s={search_term_string}\"},\"query-input\":{\"@type\":\"PropertyValueSpecification\",\"valueRequired\":true,\"valueName\":\"search_term_string\"}}],\"inLanguage\":\"en-US\"}]}<\/script>\n<!-- \/ Yoast SEO plugin. -->","yoast_head_json":{"title":"RO:TORO - C\u00e4tlin M\u00e4gi","description":"RO:TORO","robots":{"index":"index","follow":"follow","max-snippet":"max-snippet:-1","max-image-preview":"max-image-preview:large","max-video-preview":"max-video-preview:-1"},"canonical":"https:\/\/catlin.ee\/en\/projects\/rotoro\/","og_locale":"en_US","og_type":"article","og_title":"RO:TORO - C\u00e4tlin M\u00e4gi","og_description":"RO:TORO","og_url":"https:\/\/catlin.ee\/en\/projects\/rotoro\/","og_site_name":"C\u00e4tlin M\u00e4gi","article_modified_time":"2019-08-12T09:24:08+00:00","og_image":[{"url":"https:\/\/catlin.ee\/wp-content\/uploads\/2019\/08\/009-200x300.jpg","type":"","width":"","height":""}],"twitter_card":"summary_large_image","twitter_misc":{"Est. reading time":"1 minute"},"schema":{"@context":"https:\/\/schema.org","@graph":[{"@type":"WebPage","@id":"https:\/\/catlin.ee\/en\/projects\/rotoro\/","url":"https:\/\/catlin.ee\/en\/projects\/rotoro\/","name":"RO:TORO - C\u00e4tlin M\u00e4gi","isPartOf":{"@id":"https:\/\/catlin.ee\/#website"},"primaryImageOfPage":{"@id":"https:\/\/catlin.ee\/en\/projects\/rotoro\/#primaryimage"},"image":{"@id":"https:\/\/catlin.ee\/en\/projects\/rotoro\/#primaryimage"},"thumbnailUrl":"https:\/\/catlin.ee\/wp-content\/uploads\/2019\/08\/009-200x300.jpg","datePublished":"2017-12-02T07:26:29+00:00","dateModified":"2019-08-12T09:24:08+00:00","description":"RO:TORO","breadcrumb":{"@id":"https:\/\/catlin.ee\/en\/projects\/rotoro\/#breadcrumb"},"inLanguage":"en-US","potentialAction":[{"@type":"ReadAction","target":["https:\/\/catlin.ee\/en\/projects\/rotoro\/"]}]},{"@type":"ImageObject","inLanguage":"en-US","@id":"https:\/\/catlin.ee\/en\/projects\/rotoro\/#primaryimage","url":"https:\/\/catlin.ee\/wp-content\/uploads\/2019\/08\/009-200x300.jpg","contentUrl":"https:\/\/catlin.ee\/wp-content\/uploads\/2019\/08\/009-200x300.jpg"},{"@type":"BreadcrumbList","@id":"https:\/\/catlin.ee\/en\/projects\/rotoro\/#breadcrumb","itemListElement":[{"@type":"ListItem","position":1,"name":"Home","item":"https:\/\/catlin.ee\/"},{"@type":"ListItem","position":2,"name":"Projects","item":"https:\/\/catlin.ee\/en\/projects\/"},{"@type":"ListItem","position":3,"name":"RO:TORO"}]},{"@type":"WebSite","@id":"https:\/\/catlin.ee\/#website","url":"https:\/\/catlin.ee\/","name":"C\u00e4tlin M\u00e4gi","description":"C\u00e4tlin M\u00e4gi on \u00fcks simapaistvamaid eeskujusid eesti p\u00e4rimusmuusika maastikul","alternateName":"CM","potentialAction":[{"@type":"SearchAction","target":{"@type":"EntryPoint","urlTemplate":"https:\/\/catlin.ee\/?s={search_term_string}"},"query-input":{"@type":"PropertyValueSpecification","valueRequired":true,"valueName":"search_term_string"}}],"inLanguage":"en-US"}]}},"jetpack_sharing_enabled":true,"jetpack_shortlink":"https:\/\/wp.me\/P5m405-gj","_links":{"self":[{"href":"https:\/\/catlin.ee\/en\/wp-json\/wp\/v2\/pages\/1011","targetHints":{"allow":["GET"]}}],"collection":[{"href":"https:\/\/catlin.ee\/en\/wp-json\/wp\/v2\/pages"}],"about":[{"href":"https:\/\/catlin.ee\/en\/wp-json\/wp\/v2\/types\/page"}],"author":[{"embeddable":true,"href":"https:\/\/catlin.ee\/en\/wp-json\/wp\/v2\/users\/2"}],"replies":[{"embeddable":true,"href":"https:\/\/catlin.ee\/en\/wp-json\/wp\/v2\/comments?post=1011"}],"version-history":[{"count":3,"href":"https:\/\/catlin.ee\/en\/wp-json\/wp\/v2\/pages\/1011\/revisions"}],"predecessor-version":[{"id":1300,"href":"https:\/\/catlin.ee\/en\/wp-json\/wp\/v2\/pages\/1011\/revisions\/1300"}],"up":[{"embeddable":true,"href":"https:\/\/catlin.ee\/en\/wp-json\/wp\/v2\/pages\/838"}],"wp:attachment":[{"href":"https:\/\/catlin.ee\/en\/wp-json\/wp\/v2\/media?parent=1011"}],"curies":[{"name":"wp","href":"https:\/\/api.w.org\/{rel}","templated":true}]}}